{"id":1027,"date":"2018-10-30T15:25:04","date_gmt":"2018-10-30T13:25:04","guid":{"rendered":"http:\/\/91.220.156.17\/?page_id=1027"},"modified":"2026-04-17T12:01:41","modified_gmt":"2026-04-17T11:01:41","slug":"jedilnik","status":"publish","type":"page","link":"https:\/\/www.oslivade.si\/?page_id=1027","title":{"rendered":"JEDILNIK"},"content":{"rendered":"<p>[vc_row][vc_column][vc_column_text]<\/p>\n<table id=\"table1\">\n<tbody>\n<tr>\n<th width=\"12%\">20. 4. &#8211; 24. 4.<br \/>\n2026<\/th>\n<th width=\"22%\">Zajtrk<\/th>\n<th width=\"22%\">Malica<\/th>\n<th width=\"22%\">Kosilo<\/th>\n<th width=\"22%\">Malica,<br \/>\npodalj\u0161ano bivanje<\/th>\n<\/tr>\n<tr>\n<td>PONEDELJEK<\/td>\n<td>Kruh s semeni G, puranja salama, \u010daj<\/td>\n<td>Koruzni kosmi\u010di, GASLO, mleko L, banana, sadje<\/td>\n<td>Svinjski zrezki v naravni omaki, zdrobovi cmoki, zelena solata in rde\u010da pesa G-P\u0160, J, L<\/td>\n<td>Sadni jogurt L, kruh G<\/td>\n<\/tr>\n<tr>\n<td>TOREK<\/td>\n<td>Biopirin kruh G, maslo L, \u010daj, sadje<\/td>\n<td>Graham \u017eemlja G, Viki namaz LOAS, BIO mleko L, sadje<\/td>\n<td>Fi\u017eolova mine\u0161tra, pecivo G-P\u0160, L<\/td>\n<td>Kruh s semeni G, pa\u0161teta ARGETA (koko\u0161ja) LJS, voda<\/td>\n<\/tr>\n<tr>\n<td>SREDA<\/td>\n<td>Polbeli kruh G, sir L, \u010daj, sadje<\/td>\n<td>\u017demlja s semeni G, maslo L, med, \u010daj, sadje, EU\u0160S:jabolka<\/td>\n<td>Testenine z bolonjez omako, trdi ribani sir, zelena solata in radi\u010d G-P\u0160,J,L<\/td>\n<td>Sadni kola\u010d JLG, sok<\/td>\n<\/tr>\n<tr>\n<td>\u010cETRTEK<\/td>\n<td>Mleko L, \u010cokolino GSLO, sadje<\/td>\n<td>R\u017eena \u017eemlja G, salama, sok, sadje<\/td>\n<td>Bistra juha z zakuho, kuhana govedina, pire krompir, du\u0161en grah, zelena solata LZ, G-P\u0160,J<\/td>\n<td>Sadje, masleni keksi JGL<\/td>\n<\/tr>\n<tr>\n<td>PETEK<\/td>\n<td>Ovsen kruh G, marmelada, \u010daj, sadje<\/td>\n<td>Sadni jogurt L, mle\u010dni kifelj G, sadje<\/td>\n<td>Paniran pi\u0161\u010dan\u010dji zrezek, pra\u017een krompir, kajmak, zeljna solata G-P\u0160,J,L<\/td>\n<td>Grisini G, sok 100%<\/td>\n<\/tr>\n<\/tbody>\n<\/table>\n<p><strong>V primeru, da ni mogo\u010de zagotoviti ustreznih \u017eivil, si pridr\u017eujemo pravico do spremembe jedilnika.<\/strong><\/p>\n<p><strong>EU\u0160S (dodatno sadje in zelenjava iz EU \u0160olske sheme)<\/strong><\/p>\n","protected":false},"excerpt":{"rendered":"<p>[vc_row][vc_column][vc_column_text] 20. 4. &#8211; 24. 4. 2026 Zajtrk Malica Kosilo Malica, podalj\u0161ano bivanje PONEDELJEK Kruh s semeni G, puranja salama,&nbsp;<a href=\"https:\/\/www.oslivade.si\/?page_id=1027\">&hellip;<\/a><\/p>\n","protected":false},"author":1,"featured_media":0,"parent":0,"menu_order":0,"comment_status":"closed","ping_status":"closed","template":"","meta":{"ngg_post_thumbnail":0,"footnotes":""},"class_list":["post-1027","page","type-page","status-publish","hentry","odd"],"_links":{"self":[{"href":"https:\/\/www.oslivade.si\/index.php?rest_route=\/wp\/v2\/pages\/1027"}],"collection":[{"href":"https:\/\/www.oslivade.si\/index.php?rest_route=\/wp\/v2\/pages"}],"about":[{"href":"https:\/\/www.oslivade.si\/index.php?rest_route=\/wp\/v2\/types\/page"}],"author":[{"embeddable":true,"href":"https:\/\/www.oslivade.si\/index.php?rest_route=\/wp\/v2\/users\/1"}],"replies":[{"embeddable":true,"href":"https:\/\/www.oslivade.si\/index.php?rest_route=%2Fwp%2Fv2%2Fcomments&post=1027"}],"version-history":[{"count":332,"href":"https:\/\/www.oslivade.si\/index.php?rest_route=\/wp\/v2\/pages\/1027\/revisions"}],"predecessor-version":[{"id":18330,"href":"https:\/\/www.oslivade.si\/index.php?rest_route=\/wp\/v2\/pages\/1027\/revisions\/18330"}],"wp:attachment":[{"href":"https:\/\/www.oslivade.si\/index.php?rest_route=%2Fwp%2Fv2%2Fmedia&parent=1027"}],"curies":[{"name":"wp","href":"https:\/\/api.w.org\/{rel}","templated":true}]}}