{"id":1091,"date":"2018-11-04T23:18:44","date_gmt":"2018-11-04T21:18:44","guid":{"rendered":"http:\/\/91.220.156.17\/?page_id=1091"},"modified":"2018-12-05T15:50:28","modified_gmt":"2018-12-05T13:50:28","slug":"sah-1-sah-2-sah-3","status":"publish","type":"page","link":"https:\/\/www.oslivade.si\/?page_id=1091","title":{"rendered":"\u0160AH-1, \u0160AH-2, \u0160AH-3"},"content":{"rendered":"<p>[vc_row][vc_column width=&#8221;1\/3&#8243;][vc_single_image image=&#8221;4138&#8243; img_size=&#8221;medium&#8221;][\/vc_column][vc_column width=&#8221;2\/3&#8243;][vc_column_text]<\/p>\n<table id=\"table2\">\n<tbody>\n<tr>\n<th colspan=\"2\">\u0160AH-1, \u0160AH-2, \u0160AH-3<\/th>\n<\/tr>\n<tr>\n<td width=\"200\">\u0160tevilo ur tedensko:<\/td>\n<td>1<\/td>\n<\/tr>\n<tr>\n<td>Izbira:<\/td>\n<td>Triletni predmet 7., 8. in 9. razred<\/td>\n<\/tr>\n<tr>\n<td>Nosilec:<\/td>\n<td>Du\u0161an Gabrijel<\/td>\n<\/tr>\n<\/tbody>\n<\/table>\n<p>[\/vc_column_text][\/vc_column][\/vc_row][vc_row][vc_column][vc_column_text]Izbirni predmet \u0161ah se bo izvajal v triletnem obdobju, lahko pa tudi v kraj\u0161em obdobju. V prvem letu, (\u0160AH-1) se bodo izvajale zgolj \u0161ahovske osnove (7. r.), v naslednjem letu \u0161ahovsko kombiniranje (8. r) in v zadnjem letu \u0161e \u0161ahovske strategije (9. r.). U\u010denci iz 7. razredov bodo obiskovali \u0161ahovske osnove, u\u010denci iz 8. razredov, \u0161ahovsko kombiniranje in u\u010denci iz 9. razredov \u0161ahovske strategije. Vsakemu novemu u\u010dencu, ki ni obiskoval \u0161ahovskih osnov (iz 8. ali 9. razreda) se v za\u010detku \u0161olskega leta omogo\u010di, da osvoji temeljna znanja \u0161ahovskih osnov.<\/p>\n<p>\u0160ah je strate\u0161ka in najbolj raz\u0161irjena miselna igra na svetu. Predstavlja podro\u010dje kulture in dedi\u0161\u010dine \u010dlove\u0161ke civilizacije z bogato tradicijo. Za u\u010dence je pomemben na kulturnem in vzgojnem podro\u010dju. Raziskave in pedago\u0161ka praksa potrjujejo pozitivne rezultate \u0161ahovske igre na otrokov razvoj \u0161e posebej v osnovno\u0161olskem obdobju. To je tudi razlog, da je \u0161ah prisoten na ve\u010d kot 200 osnovnih \u0161olah po Sloveniji.<\/p>\n<p>Nekaj prednosti \u0161ahovske igre:<\/p>\n<ul>\n<li>\u0160AH KREPI SPOMIN, IZBOLJ\u0160UJE KONCENTRACIJO, RAZVIJA LOGI\u010cNO MI\u0160LJENJE!<\/li>\n<li>\u0160AH VZPODBUJA IN RAZVIJA ODGOVORNOST &#8211; \u0160AHIST JE ODVISEN SAMO OD SEBE \u2013 JE ODGOVOREN.<\/li>\n<li>\u0160AH VZPODBUJA KULTURNO VEDENJE, STISK ROKE\u2026<\/li>\n<\/ul>\n<p>V programu \u0160AH-1 se bomo v 35 urah seznanili s \u0161ahovsko kulturo, pravili \u0161ahovske igre, notacijo, primeri napada in obramb ter matiranja. Iskali bomo najbolj\u0161e poteze. Pomagali si bomo z ra\u010dunalni\u0161kimi programi. Skupaj in posamezno bomo re\u0161evali manj ali bolj zapletene \u0161ahovske situacije. Veliko bomo seveda tudi igrali in se (po \u017eelji) udele\u017eevali tekmovanj. Ocena ne bo toliko odvisna od rezultatske uspe\u0161nosti, saj je prvo leto namenjeno predvsem osnovnemu znanju, kot seveda poznavanju pravil, kulture ipd.[\/vc_column_text][\/vc_column][\/vc_row]<\/p>\n","protected":false},"excerpt":{"rendered":"<p>[vc_row][vc_column width=&#8221;1\/3&#8243;][vc_single_image image=&#8221;4138&#8243; img_size=&#8221;medium&#8221;][\/vc_column][vc_column width=&#8221;2\/3&#8243;][vc_column_text] \u0160AH-1, \u0160AH-2, \u0160AH-3 \u0160tevilo ur tedensko: 1 Izbira: Triletni predmet 7., 8. in 9. razred&nbsp;<a href=\"https:\/\/www.oslivade.si\/?page_id=1091\">&hellip;<\/a><\/p>\n","protected":false},"author":1,"featured_media":0,"parent":0,"menu_order":0,"comment_status":"closed","ping_status":"closed","template":"","meta":{"ngg_post_thumbnail":0,"footnotes":""},"class_list":["post-1091","page","type-page","status-publish","hentry","odd"],"_links":{"self":[{"href":"https:\/\/www.oslivade.si\/index.php?rest_route=\/wp\/v2\/pages\/1091"}],"collection":[{"href":"https:\/\/www.oslivade.si\/index.php?rest_route=\/wp\/v2\/pages"}],"about":[{"href":"https:\/\/www.oslivade.si\/index.php?rest_route=\/wp\/v2\/types\/page"}],"author":[{"embeddable":true,"href":"https:\/\/www.oslivade.si\/index.php?rest_route=\/wp\/v2\/users\/1"}],"replies":[{"embeddable":true,"href":"https:\/\/www.oslivade.si\/index.php?rest_route=%2Fwp%2Fv2%2Fcomments&post=1091"}],"version-history":[{"count":8,"href":"https:\/\/www.oslivade.si\/index.php?rest_route=\/wp\/v2\/pages\/1091\/revisions"}],"predecessor-version":[{"id":4144,"href":"https:\/\/www.oslivade.si\/index.php?rest_route=\/wp\/v2\/pages\/1091\/revisions\/4144"}],"wp:attachment":[{"href":"https:\/\/www.oslivade.si\/index.php?rest_route=%2Fwp%2Fv2%2Fmedia&parent=1091"}],"curies":[{"name":"wp","href":"https:\/\/api.w.org\/{rel}","templated":true}]}}