{"id":113,"date":"2018-10-16T12:23:49","date_gmt":"2018-10-16T12:23:49","guid":{"rendered":"http:\/\/91.220.156.17\/?page_id=113"},"modified":"2025-09-09T08:35:08","modified_gmt":"2025-09-09T07:35:08","slug":"solski-zvonec","status":"publish","type":"page","link":"https:\/\/www.oslivade.si\/?page_id=113","title":{"rendered":"\u0160OLSKI KOLEDAR"},"content":{"rendered":"<p><strong>POUK<br \/>\n<\/strong><\/p>\n<p>V tem \u0161olskem letu 2025\/26 je <strong>190<\/strong> \u0161olskih&nbsp;dni&nbsp;in&nbsp;<strong>183<\/strong> za u\u010dence devetih razredov. Pri\u010dne&nbsp;se <strong>1. septembra 2025 in kon\u010da 24. junija 2026 (9. r. \u2013 12. junija 2026).<\/strong><\/p>\n<p>Razdeljen je na 2 ocenjevalni obdobji:<\/p>\n<ul>\n<li>ocenjevalno obdobje: od 1. septembra 2025 do 31. januarja 2026.<\/li>\n<li>ocenjevalno obdobje: od 1. februarja do 24. junija 2026 oz. 15. junija za u\u010dence 9. razreda.<\/li>\n<\/ul>\n<p>Ob koncu vsakega ocenjevalnega obdobja bomo star\u0161e obvestili o dose\u017eenem uspehu.<\/p>\n<p><strong>PO\u010cITNICE<\/strong><\/p>\n<table id=\"table1\">\n<tbody>\n<tr>\n<th width=\"50%\">Po\u010ditnice<\/th>\n<th width=\"50%\">Datum<\/th>\n<\/tr>\n<tr>\n<td>Jesenske po\u010ditnice<\/td>\n<td>27. 10. 2025 &#8211; 31. 10. 2025<\/td>\n<\/tr>\n<tr>\n<td>Novoletne po\u010ditnice<\/td>\n<td>25. 12. 2025 &#8211; 2. 1. 2026<\/td>\n<\/tr>\n<tr>\n<td>Zimske po\u010ditnice<\/td>\n<td>16. 2. 2026 &#8211; 20. 2. 2026<\/td>\n<\/tr>\n<tr>\n<td>Prvomajske po\u010ditnice<\/td>\n<td>27. 4. 2026 &#8211; 1. 5. 2026<\/td>\n<\/tr>\n<tr>\n<td>Poletne po\u010ditnice<\/td>\n<td>26. 6. 2026 &#8211; 31. 8. 2026<\/td>\n<\/tr>\n<\/tbody>\n<\/table>\n<p><strong>PROSTI DNEVI<\/strong><\/p>\n<table id=\"table1\">\n<tbody>\n<tr>\n<th width=\"50%\">Pouka prost dan<\/th>\n<th width=\"50%\">Datum<\/th>\n<\/tr>\n<tr>\n<td>Dan reformacije<\/td>\n<td>31. 10. 2025<\/td>\n<\/tr>\n<tr>\n<td>Dan spomina na mrtve<\/td>\n<td>1. 11. 2025<\/td>\n<\/tr>\n<tr>\n<td>Bo\u017ei\u010d<\/td>\n<td>25. 12. 2025<\/td>\n<\/tr>\n<tr>\n<td>Dan samostojnosti in enotnosti<\/td>\n<td>26. 12. 2025<\/td>\n<\/tr>\n<tr>\n<td>Novo leto<\/td>\n<td>1. 1. in 2. 1. 2026<\/td>\n<\/tr>\n<tr>\n<td>Pre\u0161ernov dan, slovenski kulturni praznik<\/td>\n<td>8. 2. 2026<\/td>\n<\/tr>\n<tr>\n<td>Informativna dneva za vpis v srednje \u0161ole (9. razred)<\/td>\n<td>13. 2. &#8211; 14. 2. 2026<\/td>\n<\/tr>\n<tr>\n<td>Velikono\u010dni ponedeljek<\/td>\n<td>6. 4. 2026<\/td>\n<\/tr>\n<tr>\n<td>Dan upora proti okupatorju<\/td>\n<td>27. 4. 2026<\/td>\n<\/tr>\n<tr>\n<td>Praznik dela<\/td>\n<td>1. 5. in 2. 5. 2026<\/td>\n<\/tr>\n<tr>\n<td>&nbsp;<\/td>\n<td>&nbsp;<\/td>\n<\/tr>\n<tr>\n<td>Dan dr\u017eavnosti<\/td>\n<td>25. 6. 2025<\/td>\n<\/tr>\n<\/tbody>\n<\/table>\n<p>&nbsp;<\/p>\n<p><strong>TERMINI IZVAJANJA NACIONALNEGA PREVERJANJA ZNANJA:<\/strong><\/p>\n<p>Redni rok za preverjanje znanja za u\u010dence 3., 6. in 9. razreda:<\/p>\n<ul>\n<li>ponedeljek, 23. 3. 2026 \u2013 sloven\u0161\u010dina&nbsp; (3., 6. in 9. razred)<\/li>\n<li>sreda, 25. 3. 2026 \u2013 angle\u0161\u010dina (6. razred) in tehnika in tehnologija (9. razred)<\/li>\n<li>torek, 31. 3. 2026 \u2013 matematika (3., 6. in 9. razred)<\/li>\n<\/ul>\n<p><strong>&nbsp;<\/strong><\/p>\n<p><strong>ROKI ZA PREDMETNE, RAZREDNE IN POPRAVNE IZPITE: <\/strong><\/p>\n<ul>\n<li>od 16. junija do 30. junija 2026 za u\u010dence 9. razreda,&nbsp;<\/li>\n<li>od 26. junija do 9. julija 2026 za u\u010dence 1. do 8. razreda,&nbsp;<\/li>\n<li>od 18. avgusta do 31. avgusta 2026 za u\u010dence od 1. do 9. razreda.&nbsp;<\/li>\n<\/ul>\n<p><strong>&nbsp;<\/strong><\/p>\n<p><strong>ROKI ZA OCENJEVANJE ZNANJA U\u010cENCEV, KI SE IZOBRA\u017dUJEJO NA DOMU: <\/strong><\/p>\n<ul>\n<li>od 2. februarja do 15. junija 2026 za u\u010dence 9. razreda,&nbsp;<\/li>\n<li>od 2. februarja do 24. junija 2026 za u\u010dence 1. do 8. razreda,&nbsp;<\/li>\n<li>od 18. avgusta do 31. avgusta 2026 za u\u010dence od 1. do 9. razreda.&nbsp;<\/li>\n<\/ul>\n","protected":false},"excerpt":{"rendered":"<p>POUK V tem \u0161olskem letu 2025\/26 je 190 \u0161olskih&nbsp;dni&nbsp;in&nbsp;183 za u\u010dence devetih razredov. Pri\u010dne&nbsp;se 1. septembra 2025 in kon\u010da 24.&nbsp;<a href=\"https:\/\/www.oslivade.si\/?page_id=113\">&hellip;<\/a><\/p>\n","protected":false},"author":1,"featured_media":0,"parent":103,"menu_order":0,"comment_status":"closed","ping_status":"closed","template":"","meta":{"ngg_post_thumbnail":0,"footnotes":""},"class_list":["post-113","page","type-page","status-publish","hentry","odd"],"_links":{"self":[{"href":"https:\/\/www.oslivade.si\/index.php?rest_route=\/wp\/v2\/pages\/113"}],"collection":[{"href":"https:\/\/www.oslivade.si\/index.php?rest_route=\/wp\/v2\/pages"}],"about":[{"href":"https:\/\/www.oslivade.si\/index.php?rest_route=\/wp\/v2\/types\/page"}],"author":[{"embeddable":true,"href":"https:\/\/www.oslivade.si\/index.php?rest_route=\/wp\/v2\/users\/1"}],"replies":[{"embeddable":true,"href":"https:\/\/www.oslivade.si\/index.php?rest_route=%2Fwp%2Fv2%2Fcomments&post=113"}],"version-history":[{"count":27,"href":"https:\/\/www.oslivade.si\/index.php?rest_route=\/wp\/v2\/pages\/113\/revisions"}],"predecessor-version":[{"id":17797,"href":"https:\/\/www.oslivade.si\/index.php?rest_route=\/wp\/v2\/pages\/113\/revisions\/17797"}],"up":[{"embeddable":true,"href":"https:\/\/www.oslivade.si\/index.php?rest_route=\/wp\/v2\/pages\/103"}],"wp:attachment":[{"href":"https:\/\/www.oslivade.si\/index.php?rest_route=%2Fwp%2Fv2%2Fmedia&parent=113"}],"curies":[{"name":"wp","href":"https:\/\/api.w.org\/{rel}","templated":true}]}}