{"id":115,"date":"2018-10-16T12:23:59","date_gmt":"2018-10-16T12:23:59","guid":{"rendered":"http:\/\/91.220.156.17\/?page_id=115"},"modified":"2024-04-09T07:11:30","modified_gmt":"2024-04-09T06:11:30","slug":"knjiznica","status":"publish","type":"page","link":"https:\/\/www.oslivade.si\/?page_id=115","title":{"rendered":"KNJI\u017dNICA"},"content":{"rendered":"<p>\u0160olska knji\u017enica se s specifi\u010dno zbirko knji\u017eni\u010dnega gradiva in raznovrstnimi oblikami dela aktivno vklju\u010duje v vzgojno-izobra\u017eevalni proces. Uporabniki \u0161olske knji\u017enice so tako u\u010denci kot strokovni delavci, ki knji\u017enico oblikujejo kot klubski prostor in informacijsko sredi\u0161\u010de obenem.<span class=\"Apple-converted-space\">&nbsp;<\/span><\/p>\n<p>Knji\u017eni\u010dna zbirka je osnovana predvsem za potrebe pouka in upo\u0161teva predmetnik osnovne \u0161ole, razli\u010dne razvojne stopnje otrok in priporo\u010dila bibliotekarske stroke. Gradivo v prostem pristopu, namenjeno u\u010dencem, je prostorsko razvr\u0161\u010deno na tri stopnje: C, P in M, ki se navezujejo tudi na triletna obdobja devetletne osnovne \u0161ole in vsebujejo strokovna in leposlovna gradiva. Posebej je oblikovana zbirka referen\u010dnega gradiva, ki ga u\u010denci uporabljajo v knji\u017enici pri medpredmetno na\u010drtovanih u\u010dnih urah, pridobivanju knji\u017eni\u010dno-informativnih znanj in pripravah na pouk. Zbirko zaokro\u017euje didakti\u010dno gradivo, locirano v kabinetih in u\u010dilnicah razli\u010dnih strokovnih predmetnih podro\u010dij, ki ga u\u010ditelji uporabljajo pri pou\u010devanju.<\/p>\n<p>Izposoja doma\u010dega branja bo potekala v dogovoru z u\u010diteljico slovenskega jezika, ki jih bo obvestila kdaj vrnejo ali prevzamejo knjige.<\/p>\n<p>Urnik izposoje<\/p>\n<table id=\"table2\" style=\"width: 40%;\">\n<tbody>\n<tr>\n<th>Ponedeljek<\/th>\n<td>12:45 \u2013 14:45 in med rekreativnim odmorom<\/td>\n<\/tr>\n<tr>\n<th>Torek<\/th>\n<td>12:45 \u2013 14:45 in med rekreativnim odmorom<\/td>\n<\/tr>\n<tr>\n<th>Sreda<\/th>\n<td>12:45 \u2013 14:45 in med rekreativnim odmorom<\/td>\n<\/tr>\n<tr>\n<th>\u010cetrtek<\/th>\n<td>13:40 \u2013 14:45 in med rekreativnim odmorom<\/td>\n<\/tr>\n<tr>\n<th>Petek<\/th>\n<td>12:00 \u2013 14:00 in med rekreativnim odmorom<\/td>\n<\/tr>\n<\/tbody>\n<\/table>\n<p>Kontakt: <a href=\"mailto:knjiznica@oslivade.si\">knjiznica@oslivade.si<\/a>&nbsp;<\/p>\n\n\n<p>&nbsp;<\/p>\n","protected":false},"excerpt":{"rendered":"<p>\u0160olska knji\u017enica se s specifi\u010dno zbirko knji\u017eni\u010dnega gradiva in raznovrstnimi oblikami dela aktivno vklju\u010duje v vzgojno-izobra\u017eevalni proces. Uporabniki \u0161olske knji\u017enice&nbsp;<a href=\"https:\/\/www.oslivade.si\/?page_id=115\">&hellip;<\/a><\/p>\n","protected":false},"author":1,"featured_media":0,"parent":103,"menu_order":0,"comment_status":"closed","ping_status":"closed","template":"","meta":{"ngg_post_thumbnail":0,"footnotes":""},"class_list":["post-115","page","type-page","status-publish","hentry","odd"],"_links":{"self":[{"href":"https:\/\/www.oslivade.si\/index.php?rest_route=\/wp\/v2\/pages\/115"}],"collection":[{"href":"https:\/\/www.oslivade.si\/index.php?rest_route=\/wp\/v2\/pages"}],"about":[{"href":"https:\/\/www.oslivade.si\/index.php?rest_route=\/wp\/v2\/types\/page"}],"author":[{"embeddable":true,"href":"https:\/\/www.oslivade.si\/index.php?rest_route=\/wp\/v2\/users\/1"}],"replies":[{"embeddable":true,"href":"https:\/\/www.oslivade.si\/index.php?rest_route=%2Fwp%2Fv2%2Fcomments&post=115"}],"version-history":[{"count":15,"href":"https:\/\/www.oslivade.si\/index.php?rest_route=\/wp\/v2\/pages\/115\/revisions"}],"predecessor-version":[{"id":16419,"href":"https:\/\/www.oslivade.si\/index.php?rest_route=\/wp\/v2\/pages\/115\/revisions\/16419"}],"up":[{"embeddable":true,"href":"https:\/\/www.oslivade.si\/index.php?rest_route=\/wp\/v2\/pages\/103"}],"wp:attachment":[{"href":"https:\/\/www.oslivade.si\/index.php?rest_route=%2Fwp%2Fv2%2Fmedia&parent=115"}],"curies":[{"name":"wp","href":"https:\/\/api.w.org\/{rel}","templated":true}]}}