{"id":1150,"date":"2018-11-06T17:06:03","date_gmt":"2018-11-06T15:06:03","guid":{"rendered":"http:\/\/91.220.156.17\/?page_id=1150"},"modified":"2025-09-09T08:40:22","modified_gmt":"2025-09-09T07:40:22","slug":"stevilo-ucencev","status":"publish","type":"page","link":"https:\/\/www.oslivade.si\/?page_id=1150","title":{"rendered":"\u0160TEVILO U\u010cENCEV"},"content":{"rendered":"<p>[vc_row][vc_column][vc_column_text]Na \u0161oli imamo 18 rednih oddelkov, 5,4 oddelke podalj\u0161anega bivanja in 2 skupini jutranjega varstva.<\/p>\n<p>[\/vc_column_text][\/vc_column][\/vc_row][vc_row][vc_column][vc_line_chart style=&#8221;modern&#8221; x_values=&#8221;1 razred; 2 razred; 3 razred; 4 razred; 5 razred; 6 razred; 7 razred; 8 razred; 9 razred&#8221; values=&#8221;%5B%7B%22title%22%3A%22A%22%2C%22y_values%22%3A%2221%3B%2024%3B%2027%3B%2027%3B%2025%3B%2024%3B%2024%3B%2026%3B%2023%22%2C%22color%22%3A%22sky%22%7D%2C%7B%22title%22%3A%22B%22%2C%22y_values%22%3A%2220%3B%2024%3B%2025%3B%2027%3B%2025%3B%2028%3B%2021%3B%2026%3B%2021%22%2C%22color%22%3A%22chino%22%7D%5D&#8221;][\/vc_column][\/vc_row]<\/p>\n","protected":false},"excerpt":{"rendered":"<p>[vc_row][vc_column][vc_column_text]Na \u0161oli imamo 18 rednih oddelkov, 5,4 oddelke podalj\u0161anega bivanja in 2 skupini jutranjega varstva. [\/vc_column_text][\/vc_column][\/vc_row][vc_row][vc_column][vc_line_chart style=&#8221;modern&#8221; x_values=&#8221;1 razred; 2&nbsp;<a href=\"https:\/\/www.oslivade.si\/?page_id=1150\">&hellip;<\/a><\/p>\n","protected":false},"author":1,"featured_media":0,"parent":0,"menu_order":0,"comment_status":"closed","ping_status":"closed","template":"","meta":{"ngg_post_thumbnail":0,"footnotes":""},"class_list":["post-1150","page","type-page","status-publish","hentry","odd"],"_links":{"self":[{"href":"https:\/\/www.oslivade.si\/index.php?rest_route=\/wp\/v2\/pages\/1150"}],"collection":[{"href":"https:\/\/www.oslivade.si\/index.php?rest_route=\/wp\/v2\/pages"}],"about":[{"href":"https:\/\/www.oslivade.si\/index.php?rest_route=\/wp\/v2\/types\/page"}],"author":[{"embeddable":true,"href":"https:\/\/www.oslivade.si\/index.php?rest_route=\/wp\/v2\/users\/1"}],"replies":[{"embeddable":true,"href":"https:\/\/www.oslivade.si\/index.php?rest_route=%2Fwp%2Fv2%2Fcomments&post=1150"}],"version-history":[{"count":19,"href":"https:\/\/www.oslivade.si\/index.php?rest_route=\/wp\/v2\/pages\/1150\/revisions"}],"predecessor-version":[{"id":17798,"href":"https:\/\/www.oslivade.si\/index.php?rest_route=\/wp\/v2\/pages\/1150\/revisions\/17798"}],"wp:attachment":[{"href":"https:\/\/www.oslivade.si\/index.php?rest_route=%2Fwp%2Fv2%2Fmedia&parent=1150"}],"curies":[{"name":"wp","href":"https:\/\/api.w.org\/{rel}","templated":true}]}}