{"id":121,"date":"2018-10-16T12:24:54","date_gmt":"2018-10-16T12:24:54","guid":{"rendered":"http:\/\/91.220.156.17\/?page_id=121"},"modified":"2024-10-15T12:57:36","modified_gmt":"2024-10-15T11:57:36","slug":"obrazci","status":"publish","type":"page","link":"https:\/\/www.oslivade.si\/?page_id=121","title":{"rendered":"OBRAZCI"},"content":{"rendered":"<p>Obvestila o odsotnosti od pouka<br \/>\n<a href=\"https:\/\/www.oslivade.si\/wp-content\/uploads\/2018\/11\/opravicilo.pdf\" target=\"_blank\" rel=\"noopener\">Opravi\u010dilo<\/a><br \/>\n<a href=\"https:\/\/www.oslivade.si\/wp-content\/uploads\/2021\/11\/odsotnost_ucenca2021.pdf\" target=\"_blank\" rel=\"noopener\">Vloga za odsotnost u\u010denca<\/a><\/p>\n<p>U\u010denci s statusom<br \/>\n<a href=\"https:\/\/www.oslivade.si\/wp-content\/uploads\/2024\/10\/PRAVILA-o-prilag.-sol.-obveznosti-LIVADE-24.pdf\" target=\"_blank\" rel=\"noopener\">Pravila o prilagajanju \u0161olskih obveznosti<\/a><br \/>\n<a href=\"https:\/\/www.oslivade.si\/wp-content\/uploads\/2024\/10\/DOGOVOR-status-starsi-sola-24.pdf\" target=\"_blank\" rel=\"noopener\">Dogovor o prilagajanju \u0161olskih obveznosti u\u010denca s statusom \u0161portnika oz. glasbenika<\/a><\/p>\n<p><a href=\"https:\/\/www.oslivade.si\/wp-content\/uploads\/2018\/11\/vloga_sportnik.pdf\" target=\"_blank\" rel=\"noopener\">Vloga u\u010denca za pridobitev statusa \u0161portnika<\/a><br \/>\n<a href=\"https:\/\/www.oslivade.si\/wp-content\/uploads\/2018\/11\/potrdilo_sportnik.pdf\" target=\"_blank\" rel=\"noopener\">Potrdilo \u0161portnega dru\u0161tva<\/a><\/p>\n<p><a href=\"https:\/\/www.oslivade.si\/wp-content\/uploads\/2018\/11\/vloga_umetnik.pdf\" target=\"_blank\" rel=\"noopener\">Vloga u\u010denca za pridobitev statusa umetnika<\/a><br \/>\n<a href=\"https:\/\/www.oslivade.si\/wp-content\/uploads\/2018\/11\/potrdilo_umetnik.pdf\" target=\"_blank\" rel=\"noopener\">Potrdilo kulturnega dru\u0161tva<\/a><\/p>\n<p>\u0160olska prehrana<br \/>\n<a href=\"https:\/\/www.oslivade.si\/wp-content\/uploads\/2018\/11\/Prijavnica_na_solsko_prehrano.pdf\" target=\"_blank\" rel=\"noopener\">Prijavnica na \u0161olsko prehrano<\/a><\/p>\n<p>E-Asistent<br \/>\n<a href=\"https:\/\/www.oslivade.si\/wp-content\/uploads\/2018\/11\/Naro\u010dilnica-easistent.pdf\" target=\"_blank\" rel=\"noopener\">Prijavnica za E-Asistenta (za star\u0161e)<\/a><\/p>\n<p>&nbsp;<\/p>\n<p>&nbsp;<\/p>\n","protected":false},"excerpt":{"rendered":"<p>Obvestila o odsotnosti od pouka Opravi\u010dilo Vloga za odsotnost u\u010denca U\u010denci s statusom Pravila o prilagajanju \u0161olskih obveznosti Dogovor o&nbsp;<a href=\"https:\/\/www.oslivade.si\/?page_id=121\">&hellip;<\/a><\/p>\n","protected":false},"author":1,"featured_media":0,"parent":103,"menu_order":0,"comment_status":"closed","ping_status":"closed","template":"","meta":{"ngg_post_thumbnail":0,"footnotes":""},"class_list":["post-121","page","type-page","status-publish","hentry","odd"],"_links":{"self":[{"href":"https:\/\/www.oslivade.si\/index.php?rest_route=\/wp\/v2\/pages\/121"}],"collection":[{"href":"https:\/\/www.oslivade.si\/index.php?rest_route=\/wp\/v2\/pages"}],"about":[{"href":"https:\/\/www.oslivade.si\/index.php?rest_route=\/wp\/v2\/types\/page"}],"author":[{"embeddable":true,"href":"https:\/\/www.oslivade.si\/index.php?rest_route=\/wp\/v2\/users\/1"}],"replies":[{"embeddable":true,"href":"https:\/\/www.oslivade.si\/index.php?rest_route=%2Fwp%2Fv2%2Fcomments&post=121"}],"version-history":[{"count":10,"href":"https:\/\/www.oslivade.si\/index.php?rest_route=\/wp\/v2\/pages\/121\/revisions"}],"predecessor-version":[{"id":17047,"href":"https:\/\/www.oslivade.si\/index.php?rest_route=\/wp\/v2\/pages\/121\/revisions\/17047"}],"up":[{"embeddable":true,"href":"https:\/\/www.oslivade.si\/index.php?rest_route=\/wp\/v2\/pages\/103"}],"wp:attachment":[{"href":"https:\/\/www.oslivade.si\/index.php?rest_route=%2Fwp%2Fv2%2Fmedia&parent=121"}],"curies":[{"name":"wp","href":"https:\/\/api.w.org\/{rel}","templated":true}]}}