{"id":123,"date":"2018-10-16T12:25:08","date_gmt":"2018-10-16T12:25:08","guid":{"rendered":"http:\/\/91.220.156.17\/?page_id=123"},"modified":"2026-01-06T14:27:11","modified_gmt":"2026-01-06T13:27:11","slug":"pravilniki","status":"publish","type":"page","link":"https:\/\/www.oslivade.si\/?page_id=123","title":{"rendered":"\u0160OLSKI AKTI"},"content":{"rendered":"<p>[vc_row][vc_column][vc_column_text]<a href=\"https:\/\/www.oslivade.si\/wp-content\/uploads\/2018\/11\/AKT-O-USTANOVITVI-UPB-17.pdf\" target=\"_blank\" rel=\"noopener noreferrer\">Odlok o ustanovitvi javnega vzgojno izobra\u017eevanjega zavoda Osnovna \u0161ola Livade Izola<\/a> (<a href=\"https:\/\/www.oslivade.si\/wp-content\/uploads\/2024\/04\/Odlok-sprememba-22.pdf\">sprememba 2022<\/a>, <a href=\"https:\/\/www.oslivade.si\/wp-content\/uploads\/2024\/04\/Odlok-sprememba-24.pdf\" target=\"_blank\" rel=\"noopener\">sprememba 2024<\/a>)<\/p>\n<p><a href=\"https:\/\/www.oslivade.si\/wp-content\/uploads\/2024\/04\/Pravila-soslke-prehrane-2019.pdf\" target=\"_blank\" rel=\"noopener noreferrer\">Pravila \u0161olske prehrane<\/a><\/p>\n<p><a href=\"https:\/\/www.oslivade.si\/?page_id=1374\">Pravila \u0161olskega reda<\/a><\/p>\n<p><a href=\"https:\/\/www.oslivade.si\/?page_id=72\">Pravila hi\u0161nega reda<\/a><\/p>\n<p><a href=\"https:\/\/www.oslivade.si\/wp-content\/uploads\/2024\/04\/POSLOVNIK_SS_2019.pdf\" target=\"_blank\" rel=\"noopener noreferrer\">Poslovnik o delu sveta star\u0161ev<\/a><\/p>\n<p><a href=\"https:\/\/www.oslivade.si\/wp-content\/uploads\/2024\/04\/POSLOVNIK_SS_2018januar.pdf\" target=\"_blank\" rel=\"noopener noreferrer\">Poslovnik o delu sveta \u0161ole<\/a><\/p>\n<p><a href=\"https:\/\/www.oslivade.si\/wp-content\/uploads\/2023\/09\/PRAVILA_solski_sklad-2021.pdf\" target=\"_blank\" rel=\"noopener noreferrer\">Pravila o delovanju \u0161olskega sklada<\/a><\/p>\n<p><a href=\"https:\/\/www.oslivade.si\/wp-content\/uploads\/2025\/09\/PRAVILA-VIDEONADZOR-OS-LIVADE-IZOLA.pdf\">Pravila o izvajanju videonadzora<\/a><\/p>\n<p><a href=\"https:\/\/www.oslivade.si\/wp-content\/uploads\/2024\/10\/DOGOVOR-status-starsi-sola-24.pdf\" target=\"_blank\" rel=\"noopener noreferrer\">Dogovor o prilagajanju \u0161olskih obveznosti za u\u010denca\/ke s statusom \u0161portnika\/ce<\/a><\/p>\n<p><a href=\"https:\/\/www.oslivade.si\/wp-content\/uploads\/2024\/10\/PRAVILA-o-prilag.-sol.-obveznosti-LIVADE-24.pdf\" target=\"_blank\" rel=\"noopener noreferrer\">Pravila o prilagajanju \u0161olskih obveznosti<\/a><\/p>\n<p><a href=\"https:\/\/www.oslivade.si\/wp-content\/uploads\/2018\/11\/NA\u010cRT-\u0160OLSKIH-POTI-O\u0160-LIVADE-spletna-stran-N.pdf\" target=\"_blank\" rel=\"noopener noreferrer\">Na\u010drt \u0161olskih poti<\/a>[\/vc_column_text][\/vc_column][\/vc_row]<\/p>\n","protected":false},"excerpt":{"rendered":"<p>[vc_row][vc_column][vc_column_text]Odlok o ustanovitvi javnega vzgojno izobra\u017eevanjega zavoda Osnovna \u0161ola Livade Izola (sprememba 2022, sprememba 2024) Pravila \u0161olske prehrane Pravila \u0161olskega&nbsp;<a href=\"https:\/\/www.oslivade.si\/?page_id=123\">&hellip;<\/a><\/p>\n","protected":false},"author":1,"featured_media":0,"parent":103,"menu_order":0,"comment_status":"closed","ping_status":"closed","template":"","meta":{"ngg_post_thumbnail":0,"footnotes":""},"class_list":["post-123","page","type-page","status-publish","hentry","odd"],"_links":{"self":[{"href":"https:\/\/www.oslivade.si\/index.php?rest_route=\/wp\/v2\/pages\/123"}],"collection":[{"href":"https:\/\/www.oslivade.si\/index.php?rest_route=\/wp\/v2\/pages"}],"about":[{"href":"https:\/\/www.oslivade.si\/index.php?rest_route=\/wp\/v2\/types\/page"}],"author":[{"embeddable":true,"href":"https:\/\/www.oslivade.si\/index.php?rest_route=\/wp\/v2\/users\/1"}],"replies":[{"embeddable":true,"href":"https:\/\/www.oslivade.si\/index.php?rest_route=%2Fwp%2Fv2%2Fcomments&post=123"}],"version-history":[{"count":24,"href":"https:\/\/www.oslivade.si\/index.php?rest_route=\/wp\/v2\/pages\/123\/revisions"}],"predecessor-version":[{"id":18126,"href":"https:\/\/www.oslivade.si\/index.php?rest_route=\/wp\/v2\/pages\/123\/revisions\/18126"}],"up":[{"embeddable":true,"href":"https:\/\/www.oslivade.si\/index.php?rest_route=\/wp\/v2\/pages\/103"}],"wp:attachment":[{"href":"https:\/\/www.oslivade.si\/index.php?rest_route=%2Fwp%2Fv2%2Fmedia&parent=123"}],"curies":[{"name":"wp","href":"https:\/\/api.w.org\/{rel}","templated":true}]}}