{"id":1231,"date":"2018-11-12T15:29:35","date_gmt":"2018-11-12T13:29:35","guid":{"rendered":"http:\/\/91.220.156.17\/?page_id=1231"},"modified":"2022-06-28T13:16:18","modified_gmt":"2022-06-28T13:16:18","slug":"spanscina-i-in-iii","status":"publish","type":"page","link":"https:\/\/www.oslivade.si\/?page_id=1231","title":{"rendered":"\u0160PAN\u0160\u010cINA I, II, III"},"content":{"rendered":"<p>[vc_row][vc_column width=&#8221;1\/3&#8243;][vc_single_image image=&#8221;1239&#8243; img_size=&#8221;medium&#8221;][\/vc_column][vc_column width=&#8221;2\/3&#8243;][vc_column_text]<\/p>\n<table id=\"table2\">\n<tbody>\n<tr>\n<th colspan=\"2\">\u0160pan\u0161\u010dina I in III<\/th>\n<\/tr>\n<tr>\n<td width=\"200\">\u0160tevilo ur tedensko:<\/td>\n<td>2<\/td>\n<\/tr>\n<tr>\n<td>Izbira:<\/td>\n<td>Triletni predmet 7., 8. in 9. razred<\/td>\n<\/tr>\n<tr>\n<td>Nosilec:<\/td>\n<td>Ma\u0161a Avsenak Zobec<\/td>\n<\/tr>\n<\/tbody>\n<\/table>\n<p>[\/vc_column_text][\/vc_column][\/vc_row][vc_row][vc_column][vc_column_text]Z u\u010denjem enega romanskega jezika (italijan\u0161\u010dina) se hitreje in la\u017eje nau\u010dimo drugega romanskega jezika (\u0161pan\u0161\u010dina).<\/p>\n<p>Ta melodi\u010dni jezik je po \u0161tevilu govorcev na drugem mestu v svetu. Z znanjem \u0161panskega jezika se nam odprejo vrata v nov, zanimiv svet. Ta mo\u017enost je pred vami.<\/p>\n<p>TEMELJNI CILJ: Vzbuditi zanimanje za drugo in druga\u010dno ter povezati slovensko in \u0161pansko govore\u010do kulturo v vseh razse\u017enostih. U\u010denje poteka preko vsakdanjih situacij.<\/p>\n<p>\u00a1Hasta muy pronto![\/vc_column_text][\/vc_column][\/vc_row]<\/p>\n","protected":false},"excerpt":{"rendered":"<p>[vc_row][vc_column width=&#8221;1\/3&#8243;][vc_single_image image=&#8221;1239&#8243; img_size=&#8221;medium&#8221;][\/vc_column][vc_column width=&#8221;2\/3&#8243;][vc_column_text] \u0160pan\u0161\u010dina I in III \u0160tevilo ur tedensko: 2 Izbira: Triletni predmet 7., 8. in 9.&nbsp;<a href=\"https:\/\/www.oslivade.si\/?page_id=1231\">&hellip;<\/a><\/p>\n","protected":false},"author":1,"featured_media":0,"parent":0,"menu_order":0,"comment_status":"closed","ping_status":"closed","template":"","meta":{"ngg_post_thumbnail":0,"footnotes":""},"class_list":["post-1231","page","type-page","status-publish","hentry","odd"],"_links":{"self":[{"href":"https:\/\/www.oslivade.si\/index.php?rest_route=\/wp\/v2\/pages\/1231"}],"collection":[{"href":"https:\/\/www.oslivade.si\/index.php?rest_route=\/wp\/v2\/pages"}],"about":[{"href":"https:\/\/www.oslivade.si\/index.php?rest_route=\/wp\/v2\/types\/page"}],"author":[{"embeddable":true,"href":"https:\/\/www.oslivade.si\/index.php?rest_route=\/wp\/v2\/users\/1"}],"replies":[{"embeddable":true,"href":"https:\/\/www.oslivade.si\/index.php?rest_route=%2Fwp%2Fv2%2Fcomments&post=1231"}],"version-history":[{"count":6,"href":"https:\/\/www.oslivade.si\/index.php?rest_route=\/wp\/v2\/pages\/1231\/revisions"}],"predecessor-version":[{"id":13811,"href":"https:\/\/www.oslivade.si\/index.php?rest_route=\/wp\/v2\/pages\/1231\/revisions\/13811"}],"wp:attachment":[{"href":"https:\/\/www.oslivade.si\/index.php?rest_route=%2Fwp%2Fv2%2Fmedia&parent=1231"}],"curies":[{"name":"wp","href":"https:\/\/api.w.org\/{rel}","templated":true}]}}