{"id":1243,"date":"2018-11-12T15:44:37","date_gmt":"2018-11-12T13:44:37","guid":{"rendered":"http:\/\/91.220.156.17\/?page_id=1243"},"modified":"2022-06-29T09:10:57","modified_gmt":"2022-06-29T09:10:57","slug":"retorika","status":"publish","type":"page","link":"https:\/\/www.oslivade.si\/?page_id=1243","title":{"rendered":"RETORIKA"},"content":{"rendered":"<p>[vc_row][vc_column width=&#8221;1\/3&#8243;][vc_single_image image=&#8221;1249&#8243; img_size=&#8221;medium&#8221;][\/vc_column][vc_column width=&#8221;2\/3&#8243;][vc_column_text]<\/p>\n<table id=\"table2\">\n<tbody>\n<tr>\n<th colspan=\"2\">Retorika<\/th>\n<\/tr>\n<tr>\n<td width=\"200\">\u0160tevilo ur tedensko:<\/td>\n<td>1<\/td>\n<\/tr>\n<tr>\n<td>Izbira:<\/td>\n<td>Enoletni predmet za 9. razred<\/td>\n<\/tr>\n<tr>\n<td>Nosilec:<\/td>\n<td>Ma\u0161a Avsenak Zobec<\/td>\n<\/tr>\n<\/tbody>\n<\/table>\n<p>[\/vc_column_text][\/vc_column][\/vc_row][vc_row][vc_column][vc_column_text]<strong>Opredelitev predmeta:<\/strong><br \/>\n\u017deli\u0161 nastopati spro\u0161\u010deno in prepri\u010dljivo? \u017deli\u0161 narediti dober vtis in dokazati, da si lahko samozavesten? Potem je retorika prava izbira zate! V \u017eivljenju so tudi trenutki, ko nam je nerodno, ko ne vemo, kako nekaj povedati, prepri\u010dati &#8230;<br \/>\nDobro je zato vedeti, da se ve\u0161\u010din govorni\u0161tva lahko nau\u010dimo.<\/p>\n<p>Retorika ali govorni\u0161tvo je veda, ki se ukvarja s pravilnim govorjenjem, \u00bbobra\u010danjem\u00ab besed, kakovostnim nastopom &#8230;<\/p>\n<p><strong>Cilji:<\/strong><br \/>\n&#8211; znebili se bomo treme<br \/>\n&#8211; nau\u010dili se bomo pripraviti dober, prepri\u010dljiv, spro\u0161\u010den nastop<br \/>\n&#8211; spoznali bomo neverbalno komunikacijo (mimika, geste, obla\u010dilo, urejenost &#8230;)<br \/>\n&#8211; predstavili bomo vsak svoje ideje, stali\u0161\u010da in se o njih spro\u0161\u010deno pogovarjali<br \/>\n&#8211; spoznali bomo tudi del\u010dek sebe, drugega &#8230;<br \/>\n&#8211; obi\u0161\u010demo TV Koper in Radio Koper<\/p>\n<p><strong>U\u010denci spoznavajo ve\u0161\u010dino retorike z medsebojnim sodelovanjem, nastopanjem, preko igre in ogledov nekaterih oddaj, odsekov filmov &#8230;<\/strong><br \/>\n<strong>Pri pouku retorike se veliko pogovarjamo in poslu\u0161amo drug drugega.<\/strong>[\/vc_column_text][\/vc_column][\/vc_row]<\/p>\n","protected":false},"excerpt":{"rendered":"<p>[vc_row][vc_column width=&#8221;1\/3&#8243;][vc_single_image image=&#8221;1249&#8243; img_size=&#8221;medium&#8221;][\/vc_column][vc_column width=&#8221;2\/3&#8243;][vc_column_text] Retorika \u0160tevilo ur tedensko: 1 Izbira: Enoletni predmet za 9. razred Nosilec: Ma\u0161a Avsenak Zobec&nbsp;<a href=\"https:\/\/www.oslivade.si\/?page_id=1243\">&hellip;<\/a><\/p>\n","protected":false},"author":1,"featured_media":0,"parent":0,"menu_order":0,"comment_status":"closed","ping_status":"closed","template":"","meta":{"ngg_post_thumbnail":0,"footnotes":""},"class_list":["post-1243","page","type-page","status-publish","hentry","odd"],"_links":{"self":[{"href":"https:\/\/www.oslivade.si\/index.php?rest_route=\/wp\/v2\/pages\/1243"}],"collection":[{"href":"https:\/\/www.oslivade.si\/index.php?rest_route=\/wp\/v2\/pages"}],"about":[{"href":"https:\/\/www.oslivade.si\/index.php?rest_route=\/wp\/v2\/types\/page"}],"author":[{"embeddable":true,"href":"https:\/\/www.oslivade.si\/index.php?rest_route=\/wp\/v2\/users\/1"}],"replies":[{"embeddable":true,"href":"https:\/\/www.oslivade.si\/index.php?rest_route=%2Fwp%2Fv2%2Fcomments&post=1243"}],"version-history":[{"count":3,"href":"https:\/\/www.oslivade.si\/index.php?rest_route=\/wp\/v2\/pages\/1243\/revisions"}],"predecessor-version":[{"id":13853,"href":"https:\/\/www.oslivade.si\/index.php?rest_route=\/wp\/v2\/pages\/1243\/revisions\/13853"}],"wp:attachment":[{"href":"https:\/\/www.oslivade.si\/index.php?rest_route=%2Fwp%2Fv2%2Fmedia&parent=1243"}],"curies":[{"name":"wp","href":"https:\/\/api.w.org\/{rel}","templated":true}]}}