{"id":1248,"date":"2018-11-12T15:44:06","date_gmt":"2018-11-12T13:44:06","guid":{"rendered":"http:\/\/91.220.156.17\/?page_id=1248"},"modified":"2018-11-29T14:37:27","modified_gmt":"2018-11-29T12:37:27","slug":"likovno-snovanje-i-ii-iii","status":"publish","type":"page","link":"https:\/\/www.oslivade.si\/?page_id=1248","title":{"rendered":"LIKOVNO SNOVANJE I, II, III"},"content":{"rendered":"<p>[vc_row][vc_column width=&#8221;1\/3&#8243;][vc_single_image image=&#8221;1254&#8243; img_size=&#8221;medium&#8221;][\/vc_column][vc_column width=&#8221;2\/3&#8243;][vc_column_text]<\/p>\n<table id=\"table2\">\n<tbody>\n<tr>\n<th colspan=\"2\">LIKOVNO SNOVANJE I, II, III<\/th>\n<\/tr>\n<tr>\n<td width=\"200\">\u0160tevilo ur tedensko:<\/td>\n<td>1<\/td>\n<\/tr>\n<tr>\n<td>Izbira:<\/td>\n<td>Enoletni predmet za 7., 8. in 9. razred<\/td>\n<\/tr>\n<tr>\n<td>Nosilec:<\/td>\n<td>Ingrid Knez<\/td>\n<\/tr>\n<\/tbody>\n<\/table>\n<p>[\/vc_column_text][\/vc_column][\/vc_row][vc_row][vc_column][vc_column_text]Cilji:<\/p>\n<ul>\n<li>razvijanje ustvarjalnosti, likovnega mi\u0161ljenja, vizualnega spomina, domi\u0161ljije, motori\u010dnih spretnosti, emocionalne ob\u010dutljivosti;<\/li>\n<li>usmerjanje v likovno raziskovanje sveta in poglabljanje posluha in \u010duta za lepo;<\/li>\n<li>osvajanje znanja likovne teorije, re\u0161evanja likovnih problemov;<\/li>\n<li>prakti\u010dno likovno izra\u017eanje in delo na podro\u010dju risanja, slikanja, kiparstva in grafike;<\/li>\n<li>razumevanje sodobne vizualne komunikacije in umetnosti;<\/li>\n<li>priprava u\u010dencev na delovanje v kulturnem okolju (nate\u010daji, razstave).<\/li>\n<\/ul>\n<p>Delo bo potekalo v u\u010dilnici in delno na terenu (obiski galerij, sodelovanje na likovnih prireditvah in akcijah).<br \/>\nIzbirni predmet toplo priporo\u010dam u\u010dencem ki nameravajo svoj \u0161tudij nadaljevati v smeri likovnega izra\u017eanja, vizualnih komunikacij, humanistike.[\/vc_column_text][\/vc_column][\/vc_row]<\/p>\n","protected":false},"excerpt":{"rendered":"<p>[vc_row][vc_column width=&#8221;1\/3&#8243;][vc_single_image image=&#8221;1254&#8243; img_size=&#8221;medium&#8221;][\/vc_column][vc_column width=&#8221;2\/3&#8243;][vc_column_text] LIKOVNO SNOVANJE I, II, III \u0160tevilo ur tedensko: 1 Izbira: Enoletni predmet za 7., 8.&nbsp;<a href=\"https:\/\/www.oslivade.si\/?page_id=1248\">&hellip;<\/a><\/p>\n","protected":false},"author":1,"featured_media":0,"parent":0,"menu_order":0,"comment_status":"closed","ping_status":"closed","template":"","meta":{"ngg_post_thumbnail":0,"footnotes":""},"class_list":["post-1248","page","type-page","status-publish","hentry","odd"],"_links":{"self":[{"href":"https:\/\/www.oslivade.si\/index.php?rest_route=\/wp\/v2\/pages\/1248"}],"collection":[{"href":"https:\/\/www.oslivade.si\/index.php?rest_route=\/wp\/v2\/pages"}],"about":[{"href":"https:\/\/www.oslivade.si\/index.php?rest_route=\/wp\/v2\/types\/page"}],"author":[{"embeddable":true,"href":"https:\/\/www.oslivade.si\/index.php?rest_route=\/wp\/v2\/users\/1"}],"replies":[{"embeddable":true,"href":"https:\/\/www.oslivade.si\/index.php?rest_route=%2Fwp%2Fv2%2Fcomments&post=1248"}],"version-history":[{"count":3,"href":"https:\/\/www.oslivade.si\/index.php?rest_route=\/wp\/v2\/pages\/1248\/revisions"}],"predecessor-version":[{"id":4027,"href":"https:\/\/www.oslivade.si\/index.php?rest_route=\/wp\/v2\/pages\/1248\/revisions\/4027"}],"wp:attachment":[{"href":"https:\/\/www.oslivade.si\/index.php?rest_route=%2Fwp%2Fv2%2Fmedia&parent=1248"}],"curies":[{"name":"wp","href":"https:\/\/api.w.org\/{rel}","templated":true}]}}