{"id":1252,"date":"2018-11-12T15:46:50","date_gmt":"2018-11-12T13:46:50","guid":{"rendered":"http:\/\/91.220.156.17\/?page_id=1252"},"modified":"2023-04-14T10:04:15","modified_gmt":"2023-04-14T09:04:15","slug":"turisticna-vzgoja","status":"publish","type":"page","link":"https:\/\/www.oslivade.si\/?page_id=1252","title":{"rendered":"TURISTI\u010cNA VZGOJA"},"content":{"rendered":"<p>[vc_row][vc_column width=&#8221;1\/3&#8243;][vc_single_image image=&#8221;1259&#8243; img_size=&#8221;medium&#8221;][\/vc_column][vc_column width=&#8221;2\/3&#8243;][vc_column_text]&nbsp;<\/p>\n<table id=\"table2\" style=\"height: 160px;\" width=\"585\">\n<tbody>\n<tr>\n<th colspan=\"2\">Turisti\u010dna vzgoja<\/th>\n<\/tr>\n<tr>\n<td width=\"200\">\u0160tevilo ur tedensko:<\/td>\n<td>1<\/td>\n<\/tr>\n<tr>\n<td>Izbira:<\/td>\n<td>Enoletni predmet za 7. razred<\/td>\n<\/tr>\n<tr>\n<td>Nosilec:<\/td>\n<td>Du\u0161an Gabrijel<\/td>\n<\/tr>\n<\/tbody>\n<\/table>\n<p>[\/vc_column_text][\/vc_column][\/vc_row][vc_row][vc_column][vc_column_text]Temeljni namen predmeta je vzgoja u\u010dencev za pozitivni odnos do turizma in turistov. Turisti\u010dna vzgoja je namenjena u\u010dencem, ki jih zanima turizem v \u0161ir\u0161em pomenu besede, kot seveda \u0161e posebej u\u010dencem, ki mogo\u010de vidijo svojo nadaljnjo pot v smeri turisti\u010dne dejavnosti.<\/p>\n<p>Pouk bo potekal polovico \u010dasa v ra\u010dunalni\u0161ki u\u010dilnici (teoreti\u010dni del), prakti\u010dni del pa na terenu. Namen imamo raziskati in spoznati \u010dim ve\u010d najrazli\u010dnej\u0161ih ustanov, ki se ukvarjajo s turisti\u010dno dejavnostjo. U\u010denci si ogledajo Izolo, Piran, Portoro\u017e, prednovoletno Ljubljano, nekatere hotele na obali ali kje drugje po Sloveniji, Srednjo \u0161olo v Izoli, turisti\u010dno informacijske centre, po mo\u017enosti kak\u0161no turisti\u010dno kmetijo, muzeje, sede\u017ee turisti\u010dnih dru\u0161tev, ipd. V na\u010drtu imamo tudi sejme in razstave, itn.<\/p>\n<p>U\u010denci skozi igro vlog spoznavajo na\u010dine komuniciranja v turizmu, poklice v turizmu, podro\u010dje kulinarike kot enega od potencialov doma\u010de regije kot tudi najbolj pere\u010do okoljsko problematiko tako v o\u017ejem kot v \u0161ir\u0161em prostoru.<br \/>\nPoseben poudarek bo na spoznavanju in vrednotenju zlasti naravne in kulturne dedi\u0161\u010dine v doma\u010dem okolju kot tudi v Sloveniji.<\/p>\n<p>Poleg tega bodo lahko v okviru predmeta tudi preizkusili svoje sposobnosti turisti\u010dnega vodenja po doma\u010dem kraju oziroma njegovi okolici. Ob tem se bodo usposabljali za komuniciranje in javno nastopanje. Celotno \u0161olsko leto bo poudarek na doma\u010di regiji. Ob koncu \u0161olskega leta je predvidena ekskurzija v izbran turisti\u010den kraj, kjer u\u010denci preizkusijo pridobljeno znanje.[\/vc_column_text][\/vc_column][\/vc_row]<\/p>\n","protected":false},"excerpt":{"rendered":"<p>[vc_row][vc_column width=&#8221;1\/3&#8243;][vc_single_image image=&#8221;1259&#8243; img_size=&#8221;medium&#8221;][\/vc_column][vc_column width=&#8221;2\/3&#8243;][vc_column_text]&nbsp; Turisti\u010dna vzgoja \u0160tevilo ur tedensko: 1 Izbira: Enoletni predmet za 7. razred Nosilec: Du\u0161an Gabrijel&nbsp;<a href=\"https:\/\/www.oslivade.si\/?page_id=1252\">&hellip;<\/a><\/p>\n","protected":false},"author":1,"featured_media":0,"parent":0,"menu_order":0,"comment_status":"closed","ping_status":"closed","template":"","meta":{"ngg_post_thumbnail":0,"footnotes":""},"class_list":["post-1252","page","type-page","status-publish","hentry","odd"],"_links":{"self":[{"href":"https:\/\/www.oslivade.si\/index.php?rest_route=\/wp\/v2\/pages\/1252"}],"collection":[{"href":"https:\/\/www.oslivade.si\/index.php?rest_route=\/wp\/v2\/pages"}],"about":[{"href":"https:\/\/www.oslivade.si\/index.php?rest_route=\/wp\/v2\/types\/page"}],"author":[{"embeddable":true,"href":"https:\/\/www.oslivade.si\/index.php?rest_route=\/wp\/v2\/users\/1"}],"replies":[{"embeddable":true,"href":"https:\/\/www.oslivade.si\/index.php?rest_route=%2Fwp%2Fv2%2Fcomments&post=1252"}],"version-history":[{"count":7,"href":"https:\/\/www.oslivade.si\/index.php?rest_route=\/wp\/v2\/pages\/1252\/revisions"}],"predecessor-version":[{"id":15022,"href":"https:\/\/www.oslivade.si\/index.php?rest_route=\/wp\/v2\/pages\/1252\/revisions\/15022"}],"wp:attachment":[{"href":"https:\/\/www.oslivade.si\/index.php?rest_route=%2Fwp%2Fv2%2Fmedia&parent=1252"}],"curies":[{"name":"wp","href":"https:\/\/api.w.org\/{rel}","templated":true}]}}