{"id":1258,"date":"2018-11-12T15:52:49","date_gmt":"2018-11-12T13:52:49","guid":{"rendered":"http:\/\/91.220.156.17\/?page_id=1258"},"modified":"2024-04-15T09:02:56","modified_gmt":"2024-04-15T08:02:56","slug":"vezenje","status":"publish","type":"page","link":"https:\/\/www.oslivade.si\/?page_id=1258","title":{"rendered":"VEZENJE I, II"},"content":{"rendered":"<p>[vc_row][vc_column width=&#8221;1\/3&#8243;][vc_single_image image=&#8221;1266&#8243; img_size=&#8221;medium&#8221;][\/vc_column][vc_column width=&#8221;2\/3&#8243;][vc_column_text]<\/p>\n<table id=\"table2\">\n<tbody>\n<tr>\n<th colspan=\"2\">VEZENJE I, II<\/th>\n<\/tr>\n<tr>\n<td width=\"200\">\u0160tevilo ur tedensko:<\/td>\n<td>1<\/td>\n<\/tr>\n<tr>\n<td>Izbira:<\/td>\n<td>Triletni predmet za 7., 8. in 9. razred<\/td>\n<\/tr>\n<tr>\n<td>Nosilec:<\/td>\n<td>Janja PRELEC<\/td>\n<\/tr>\n<\/tbody>\n<\/table>\n<p>[\/vc_column_text][\/vc_column][\/vc_row][vc_row][vc_column][vc_column_text]Vezenje je izbirni predmet, pri katerem se prepletata razvijanje ro\u010dnih spretnosti in skrb za ohranjanje kulturne dedi\u0161\u010dine. <u>Sestavljajo ga trije predmeti, ki se nadgrajujejo.<\/u> U\u010denec se lahko vklju\u010di v prvi predmet v 7., 8. ali 9. razredu. V drugi predmet , ki je nadaljevanje prvega, se lahko vklju\u010dijo u\u010denci, ki so \u017ee obiskovali prej\u0161nje leto prvi predmet in u\u010denci, ki \u017ee imajo osnovno znanje iz vezenja, \u010deprav niso obiskovali prvega predmeta.<\/p>\n<p>Letos se lahko u\u010denci vklju\u010dijo v <strong>2<\/strong> izbirna predmeta:<br \/>\n1. Predmet: Osnovni vbodi in tehnike vezenja (7., 8., 9. razred)<br \/>\n2. Predmet: Slikarski, marjeti\u010dni in gobelinski vbod (8., 9. razred)<\/p>\n<p><strong><br \/>\n1. Predmet: Osnovni vbodi in tehnike vezenja (7., 8., 9. razred)<\/strong><\/p>\n<p style=\"padding-left: 30px;\">Spoznali bomo vrste vezenin, motive, vzorce ter razli\u010dne materiale, ki jih uporabljamo pri vezenju. Izvedeli bomo, kaj vse je lahko vezenina in razli\u010dne tehnike vezenja na Slovenskem (vezenje neko\u010d in danes). Nau\u010dili se bomo razli\u010dne vbode: stebelni, \u0161irok stebelni, prednji, plo\u0161\u010dati, enostavni zan\u010dni in kri\u017eni vbod (glede na spretnost u\u010dencev in u\u010denk mogo\u010de \u0161e katerega) ter naredili ve\u010d razli\u010dnih izdelkov. Nau\u010dili se bomo katere pripomo\u010dke uporabljamo pri vezenju, kako pazimo na varnost in higieno ter kako vezenine vzdr\u017eujemo.<br \/>\nPoudarek bo na prakti\u010dnem delu.<\/p>\n<p><strong>2. Predmet: Slikarski, marjeti\u010dni in gobelinski vbod (9. razred)<\/strong><\/p>\n<p style=\"padding-left: 30px;\">Predmet je nadaljevanje prej\u0161njega sklopa in naj bi se izvajal v 8. oz. 9. razredu, lahko pa se vklju\u010dijo tudi u\u010denci, ki niso \u0161e obiskovali predmeta Vezenje , a imajo osnovno znanje iz vezenja. Zato bomo v za\u010detku leta ponovili osnovne vbode in tehnike vezenja iz prej\u0161njega leta. Spoznali bomo slikarski , marjeti\u010dni in gobelinski vbod in naredili ve\u010d izdelkov v omenjenih tehnikah vezenja.<br \/>\nPoudarek bo na prakti\u010dnem delu.<\/p>\n<p>[\/vc_column_text][\/vc_column][\/vc_row]<\/p>\n","protected":false},"excerpt":{"rendered":"<p>[vc_row][vc_column width=&#8221;1\/3&#8243;][vc_single_image image=&#8221;1266&#8243; img_size=&#8221;medium&#8221;][\/vc_column][vc_column width=&#8221;2\/3&#8243;][vc_column_text] VEZENJE I, II \u0160tevilo ur tedensko: 1 Izbira: Triletni predmet za 7., 8. in 9.&nbsp;<a href=\"https:\/\/www.oslivade.si\/?page_id=1258\">&hellip;<\/a><\/p>\n","protected":false},"author":1,"featured_media":0,"parent":0,"menu_order":0,"comment_status":"closed","ping_status":"closed","template":"","meta":{"ngg_post_thumbnail":0,"footnotes":""},"class_list":["post-1258","page","type-page","status-publish","hentry","odd"],"_links":{"self":[{"href":"https:\/\/www.oslivade.si\/index.php?rest_route=\/wp\/v2\/pages\/1258"}],"collection":[{"href":"https:\/\/www.oslivade.si\/index.php?rest_route=\/wp\/v2\/pages"}],"about":[{"href":"https:\/\/www.oslivade.si\/index.php?rest_route=\/wp\/v2\/types\/page"}],"author":[{"embeddable":true,"href":"https:\/\/www.oslivade.si\/index.php?rest_route=\/wp\/v2\/users\/1"}],"replies":[{"embeddable":true,"href":"https:\/\/www.oslivade.si\/index.php?rest_route=%2Fwp%2Fv2%2Fcomments&post=1258"}],"version-history":[{"count":8,"href":"https:\/\/www.oslivade.si\/index.php?rest_route=\/wp\/v2\/pages\/1258\/revisions"}],"predecessor-version":[{"id":16506,"href":"https:\/\/www.oslivade.si\/index.php?rest_route=\/wp\/v2\/pages\/1258\/revisions\/16506"}],"wp:attachment":[{"href":"https:\/\/www.oslivade.si\/index.php?rest_route=%2Fwp%2Fv2%2Fmedia&parent=1258"}],"curies":[{"name":"wp","href":"https:\/\/api.w.org\/{rel}","templated":true}]}}