{"id":1262,"date":"2018-11-12T15:54:06","date_gmt":"2018-11-12T13:54:06","guid":{"rendered":"http:\/\/91.220.156.17\/?page_id=1262"},"modified":"2023-04-14T08:59:42","modified_gmt":"2023-04-14T07:59:42","slug":"solsko-novinarstvo","status":"publish","type":"page","link":"https:\/\/www.oslivade.si\/?page_id=1262","title":{"rendered":"\u0160OLSKO NOVINARSTVO"},"content":{"rendered":"<p>[vc_row][vc_column width=&#8221;1\/3&#8243;][vc_single_image image=&#8221;1264&#8243; img_size=&#8221;medium&#8221;][\/vc_column][vc_column width=&#8221;2\/3&#8243;][vc_column_text]&nbsp;<\/p>\n<table id=\"table2\" style=\"height: 160px;\" width=\"585\">\n<tbody>\n<tr>\n<th colspan=\"2\">\u0160olsko novinarstvo<\/th>\n<\/tr>\n<tr>\n<td width=\"200\">\u0160tevilo ur tedensko:<\/td>\n<td>1<\/td>\n<\/tr>\n<tr>\n<td>Izbira:<\/td>\n<td>Enoletni predmet za 8. in 9. razred<\/td>\n<\/tr>\n<tr>\n<td>Nosilec:<\/td>\n<td>Maja Murovec<\/td>\n<\/tr>\n<\/tbody>\n<\/table>\n<p>[\/vc_column_text][\/vc_column][\/vc_row][vc_row][vc_column][vc_column_text]Cilji:<br \/>\n\u2022 U\u010denci razvijajo sposobnost izra\u017eanja v prakti\u010dno sporazumevalnem, strokovnem in publicisti\u010dnem jeziku in utrjujejo svoje znanje knji\u017enega jezika,<br \/>\n\u2022 prebirajo in raz\u010dlenjujejo \u010dasopisni in revialni tisk, sledijo radijskemu in televizijskemu programu ter si oblikujejo kriti\u010den odnos do medijev (vzgoja za medije),<br \/>\n\u2022 kriti\u010dno presojajo in vrednotijo izdelke medijev,<br \/>\n\u2022 tvorijo raznolika informativna (vest, poro\u010dilo, reporta\u017eo, anketo, intervju) in interpretativna publicisti\u010dna (komentar, \u010dlanek, ocena) besedila,<br \/>\n\u2022 objavljajo svoje prispevke v \u0161olskem \u010dasopisu, mladinskem tisku in se odzivajo na razne slovstvene razpise,<br \/>\n\u2022 se uvajajo v raziskovanje jezika in knji\u017eevnosti, spoznajo osnove in temeljne metode znanstvenega raziskovanja jezika in knji\u017eevnosti,<br \/>\n\u2022 prou\u010dujejo raznolike socialne zvrsti jezika, posebej slovenska nare\u010dja in interesne govorice,<br \/>\n\u2022 spoznavajo slovstveno folkloro.<\/p>\n<p>Predmet \u0161olsko novinarstvo nadgrajuje predmet sloven\u0161\u010dina in zdru\u017euje vsa \u0161tiri podro\u010dja sloven\u0161\u010dine: poslu\u0161anje, branje, govorjenje in pisanje.<\/p>\n<p>Raziskovali bomo neumetnostna besedila, torej besedila, s katerimi se bomo sre\u010devali v revijah, \u010dasopisih, jih poslu\u0161ali po radiu ali televiziji. Nadgradili bomo zmo\u017enost sprejemanja in tvorjenja neumetnostnih besedil ter se nau\u010dili ustvarjalnega in kriti\u010dnega sprejemanja publicisti\u010dnih\/propagandnih besedil.<br \/>\nOdpravili se bomo tudi na ogled uredni\u0161tva izolskega Mandra\u010da in si ogledali RTV Koper.[\/vc_column_text][\/vc_column][\/vc_row]<\/p>\n","protected":false},"excerpt":{"rendered":"<p>[vc_row][vc_column width=&#8221;1\/3&#8243;][vc_single_image image=&#8221;1264&#8243; img_size=&#8221;medium&#8221;][\/vc_column][vc_column width=&#8221;2\/3&#8243;][vc_column_text]&nbsp; \u0160olsko novinarstvo \u0160tevilo ur tedensko: 1 Izbira: Enoletni predmet za 8. in 9. razred Nosilec:&nbsp;<a href=\"https:\/\/www.oslivade.si\/?page_id=1262\">&hellip;<\/a><\/p>\n","protected":false},"author":1,"featured_media":0,"parent":0,"menu_order":0,"comment_status":"closed","ping_status":"closed","template":"","meta":{"ngg_post_thumbnail":0,"footnotes":""},"class_list":["post-1262","page","type-page","status-publish","hentry","odd"],"_links":{"self":[{"href":"https:\/\/www.oslivade.si\/index.php?rest_route=\/wp\/v2\/pages\/1262"}],"collection":[{"href":"https:\/\/www.oslivade.si\/index.php?rest_route=\/wp\/v2\/pages"}],"about":[{"href":"https:\/\/www.oslivade.si\/index.php?rest_route=\/wp\/v2\/types\/page"}],"author":[{"embeddable":true,"href":"https:\/\/www.oslivade.si\/index.php?rest_route=\/wp\/v2\/users\/1"}],"replies":[{"embeddable":true,"href":"https:\/\/www.oslivade.si\/index.php?rest_route=%2Fwp%2Fv2%2Fcomments&post=1262"}],"version-history":[{"count":6,"href":"https:\/\/www.oslivade.si\/index.php?rest_route=\/wp\/v2\/pages\/1262\/revisions"}],"predecessor-version":[{"id":13828,"href":"https:\/\/www.oslivade.si\/index.php?rest_route=\/wp\/v2\/pages\/1262\/revisions\/13828"}],"wp:attachment":[{"href":"https:\/\/www.oslivade.si\/index.php?rest_route=%2Fwp%2Fv2%2Fmedia&parent=1262"}],"curies":[{"name":"wp","href":"https:\/\/api.w.org\/{rel}","templated":true}]}}