{"id":1270,"date":"2018-11-12T16:05:29","date_gmt":"2018-11-12T14:05:29","guid":{"rendered":"http:\/\/91.220.156.17\/?page_id=1270"},"modified":"2022-06-28T14:58:00","modified_gmt":"2022-06-28T14:58:00","slug":"rastline-in-clovek","status":"publish","type":"page","link":"https:\/\/www.oslivade.si\/?page_id=1270","title":{"rendered":"RASTLINE IN \u010cLOVEK"},"content":{"rendered":"<p>[vc_row][vc_column width=&#8221;1\/3&#8243;][vc_single_image image=&#8221;1280&#8243; img_size=&#8221;medium&#8221;][\/vc_column][vc_column width=&#8221;2\/3&#8243;][vc_column_text]<\/p>\n<table id=\"table2\">\n<tbody>\n<tr>\n<th colspan=\"2\">RASTLINE IN \u010cLOVEK<\/th>\n<\/tr>\n<tr>\n<td width=\"200\">\u0160tevilo ur tedensko:<\/td>\n<td>1<\/td>\n<\/tr>\n<tr>\n<td>Izbira:<\/td>\n<td>Enoletni predmet za 8. razred<\/td>\n<\/tr>\n<tr>\n<td>Nosilec:<\/td>\n<td>Nata\u0161a \u0160kof<\/td>\n<\/tr>\n<\/tbody>\n<\/table>\n<p>[\/vc_column_text][\/vc_column][\/vc_row][vc_row][vc_column][vc_column_text]Namen predmeta je raz\u0161irjanje in poglabljanje znanja o rastlinah.<br \/>\nK predmetu vabim osmo\u0161olce, ki so radi v stiku z naravo in imajo veselje do rastlin.<\/p>\n<p><strong>Pri predmetu bomo spoznavali:<\/strong><br \/>\n<strong>&#8211; okrasne rastline, rastline v \u010dlovekovi prehrani, krmne rastline, alge, zdravilne rastline,\u2026<\/strong><br \/>\n<strong>&#8211; kako rastline gojimo, kdaj in kako jih sejemo, sadimo, presajamo,<\/strong><br \/>\n<strong>&#8211; kako rastline \u017elahtnimo,<\/strong><br \/>\n<strong>&#8211; zakaj in kako rastline obrezujemo,<\/strong><br \/>\n<strong>&#8211; kako so rastline povezane z \u017eivalmi in s \u010dlovekom\u2026<\/strong><\/p>\n<p>U\u010denci bodo pri vseh u\u010dnih urah predmeta aktivno udele\u017eeni. Delo bo vklju\u010devalo iskanje informacij, opazovanje, bele\u017eenje, prakti\u010dno in terensko delo.<br \/>\nV prvem in drugem ocenjevalnem obdobju bom ocenila mapo izdelkov, v drugem obdobju bom ocenila \u0161e izvedbo prakti\u010dnega dela skozi vse \u0161olsko leto.[\/vc_column_text][\/vc_column][\/vc_row]<\/p>\n","protected":false},"excerpt":{"rendered":"<p>[vc_row][vc_column width=&#8221;1\/3&#8243;][vc_single_image image=&#8221;1280&#8243; img_size=&#8221;medium&#8221;][\/vc_column][vc_column width=&#8221;2\/3&#8243;][vc_column_text] RASTLINE IN \u010cLOVEK \u0160tevilo ur tedensko: 1 Izbira: Enoletni predmet za 8. razred Nosilec: Nata\u0161a&nbsp;<a href=\"https:\/\/www.oslivade.si\/?page_id=1270\">&hellip;<\/a><\/p>\n","protected":false},"author":1,"featured_media":0,"parent":0,"menu_order":0,"comment_status":"closed","ping_status":"closed","template":"","meta":{"ngg_post_thumbnail":0,"footnotes":""},"class_list":["post-1270","page","type-page","status-publish","hentry","odd"],"_links":{"self":[{"href":"https:\/\/www.oslivade.si\/index.php?rest_route=\/wp\/v2\/pages\/1270"}],"collection":[{"href":"https:\/\/www.oslivade.si\/index.php?rest_route=\/wp\/v2\/pages"}],"about":[{"href":"https:\/\/www.oslivade.si\/index.php?rest_route=\/wp\/v2\/types\/page"}],"author":[{"embeddable":true,"href":"https:\/\/www.oslivade.si\/index.php?rest_route=\/wp\/v2\/users\/1"}],"replies":[{"embeddable":true,"href":"https:\/\/www.oslivade.si\/index.php?rest_route=%2Fwp%2Fv2%2Fcomments&post=1270"}],"version-history":[{"count":5,"href":"https:\/\/www.oslivade.si\/index.php?rest_route=\/wp\/v2\/pages\/1270\/revisions"}],"predecessor-version":[{"id":13837,"href":"https:\/\/www.oslivade.si\/index.php?rest_route=\/wp\/v2\/pages\/1270\/revisions\/13837"}],"wp:attachment":[{"href":"https:\/\/www.oslivade.si\/index.php?rest_route=%2Fwp%2Fv2%2Fmedia&parent=1270"}],"curies":[{"name":"wp","href":"https:\/\/api.w.org\/{rel}","templated":true}]}}