{"id":1273,"date":"2018-11-12T16:07:00","date_gmt":"2018-11-12T14:07:00","guid":{"rendered":"http:\/\/91.220.156.17\/?page_id=1273"},"modified":"2018-11-20T10:36:21","modified_gmt":"2018-11-20T08:36:21","slug":"slovenscina-gledaliski-klub","status":"publish","type":"page","link":"https:\/\/www.oslivade.si\/?page_id=1273","title":{"rendered":"SLOVEN\u0160\u010cINA: GLEDALI\u0160KI KLUB"},"content":{"rendered":"<p>[vc_row][vc_column width=&#8221;1\/3&#8243;][vc_single_image image=&#8221;1276&#8243; img_size=&#8221;medium&#8221;][\/vc_column][vc_column width=&#8221;2\/3&#8243;][vc_column_text]<\/p>\n<table id=\"table2\">\n<tbody>\n<tr>\n<th colspan=\"2\">Sloven\u0161\u010dina: Gledali\u0161ki klub<\/th>\n<\/tr>\n<tr>\n<td width=\"200\">\u0160tevilo ur tedensko:<\/td>\n<td>1<\/td>\n<\/tr>\n<tr>\n<td>Izbira:<\/td>\n<td>Enoletni predmet za 8. in 9. razred<\/td>\n<\/tr>\n<tr>\n<td>Nosilec:<\/td>\n<td>Tina Ro\u017eac<\/td>\n<\/tr>\n<\/tbody>\n<\/table>\n<p>[\/vc_column_text][\/vc_column][\/vc_row][vc_row][vc_column][vc_column_text]Oder. Prostor, ki odpira vrata brezmejni ustvarjalnosti. Prostor, kjer se lahko sprosti\u0161 in kjer si lahko vsakdo in kdorkoli. Prostor, kjer si lahko tudi preprosto TI!<\/p>\n<p>Gledali\u0161ki klub je predmet, ki zajema spoznavanje in ustvarjanje gledali\u0161\u010da, igre, dramskih besedil in \u010disto nove, avtorske predstave, kjer u\u010denci sodelujejo v vseh fazah \u2013 od idejne zasnove, do priprave scene in kostumov ter kon\u010dno tudi uprizoritve razredne predstave.<\/p>\n<p>Pri gledali\u0161kem klubu se bomo ustvarjalno u\u010dili na ve\u010d podro\u010djih:<\/p>\n<ul>\n<li>igra (mimika, improvizacija, branje po vlogah, tehnike branja, interpretativno branje \u2026),<\/li>\n<li>dramaturgija (oblikovanje dramskih besedil in preoblikovanje zgodb v dramsko besedilo),<\/li>\n<li>gledali\u0161\u010de (obisk gledali\u0161\u010da, spoznavanje zgodovine gledali\u0161\u010da, gledali\u0161\u010da kot prostora, poklicev \u2026),<\/li>\n<li>na\u0161a predstava \u2013 od ideje do uprizoritve (idejna zasnova, ustvarjanje besedila, kostumografija, scenografija, re\u017eija, uprizoritev).<\/li>\n<\/ul>\n<p>[\/vc_column_text][\/vc_column][\/vc_row]<\/p>\n","protected":false},"excerpt":{"rendered":"<p>[vc_row][vc_column width=&#8221;1\/3&#8243;][vc_single_image image=&#8221;1276&#8243; img_size=&#8221;medium&#8221;][\/vc_column][vc_column width=&#8221;2\/3&#8243;][vc_column_text] Sloven\u0161\u010dina: Gledali\u0161ki klub \u0160tevilo ur tedensko: 1 Izbira: Enoletni predmet za 8. in 9. razred&nbsp;<a href=\"https:\/\/www.oslivade.si\/?page_id=1273\">&hellip;<\/a><\/p>\n","protected":false},"author":1,"featured_media":0,"parent":0,"menu_order":0,"comment_status":"closed","ping_status":"closed","template":"","meta":{"ngg_post_thumbnail":0,"footnotes":""},"class_list":["post-1273","page","type-page","status-publish","hentry","odd"],"_links":{"self":[{"href":"https:\/\/www.oslivade.si\/index.php?rest_route=\/wp\/v2\/pages\/1273"}],"collection":[{"href":"https:\/\/www.oslivade.si\/index.php?rest_route=\/wp\/v2\/pages"}],"about":[{"href":"https:\/\/www.oslivade.si\/index.php?rest_route=\/wp\/v2\/types\/page"}],"author":[{"embeddable":true,"href":"https:\/\/www.oslivade.si\/index.php?rest_route=\/wp\/v2\/users\/1"}],"replies":[{"embeddable":true,"href":"https:\/\/www.oslivade.si\/index.php?rest_route=%2Fwp%2Fv2%2Fcomments&post=1273"}],"version-history":[{"count":4,"href":"https:\/\/www.oslivade.si\/index.php?rest_route=\/wp\/v2\/pages\/1273\/revisions"}],"predecessor-version":[{"id":1680,"href":"https:\/\/www.oslivade.si\/index.php?rest_route=\/wp\/v2\/pages\/1273\/revisions\/1680"}],"wp:attachment":[{"href":"https:\/\/www.oslivade.si\/index.php?rest_route=%2Fwp%2Fv2%2Fmedia&parent=1273"}],"curies":[{"name":"wp","href":"https:\/\/api.w.org\/{rel}","templated":true}]}}