{"id":1290,"date":"2018-11-12T16:30:47","date_gmt":"2018-11-12T14:30:47","guid":{"rendered":"http:\/\/91.220.156.17\/?page_id=1290"},"modified":"2023-04-14T10:07:51","modified_gmt":"2023-04-14T09:07:51","slug":"prehrana-nacin-prehranjevanja","status":"publish","type":"page","link":"https:\/\/www.oslivade.si\/?page_id=1290","title":{"rendered":"PREHRANA: NA\u010cINI PREHRANJEVANJA"},"content":{"rendered":"<p>[vc_row][vc_column width=&#8221;1\/3&#8243;][vc_single_image image=&#8221;1292&#8243; img_size=&#8221;medium&#8221;][\/vc_column][vc_column width=&#8221;2\/3&#8243;][vc_column_text]<\/p>\n<table id=\"table2\">\n<tbody>\n<tr>\n<th colspan=\"2\">Prehrana: na\u010dini prehranjevanja<\/th>\n<\/tr>\n<tr>\n<td width=\"200\">\u0160tevilo ur tedensko:<\/td>\n<td>1<\/td>\n<\/tr>\n<tr>\n<td>Izbira:<\/td>\n<td>Enoletni predmet za 9. razred<\/td>\n<\/tr>\n<tr>\n<td>Nosilec:<\/td>\n<td>Janja Prelec<\/td>\n<\/tr>\n<\/tbody>\n<\/table>\n<p>[\/vc_column_text][\/vc_column][\/vc_row][vc_row][vc_column][vc_column_text]Na\u010din prehranjevanja je nadgradnja predmeta Sodobna priprava hrane.<\/p>\n<ul>\n<li><strong>Prehrana v razli\u010dnih \u017eivljenjskih obdobjih<\/strong> &#8211; dojen\u010dek, \u0161olar, \u0161tudent, odrasel \u010dlovek, prehrana starej\u0161ih in bolnih ljudi.<\/li>\n<li><strong>Prehrana v drugih de\u017eelah<\/strong> \u2013 kuhinje: italijanska, francoska, kitajska, gr\u0161ka, mad\u017earska, \u0161panska in<\/li>\n<li><strong>Zna\u010dilne jedi in kuhinje v slovenskih regijah<\/strong> \u2013 doma\u010da primorska, koro\u0161ka, \u0161tajerska, dolenjska in prekmurska\u2026<\/li>\n<\/ul>\n<p>Delo poteka &#8211; 1 uro teorija, 2 uri prakse; U\u010denci material za prakti\u010dno delo prinesejo sami.[\/vc_column_text][\/vc_column][\/vc_row]<\/p>\n","protected":false},"excerpt":{"rendered":"<p>[vc_row][vc_column width=&#8221;1\/3&#8243;][vc_single_image image=&#8221;1292&#8243; img_size=&#8221;medium&#8221;][\/vc_column][vc_column width=&#8221;2\/3&#8243;][vc_column_text] Prehrana: na\u010dini prehranjevanja \u0160tevilo ur tedensko: 1 Izbira: Enoletni predmet za 9. razred Nosilec: Janja&nbsp;<a href=\"https:\/\/www.oslivade.si\/?page_id=1290\">&hellip;<\/a><\/p>\n","protected":false},"author":1,"featured_media":0,"parent":0,"menu_order":0,"comment_status":"closed","ping_status":"closed","template":"","meta":{"ngg_post_thumbnail":0,"footnotes":""},"class_list":["post-1290","page","type-page","status-publish","hentry","odd"],"_links":{"self":[{"href":"https:\/\/www.oslivade.si\/index.php?rest_route=\/wp\/v2\/pages\/1290"}],"collection":[{"href":"https:\/\/www.oslivade.si\/index.php?rest_route=\/wp\/v2\/pages"}],"about":[{"href":"https:\/\/www.oslivade.si\/index.php?rest_route=\/wp\/v2\/types\/page"}],"author":[{"embeddable":true,"href":"https:\/\/www.oslivade.si\/index.php?rest_route=\/wp\/v2\/users\/1"}],"replies":[{"embeddable":true,"href":"https:\/\/www.oslivade.si\/index.php?rest_route=%2Fwp%2Fv2%2Fcomments&post=1290"}],"version-history":[{"count":7,"href":"https:\/\/www.oslivade.si\/index.php?rest_route=\/wp\/v2\/pages\/1290\/revisions"}],"predecessor-version":[{"id":15024,"href":"https:\/\/www.oslivade.si\/index.php?rest_route=\/wp\/v2\/pages\/1290\/revisions\/15024"}],"wp:attachment":[{"href":"https:\/\/www.oslivade.si\/index.php?rest_route=%2Fwp%2Fv2%2Fmedia&parent=1290"}],"curies":[{"name":"wp","href":"https:\/\/api.w.org\/{rel}","templated":true}]}}