{"id":1296,"date":"2018-11-12T16:37:09","date_gmt":"2018-11-12T14:37:09","guid":{"rendered":"http:\/\/91.220.156.17\/?page_id=1296"},"modified":"2026-04-14T13:07:43","modified_gmt":"2026-04-14T12:07:43","slug":"racunalnistvo-urejanje-besedil","status":"publish","type":"page","link":"https:\/\/www.oslivade.si\/?page_id=1296","title":{"rendered":"RA\u010cUNALNI\u0160TVO: UREJANJE BESEDIL"},"content":{"rendered":"<p>[vc_row][vc_column width=&#8221;1\/3&#8243;][vc_single_image image=&#8221;1298&#8243; img_size=&#8221;medium&#8221;][\/vc_column][vc_column width=&#8221;2\/3&#8243;][vc_column_text]<\/p>\n<table id=\"table2\">\n<tbody>\n<tr>\n<th colspan=\"2\">Ra\u010dunalni\u0161tvo: Urejanje besedil<\/th>\n<\/tr>\n<tr>\n<td width=\"200\">\u0160tevilo ur tedensko:<\/td>\n<td>1<\/td>\n<\/tr>\n<tr>\n<td>Izbira:<\/td>\n<td>Enoletni predmet za 7. razred<\/td>\n<\/tr>\n<tr>\n<td>Nosilec:<\/td>\n<td>Marija \u0160imonivi\u0107<\/td>\n<\/tr>\n<\/tbody>\n<\/table>\n<p>&nbsp;[\/vc_column_text][\/vc_column][\/vc_row][vc_row][vc_column][vc_column_text]Danes si je skoraj nemogo\u010de predstavljati svet brez informacijsko komunikacijske tehnologije. Pri IKT pa igra glavno vlogo ravno ra\u010dunalnik in znanje uporabe tega. Ra\u010dunalni\u0161tvo je naravoslovno-tehni\u010dni izbirni predmet, pri katerem se spoznavanje in razumevanje osnovnih zakonitosti ra\u010dunalni\u0161tva prepleta z metodami neposrednega dela z ra\u010dunalniki, kar odpira u\u010dencem in u\u010denkam mo\u017enost, da pridobijo tista temeljna znanja ra\u010dunalni\u0161ke pismenosti, ki so potrebna pri nadaljnjem izobra\u017eevanju in vsakdanjem \u017eivljenju.<br \/>\nPri izbirnem predmetu ra\u010dunalni\u0161tvo \u2013 urejanje besedil pridobijo u\u010denci in u\u010denke osnovna znanja, ki so potrebna za razumevanje in temeljno uporabo ra\u010dunalnika. Ves \u010das izobra\u017eevanja je v ospredju aktivna vloga u\u010dencev in u\u010denk in njihov osebni, strokovni in jezikovni razvoj. Pri tem se razvija sposobnost ustvarjalnega in kriti\u010dnega mi\u0161ljenja ter presojanja z namenom, da se zagotovi razumno in samozavestno odlo\u010danje u\u010dencev in u\u010denk v novih ter nepredvidljivih situacijah.<\/p>\n<p>Nekaj ciljev:<br \/>\n\u2022 predstaviti informacijo z ve\u010d podatki<br \/>\n\u2022 na\u0161teti razli\u010dne na\u010dine zapisa podatkov<br \/>\n\u2022 razlikovati programsko in strojno opremo ra\u010dunalnika in opisati njune naloge<br \/>\n\u2022 na\u0161teti enote strojne opreme ra\u010dunalnika, razlo\u017eiti, zakaj jih uporabljamo, in opredeli ti kriterije, po katerih vrednotimo njihovo kakovost<br \/>\n\u2022 izbrati ustrezen ra\u010dunalni\u0161ki program in ga zagnati v grafi\u010dnem operacijskem sistemu<br \/>\n\u2022 v programu izbrati in uporabiti ustrezen ukaz<br \/>\n\u2022 izdelati svoje podro\u010dje, ga preimenovati in zbrisati<br \/>\n\u2022 z urejevalnikom besedil napisati kraj\u0161e besedilo in ga oblikovat<br \/>\n\u2022 razlikovati med ra\u010dunalni\u0161ko grafiko<br \/>\n\u2022 Z risarskim programom izdelati ra\u010dunalni\u0161ko to\u010dkovno sliko in jo vriniti v besedilo, \u2026[\/vc_column_text][\/vc_column][\/vc_row]<\/p>\n","protected":false},"excerpt":{"rendered":"<p>[vc_row][vc_column width=&#8221;1\/3&#8243;][vc_single_image image=&#8221;1298&#8243; img_size=&#8221;medium&#8221;][\/vc_column][vc_column width=&#8221;2\/3&#8243;][vc_column_text] Ra\u010dunalni\u0161tvo: Urejanje besedil \u0160tevilo ur tedensko: 1 Izbira: Enoletni predmet za 7. razred Nosilec: Marija&nbsp;<a href=\"https:\/\/www.oslivade.si\/?page_id=1296\">&hellip;<\/a><\/p>\n","protected":false},"author":1,"featured_media":0,"parent":0,"menu_order":0,"comment_status":"closed","ping_status":"closed","template":"","meta":{"ngg_post_thumbnail":0,"footnotes":""},"class_list":["post-1296","page","type-page","status-publish","hentry","odd"],"_links":{"self":[{"href":"https:\/\/www.oslivade.si\/index.php?rest_route=\/wp\/v2\/pages\/1296"}],"collection":[{"href":"https:\/\/www.oslivade.si\/index.php?rest_route=\/wp\/v2\/pages"}],"about":[{"href":"https:\/\/www.oslivade.si\/index.php?rest_route=\/wp\/v2\/types\/page"}],"author":[{"embeddable":true,"href":"https:\/\/www.oslivade.si\/index.php?rest_route=\/wp\/v2\/users\/1"}],"replies":[{"embeddable":true,"href":"https:\/\/www.oslivade.si\/index.php?rest_route=%2Fwp%2Fv2%2Fcomments&post=1296"}],"version-history":[{"count":6,"href":"https:\/\/www.oslivade.si\/index.php?rest_route=\/wp\/v2\/pages\/1296\/revisions"}],"predecessor-version":[{"id":18323,"href":"https:\/\/www.oslivade.si\/index.php?rest_route=\/wp\/v2\/pages\/1296\/revisions\/18323"}],"wp:attachment":[{"href":"https:\/\/www.oslivade.si\/index.php?rest_route=%2Fwp%2Fv2%2Fmedia&parent=1296"}],"curies":[{"name":"wp","href":"https:\/\/api.w.org\/{rel}","templated":true}]}}