{"id":1306,"date":"2018-11-12T16:46:31","date_gmt":"2018-11-12T14:46:31","guid":{"rendered":"http:\/\/91.220.156.17\/?page_id=1306"},"modified":"2023-04-14T09:32:57","modified_gmt":"2023-04-14T08:32:57","slug":"racunalnistvo-racunalniska-omrezja","status":"publish","type":"page","link":"https:\/\/www.oslivade.si\/?page_id=1306","title":{"rendered":"RA\u010cUNALNI\u0160TVO: RA\u010cUNALNI\u0160KA OMRE\u017dJA"},"content":{"rendered":"<p>[vc_row][vc_column width=&#8221;1\/3&#8243;][vc_single_image image=&#8221;15011&#8243; img_size=&#8221;medium&#8221;][\/vc_column][vc_column width=&#8221;2\/3&#8243;][vc_column_text]<\/p>\n<table id=\"table2\">\n<tbody>\n<tr>\n<th colspan=\"2\">Ra\u010dunalni\u0161tvo: Ra\u010dunalni\u0161ka omre\u017eja<\/th>\n<\/tr>\n<tr>\n<td width=\"200\">\u0160tevilo ur tedensko:<\/td>\n<td>1<\/td>\n<\/tr>\n<tr>\n<td>Izbira:<\/td>\n<td>Enoletni predmet za 9. razred<\/td>\n<\/tr>\n<tr>\n<td>Nosilec:<\/td>\n<td>Tina Mijot<\/td>\n<\/tr>\n<\/tbody>\n<\/table>\n<p>&nbsp;[\/vc_column_text][\/vc_column][\/vc_row][vc_row][vc_column][vc_column_text]Danes si je skoraj nemogo\u010de predstavljati svet brez informacijsko komunikacijske tehnologije. Pri IKT pa igra glavno vlogo ravno ra\u010dunalnik in znanje uporabe tega. Ra\u010dunalni\u0161tvo je naravoslovno-tehni\u010dni izbirni predmet, pri katerem se spoznavanje in razumevanje osnovnih zakonitosti ra\u010dunalni\u0161tva prepleta z metodami neposrednega dela z ra\u010dunalniki, kar odpira u\u010dencem in u\u010denkam mo\u017enost, da pridobijo tista temeljna znanja ra\u010dunalni\u0161ke pismenosti, ki so potrebna pri nadaljnjem izobra\u017eevanju in vsakdanjem \u017eivljenju.<br \/>\nPri izbirnem predmetu ra\u010dunalni\u0161tvo \u2013 pri predmetu ra\u010dunalni\u0161ka omre\u017eja pa se znanja spiralno nadgradijo, poglobijo in raz\u0161irijo.<br \/>\nVes \u010das izobra\u017eevanja je v ospredju aktivna vloga u\u010dencev in u\u010denk in njihov osebni, strokovni in jezikovni razvoj. Pri tem se razvija sposobnost ustvarjalnega in kriti\u010dnega mi\u0161ljenja ter presojanja z namenom, da se zagotovi razumno in samozavestno odlo\u010danje u\u010dencev in u\u010denk v novih ter nepredvidljivih situacijah.<\/p>\n<p>Nekaj ciljev:<br \/>\n\u2022 razlo\u017eiti, kaj pomeni za kakovost informacije preve\u010d oziroma premalo podatkov;<br \/>\n\u2022 razlo\u017eiti vpliv napa\u010dnih oziroma narobe razumljenih podatkov na kakovost informiranja;<br \/>\n\u2022 na\u0161teti temeljne vrste programske opreme ra\u010dunalnika in<br \/>\nrazlo\u017eiti, zakaj jih uporabljamo;<br \/>\n\u2022 izdelati enostavno spletno stran;<br \/>\n\u2022 poiskati in uporabiti podatke iz omre\u017eja internet;<br \/>\n\u2022 razumeti pojme omre\u017eje, ra\u010dunalni\u0161ko omre\u017eje, protokoli, mre\u017ea;<br \/>\n\u2022 opisati podro\u010dja, na katerih so uporabljali ra\u010dunalnik,&#8230;[\/vc_column_text][\/vc_column][\/vc_row]<\/p>\n","protected":false},"excerpt":{"rendered":"<p>[vc_row][vc_column width=&#8221;1\/3&#8243;][vc_single_image image=&#8221;15011&#8243; img_size=&#8221;medium&#8221;][\/vc_column][vc_column width=&#8221;2\/3&#8243;][vc_column_text] Ra\u010dunalni\u0161tvo: Ra\u010dunalni\u0161ka omre\u017eja \u0160tevilo ur tedensko: 1 Izbira: Enoletni predmet za 9. razred Nosilec: Tina&nbsp;<a href=\"https:\/\/www.oslivade.si\/?page_id=1306\">&hellip;<\/a><\/p>\n","protected":false},"author":1,"featured_media":0,"parent":0,"menu_order":0,"comment_status":"closed","ping_status":"closed","template":"","meta":{"ngg_post_thumbnail":0,"footnotes":""},"class_list":["post-1306","page","type-page","status-publish","hentry","odd"],"_links":{"self":[{"href":"https:\/\/www.oslivade.si\/index.php?rest_route=\/wp\/v2\/pages\/1306"}],"collection":[{"href":"https:\/\/www.oslivade.si\/index.php?rest_route=\/wp\/v2\/pages"}],"about":[{"href":"https:\/\/www.oslivade.si\/index.php?rest_route=\/wp\/v2\/types\/page"}],"author":[{"embeddable":true,"href":"https:\/\/www.oslivade.si\/index.php?rest_route=\/wp\/v2\/users\/1"}],"replies":[{"embeddable":true,"href":"https:\/\/www.oslivade.si\/index.php?rest_route=%2Fwp%2Fv2%2Fcomments&post=1306"}],"version-history":[{"count":6,"href":"https:\/\/www.oslivade.si\/index.php?rest_route=\/wp\/v2\/pages\/1306\/revisions"}],"predecessor-version":[{"id":15013,"href":"https:\/\/www.oslivade.si\/index.php?rest_route=\/wp\/v2\/pages\/1306\/revisions\/15013"}],"wp:attachment":[{"href":"https:\/\/www.oslivade.si\/index.php?rest_route=%2Fwp%2Fv2%2Fmedia&parent=1306"}],"curies":[{"name":"wp","href":"https:\/\/api.w.org\/{rel}","templated":true}]}}