{"id":131,"date":"2018-10-16T12:26:01","date_gmt":"2018-10-16T10:26:01","guid":{"rendered":"http:\/\/91.220.156.17\/?page_id=131"},"modified":"2025-11-03T11:23:25","modified_gmt":"2025-11-03T10:23:25","slug":"solski-avtobus","status":"publish","type":"page","link":"https:\/\/www.oslivade.si\/?page_id=131","title":{"rendered":"\u0160OLSKI AVTOBUS"},"content":{"rendered":"<p>[vc_row][vc_column][vc_column_text css_animation=&#8221;none&#8221;]<\/p>\n<h4>Vozni red Medo\u0161i-Izola<\/h4>\n<table id=\"table2\" style=\"width: 100%; min-width: 600px;\">\n<tbody>\n<tr>\n<th width=\"20%\">POSTAJA \/ ODHOD<\/th>\n<th width=\"13%\">1 (\u0160)<\/th>\n<th width=\"13%\">2 (\u0160)<\/th>\n<th width=\"13%\">3 (\u0160)<\/th>\n<th width=\"13%\">4 (\u0160)<\/th>\n<th width=\"13%\">5 (\u0160)<\/th>\n<th width=\"13%\">6 (\u0160)<\/th>\n<\/tr>\n<tr>\n<td>Medo\u0161i<\/td>\n<td>06:40<\/td>\n<td>&nbsp;<\/td>\n<td>07:40<\/td>\n<td>12:50<\/td>\n<td>13:50<\/td>\n<td>14:35<\/td>\n<\/tr>\n<tr>\n<td>Korte<\/td>\n<td>06:42<\/td>\n<td>&nbsp;<\/td>\n<td>07:42<\/td>\n<td>12:52<\/td>\n<td>13:52<\/td>\n<td>14:37<\/td>\n<\/tr>\n<tr>\n<td>Korte vas<\/td>\n<td>06:43<\/td>\n<td>&nbsp;<\/td>\n<td>07:43<\/td>\n<td>&nbsp;<\/td>\n<td>&nbsp;<\/td>\n<td>&nbsp;<\/td>\n<\/tr>\n<tr>\n<td>Korte \u0161ola<\/td>\n<td>06:45<\/td>\n<td>&nbsp;<\/td>\n<td>07:45<\/td>\n<td>12:53<\/td>\n<td>13:53<\/td>\n<td>14:38<\/td>\n<\/tr>\n<tr>\n<td>Morgani<\/td>\n<td>06:47<\/td>\n<td>&nbsp;<\/td>\n<td>07:47<\/td>\n<td>12:55<\/td>\n<td>13:55<\/td>\n<td>14:40<\/td>\n<\/tr>\n<tr>\n<td>Podhrib<\/td>\n<td>06:48<\/td>\n<td>&nbsp;<\/td>\n<td>07:48<\/td>\n<td>12:56<\/td>\n<td>13:56<\/td>\n<td>14:41<\/td>\n<\/tr>\n<tr>\n<td>Malija<\/td>\n<td>06:51<\/td>\n<td>07:45<\/td>\n<td>&nbsp;<\/td>\n<td>12:59<\/td>\n<td>13:59<\/td>\n<td>14:44<\/td>\n<\/tr>\n<tr>\n<td>Cetore<\/td>\n<td>06:54<\/td>\n<td>07:48<\/td>\n<td>07:49<\/td>\n<td>13:02<\/td>\n<td>14:02<\/td>\n<td>14:47<\/td>\n<\/tr>\n<tr>\n<td>\u0160ared G<\/td>\n<td>06:56<\/td>\n<td>07:50<\/td>\n<td>07:51<\/td>\n<td>13:04<\/td>\n<td>14:04<\/td>\n<td>14:49<\/td>\n<\/tr>\n<tr>\n<td>\u0160ared<\/td>\n<td>06:57<\/td>\n<td>07:51<\/td>\n<td>07:52<\/td>\n<td>13:05<\/td>\n<td>14:05<\/td>\n<td>14:50<\/td>\n<\/tr>\n<tr>\n<td>Baredi<\/td>\n<td>07:00<\/td>\n<td>07:54<\/td>\n<td>07:55<\/td>\n<td>13:08<\/td>\n<td>14:08<\/td>\n<td>14:53<\/td>\n<\/tr>\n<tr>\n<td>Izola Pre\u0161ernova O\u0160<\/td>\n<td>07:07<\/td>\n<td>08:01<\/td>\n<td>08:02<\/td>\n<td>&nbsp;<\/td>\n<td>&nbsp;<\/td>\n<td>&nbsp;<\/td>\n<\/tr>\n<tr>\n<td>Izola O\u0160 Livade<\/td>\n<td>07:10<\/td>\n<td>08:04<\/td>\n<td>08:05<\/td>\n<td>13:13<\/td>\n<td>14:13<\/td>\n<td>14:58<\/td>\n<\/tr>\n<tr>\n<td>Izola<\/td>\n<td>07:14<\/td>\n<td>08:08<\/td>\n<td>08:09<\/td>\n<td>13:17<\/td>\n<td>14:17<\/td>\n<td>15:02<\/td>\n<\/tr>\n<\/tbody>\n<\/table>\n<p>Opomba:&nbsp; vozi v dneh \u0161olskega pouka<\/p>\n<p><!-- IZOLA - MEDOSI --><\/p>\n<h4>Vozni red Izola-Medo\u0161i<\/h4>\n<table id=\"table2\" style=\"width: 100%; min-width: 600px;\">\n<tbody>\n<tr>\n<th width=\"20%\">POSTAJA \/ ODHOD<\/th>\n<th width=\"13%\">1 (\u0160)<\/th>\n<th width=\"13%\">2 (\u0160)<\/th>\n<th width=\"13%\">3 (\u0160)<\/th>\n<th width=\"13%\">4 (\u0160)<\/th>\n<th width=\"13%\">5 (\u0160)<\/th>\n<th width=\"13%\">6 (\u0160)<\/th>\n<\/tr>\n<tr>\n<td>Izola<\/td>\n<td>07:15<\/td>\n<td>12:15<\/td>\n<td>13:20<\/td>\n<td>14:00<\/td>\n<td>15:05<\/td>\n<td>15:40<\/td>\n<\/tr>\n<tr>\n<td>Izola Pre\u0161ernova O\u0160<\/td>\n<td>&nbsp;<\/td>\n<td>12:18<\/td>\n<td>13:23<\/td>\n<td>14:03<\/td>\n<td>15:08<\/td>\n<td>15:43<\/td>\n<\/tr>\n<tr>\n<td>Izola O\u0160 Livade<\/td>\n<td>&nbsp;<\/td>\n<td>12:21<\/td>\n<td>13:26<\/td>\n<td>14:08<\/td>\n<td>15:11<\/td>\n<td>15:46<\/td>\n<\/tr>\n<tr>\n<td>Baredi<\/td>\n<td>07:20<\/td>\n<td>12:26<\/td>\n<td>13:31<\/td>\n<td>14:13<\/td>\n<td>15:16<\/td>\n<td>15:51<\/td>\n<\/tr>\n<tr>\n<td>\u0160ared<\/td>\n<td>07:23<\/td>\n<td>12:29<\/td>\n<td>13:34<\/td>\n<td>14:16<\/td>\n<td>15:19<\/td>\n<td>15:54<\/td>\n<\/tr>\n<tr>\n<td>\u0160ared G<\/td>\n<td>07:24<\/td>\n<td>12:30<\/td>\n<td>13:35<\/td>\n<td>14:17<\/td>\n<td>15:20<\/td>\n<td>15:55<\/td>\n<\/tr>\n<tr>\n<td>Cetore<\/td>\n<td>07:26<\/td>\n<td>12:32<\/td>\n<td>13:37<\/td>\n<td>14:19<\/td>\n<td>15:22<\/td>\n<td>15:57<\/td>\n<\/tr>\n<tr>\n<td>Malija<\/td>\n<td>07:29<\/td>\n<td>12:35<\/td>\n<td>13:40<\/td>\n<td>14:22<\/td>\n<td>15:25<\/td>\n<td>16:00<\/td>\n<\/tr>\n<tr>\n<td>Podhrib<\/td>\n<td>07:32<\/td>\n<td>12:38<\/td>\n<td>13:43<\/td>\n<td>14:25<\/td>\n<td>15:28<\/td>\n<td>16:03<\/td>\n<\/tr>\n<tr>\n<td>Morgani<\/td>\n<td>07:33<\/td>\n<td>12:39<\/td>\n<td>13:44<\/td>\n<td>14:26<\/td>\n<td>15:29<\/td>\n<td>16:04<\/td>\n<\/tr>\n<tr>\n<td>Korte \u0161ola<\/td>\n<td>07:35<\/td>\n<td>12:41<\/td>\n<td>13:46<\/td>\n<td>14:28<\/td>\n<td>15:31<\/td>\n<td>16:06<\/td>\n<\/tr>\n<tr>\n<td>Korte vas<\/td>\n<td>&nbsp;<\/td>\n<td>12:43<\/td>\n<td>13:48<\/td>\n<td>14:32<\/td>\n<td>15:33<\/td>\n<td>16:08<\/td>\n<\/tr>\n<tr>\n<td>Korte<\/td>\n<td>07:36<\/td>\n<td>12:44<\/td>\n<td>13:49<\/td>\n<td>14:33<\/td>\n<td>15:34<\/td>\n<td>16:09<\/td>\n<\/tr>\n<tr>\n<td>Medo\u0161i<\/td>\n<td>07:38<\/td>\n<td>12:46<\/td>\n<td>13:50<\/td>\n<td>14:35<\/td>\n<td>15:36<\/td>\n<td>16:11<\/td>\n<\/tr>\n<\/tbody>\n<\/table>\n<p>Opomba:&nbsp; vozi v dneh \u0161olskega pouka<\/p>\n<table style=\"border: none; width: 70%;\">\n<tbody style=\"border: none;\">\n<tr style=\"border: none;\">\n<td style=\"border: none;\" width=\"50%\"><!-- MALA SEVA - IZOLA --><\/p>\n<h4>Vozni red Baredi &#8211; O\u0160 Vojke \u0160muc &#8211; O\u0160 Livade<\/h4>\n<table id=\"table2\">\n<tbody>\n<tr>\n<th width=\"50%\">POSTAJA&nbsp; \/&nbsp; ODHOD<\/th>\n<th style=\"text-align: center;\" width=\"50%\">1 (\u0160)<\/th>\n<\/tr>\n<tr>\n<td>Baredi spodnji<\/td>\n<td style=\"text-align: center;\">07:17<\/td>\n<\/tr>\n<tr>\n<td>Baredi kme\u010d.t.<\/td>\n<td style=\"text-align: center;\">07:19<\/td>\n<\/tr>\n<tr>\n<td>Baredi Sleme<\/td>\n<td style=\"text-align: center;\">07:20<\/td>\n<\/tr>\n<tr>\n<td>Izola O\u0160 Livade<\/td>\n<td style=\"text-align: center;\">07:29<\/td>\n<\/tr>\n<tr>\n<td>Izola Pre\u0161ernova O\u0160<\/td>\n<td style=\"text-align: center;\">07:32<\/td>\n<\/tr>\n<\/tbody>\n<\/table>\n<\/td>\n<td style=\"border: none;\" width=\"50%\"><!-- IZOLA - MALA SEVA--><\/p>\n<h4>Vozni red O\u0160 Livade &#8211; O\u0160 Vojke \u0160muc &#8211; Baredi<\/h4>\n<table id=\"table2\">\n<tbody>\n<tr>\n<th width=\"50%\">POSTAJA \/ ODHOD<\/th>\n<th style=\"text-align: center;\" width=\"25%\">2 (\u0160)<\/th>\n<th style=\"text-align: center;\" width=\"25%\">2 (\u0160)<\/th>\n<\/tr>\n<tr>\n<td>Izola Pre\u0161ernova O\u0160<\/td>\n<td style=\"text-align: center;\">13:20<\/td>\n<td style=\"text-align: center;\">14:50<\/td>\n<\/tr>\n<tr>\n<td>Izola O\u0160 Livade<\/td>\n<td style=\"text-align: center;\">13:23<\/td>\n<td style=\"text-align: center;\">14:53<\/td>\n<\/tr>\n<tr>\n<td>Baredi Sleme<\/td>\n<td style=\"text-align: center;\">13:29<\/td>\n<td style=\"text-align: center;\">14:59<\/td>\n<\/tr>\n<tr>\n<td>Baredi kme\u010d.t.<\/td>\n<td style=\"text-align: center;\">13:30<\/td>\n<td style=\"text-align: center;\">15:00<\/td>\n<\/tr>\n<tr>\n<td>Baredi spodnji<\/td>\n<td style=\"text-align: center;\">13:32<\/td>\n<td style=\"text-align: center;\">15:02<\/td>\n<\/tr>\n<\/tbody>\n<\/table>\n<\/td>\n<\/tr>\n<\/tbody>\n<\/table>\n<p>Opomba:&nbsp; vozi v dneh \u0161olskega pouka<\/p>\n<table style=\"border: none; width: 70%;\">\n<tbody style=\"border: none;\">\n<tr style=\"border: none;\">\n<td style=\"border: none;\" width=\"50%\"><!-- Belveder - Izola Pre\u0161ernova O\u0160--><\/p>\n<h4>Vozni red Belvedere-Dobrava-Montekalvo-O\u0160 Livade-O\u0160 Vojke \u0160muc<\/h4>\n<table id=\"table2\">\n<tbody>\n<tr>\n<th width=\"50%\">POSTAJA \/ ODHOD<\/th>\n<th style=\"text-align: center;\" width=\"50%\">1 (\u0160)<\/th>\n<\/tr>\n<tr>\n<td>Izola Dobrava \u010ceki<\/td>\n<td style=\"text-align: center;\">07:41<\/td>\n<\/tr>\n<tr>\n<td>Dobrava<\/td>\n<td style=\"text-align: center;\">07:43<\/td>\n<\/tr>\n<tr>\n<td>Belveder (parking Jasna)<\/td>\n<td style=\"text-align: center;\">07:44<\/td>\n<\/tr>\n<tr>\n<td>Montekalvo most<\/td>\n<td style=\"text-align: center;\">07:49<\/td>\n<\/tr>\n<tr>\n<td>Montekalvo<\/td>\n<td style=\"text-align: center;\">07:51<\/td>\n<\/tr>\n<tr>\n<td>Jagodje kro\u017ei\u0161\u010de<\/td>\n<td style=\"text-align: center;\">07:52<\/td>\n<\/tr>\n<tr>\n<td>Jagodje<\/td>\n<td style=\"text-align: center;\">07:54<\/td>\n<\/tr>\n<tr>\n<td>Izola O\u0160 Livade<\/td>\n<td style=\"text-align: center;\">07:57<\/td>\n<\/tr>\n<tr>\n<td>Izola Pre\u0161ernova O\u0160<\/td>\n<td style=\"text-align: center;\">08:00<\/td>\n<\/tr>\n<tr>\n<td>Pekarna<\/td>\n<td style=\"text-align: center;\">08:05<\/td>\n<\/tr>\n<\/tbody>\n<\/table>\n<\/td>\n<td style=\"border: none;\" width=\"50%\"><!-- Izola Pre\u0161ernova O\u0160 - Belveder --><\/p>\n<h4>Vozni red O\u0160 Vojke \u0160muc-O\u0160 Livade-Montekalvo-Dobrava-Belvedere<\/h4>\n<table id=\"table2\">\n<tbody>\n<tr>\n<th width=\"50%\">POSTAJA \/ ODHOD<\/th>\n<th style=\"text-align: center;\" width=\"17%\">&nbsp;minibus<\/th>\n<th style=\"text-align: center;\" width=\"17%\">kombi<\/th>\n<th style=\"text-align: center;\" width=\"16%\">&nbsp;minibus<\/th>\n<\/tr>\n<tr>\n<td>Pekarna<\/td>\n<td style=\"text-align: center;\">13:15<\/td>\n<td style=\"text-align: center;\">14:05<\/td>\n<td style=\"text-align: center;\">14:45<\/td>\n<\/tr>\n<tr>\n<td>Izola Pre\u0161ernova O\u0160<\/td>\n<td style=\"text-align: center;\">13:20<\/td>\n<td style=\"text-align: center;\">14:10<\/td>\n<td style=\"text-align: center;\">14:50<\/td>\n<\/tr>\n<tr>\n<td>Izola O\u0160 Livade<\/td>\n<td style=\"text-align: center;\">13:23<\/td>\n<td style=\"text-align: center;\">14:13<\/td>\n<td style=\"text-align: center;\">14:53<\/td>\n<\/tr>\n<tr>\n<td>Jagodje<\/td>\n<td style=\"text-align: center;\">13:26<\/td>\n<td style=\"text-align: center;\">14:16<\/td>\n<td style=\"text-align: center;\">14:56<\/td>\n<\/tr>\n<tr>\n<td>Jagodje kri\u017ei\u0161\u010de<\/td>\n<td style=\"text-align: center;\">13:28<\/td>\n<td style=\"text-align: center;\">14:18<\/td>\n<td style=\"text-align: center;\">14:58<\/td>\n<\/tr>\n<tr>\n<td>Montekalvo<\/td>\n<td style=\"text-align: center;\">13:29<\/td>\n<td style=\"text-align: center;\">14:19<\/td>\n<td style=\"text-align: center;\">14:59<\/td>\n<\/tr>\n<tr>\n<td>Montekalvo most<\/td>\n<td style=\"text-align: center;\">13:31<\/td>\n<td style=\"text-align: center;\">14:21<\/td>\n<td style=\"text-align: center;\">15:06<\/td>\n<\/tr>\n<tr>\n<td>Belveder (parking Jasna)<\/td>\n<td style=\"text-align: center;\">13.36<\/td>\n<td style=\"text-align: center;\">14:28<\/td>\n<td style=\"text-align: center;\">15:08<\/td>\n<\/tr>\n<tr>\n<td>Izola Dobrava<\/td>\n<td style=\"text-align: center;\">13:38<\/td>\n<td style=\"text-align: center;\">14:30<\/td>\n<td style=\"text-align: center;\">15:10<\/td>\n<\/tr>\n<tr>\n<td>Dobrava &#8211; \u010ceki<\/td>\n<td style=\"text-align: center;\">13:40<\/td>\n<td style=\"text-align: center;\">14:19<\/td>\n<td style=\"text-align: center;\">14:59<\/td>\n<\/tr>\n<\/tbody>\n<\/table>\n<\/td>\n<\/tr>\n<\/tbody>\n<\/table>\n<table style=\"border: none; width: 70%;\">\n<tbody style=\"border: none;\">\n<tr style=\"border: none;\">\n<td style=\"border: none;\" width=\"50%\">Opomba:&nbsp; vozi v dneh \u0161olskega pouka<\/p>\n<h4>Vozni red Cetore \u2013 Korte &#8211; Izola<\/h4>\n<table id=\"table2\">\n<tbody>\n<tr>\n<th width=\"50%\">POSTAJA \/ ODHOD<\/th>\n<th style=\"text-align: center;\" width=\"50%\">kombi<\/th>\n<\/tr>\n<tr>\n<td>Cetore<\/td>\n<td style=\"text-align: center;\">07:40<\/td>\n<\/tr>\n<tr>\n<td>Korte<\/td>\n<td style=\"text-align: center;\">07:45<\/td>\n<\/tr>\n<tr>\n<td>Izola<\/td>\n<td style=\"text-align: center;\">08:00<\/td>\n<\/tr>\n<\/tbody>\n<\/table>\n<\/td>\n<td style=\"border: none;\" width=\"50%\">&nbsp;<\/p>\n<h4>Vozni red Izola \u2013 Korte &#8211; Cetore<\/h4>\n<table id=\"table2\">\n<tbody>\n<tr>\n<th width=\"50%\">POSTAJA \/ ODHOD<\/th>\n<th style=\"text-align: center;\" width=\"50%\">kombi<\/th>\n<\/tr>\n<tr>\n<td>Cetore<\/td>\n<td style=\"text-align: center;\">14:20<\/td>\n<\/tr>\n<tr>\n<td>Korte<\/td>\n<td style=\"text-align: center;\">14:25<\/td>\n<\/tr>\n<tr>\n<td>Izola<\/td>\n<td style=\"text-align: center;\">14:05<\/td>\n<\/tr>\n<\/tbody>\n<\/table>\n<\/td>\n<\/tr>\n<\/tbody>\n<\/table>\n<p>Opomba:&nbsp; vozi v dneh \u0161olskega pouka[\/vc_column_text][\/vc_column][\/vc_row]<\/p>\n","protected":false},"excerpt":{"rendered":"<p>[vc_row][vc_column][vc_column_text css_animation=&#8221;none&#8221;] Vozni red Medo\u0161i-Izola POSTAJA \/ ODHOD 1 (\u0160) 2 (\u0160) 3 (\u0160) 4 (\u0160) 5 (\u0160) 6 (\u0160)&nbsp;<a href=\"https:\/\/www.oslivade.si\/?page_id=131\">&hellip;<\/a><\/p>\n","protected":false},"author":1,"featured_media":0,"parent":129,"menu_order":0,"comment_status":"closed","ping_status":"closed","template":"","meta":{"ngg_post_thumbnail":0,"footnotes":""},"class_list":["post-131","page","type-page","status-publish","hentry","odd"],"_links":{"self":[{"href":"https:\/\/www.oslivade.si\/index.php?rest_route=\/wp\/v2\/pages\/131"}],"collection":[{"href":"https:\/\/www.oslivade.si\/index.php?rest_route=\/wp\/v2\/pages"}],"about":[{"href":"https:\/\/www.oslivade.si\/index.php?rest_route=\/wp\/v2\/types\/page"}],"author":[{"embeddable":true,"href":"https:\/\/www.oslivade.si\/index.php?rest_route=\/wp\/v2\/users\/1"}],"replies":[{"embeddable":true,"href":"https:\/\/www.oslivade.si\/index.php?rest_route=%2Fwp%2Fv2%2Fcomments&post=131"}],"version-history":[{"count":67,"href":"https:\/\/www.oslivade.si\/index.php?rest_route=\/wp\/v2\/pages\/131\/revisions"}],"predecessor-version":[{"id":18013,"href":"https:\/\/www.oslivade.si\/index.php?rest_route=\/wp\/v2\/pages\/131\/revisions\/18013"}],"up":[{"embeddable":true,"href":"https:\/\/www.oslivade.si\/index.php?rest_route=\/wp\/v2\/pages\/129"}],"wp:attachment":[{"href":"https:\/\/www.oslivade.si\/index.php?rest_route=%2Fwp%2Fv2%2Fmedia&parent=131"}],"curies":[{"name":"wp","href":"https:\/\/api.w.org\/{rel}","templated":true}]}}