{"id":1329,"date":"2018-11-13T15:41:15","date_gmt":"2018-11-13T13:41:15","guid":{"rendered":"http:\/\/91.220.156.17\/?page_id=1329"},"modified":"2022-06-29T08:52:55","modified_gmt":"2022-06-29T08:52:55","slug":"sport-za-sprostitev","status":"publish","type":"page","link":"https:\/\/www.oslivade.si\/?page_id=1329","title":{"rendered":"\u0160PORT: \u0160PORT ZA SPROSTITEV"},"content":{"rendered":"<p>[vc_row][vc_column width=&#8221;1\/3&#8243;][vc_single_image image=&#8221;1333&#8243; img_size=&#8221;medium&#8221;][\/vc_column][vc_column width=&#8221;2\/3&#8243;][vc_column_text]<\/p>\n<table id=\"table2\">\n<tbody>\n<tr>\n<th colspan=\"2\">\u0160port: \u0160port za sprostitev<\/th>\n<\/tr>\n<tr>\n<td width=\"200\">\u0160tevilo ur tedensko:<\/td>\n<td>1<\/td>\n<\/tr>\n<tr>\n<td>Izbira:<\/td>\n<td>Enoletni predmet za 7. razred<\/td>\n<\/tr>\n<tr>\n<td>Nosilec:<\/td>\n<td>Igor Bo\u017eeglav<\/p>\n<p>Sta\u0161a Jug<\/td>\n<\/tr>\n<\/tbody>\n<\/table>\n<p>&nbsp;[\/vc_column_text][\/vc_column][\/vc_row][vc_row][vc_column][vc_column_text]Cilji:<br \/>\n\u2022 osvajanje in izpopolnjevanje \u0161portnih znanj,<br \/>\n\u2022 oblikovanje pozitivnih vedenjskih vzorcev,<br \/>\n\u2022 pridobivanje trajnih \u0161portnih navad,<br \/>\n\u2022 navajanje na zdravo \u017eivljenje.<\/p>\n<p>Namen \u0161porta za sprostitev je prijetno do\u017eivljanje \u0161porta, oblikovanje in razvoj stali\u0161\u010d, navad in na\u010dinov ravnanja. U\u010denci se seznanijo s teoreti\u010dnimi vsebinami in novimi \u0161porti, ki so pomemben del \u0161portno rekreativne ponudbe, s \u010dimer pozitivno vplivajo na skladen telesni razvoj.<\/p>\n<p>Izvajanje: 2 \u0161olski uri na teden<\/p>\n<p>Si \u017eeli\u0161 igre in razvedrila v prijetni dru\u017ebi?<br \/>\nPreizkusi se v hokeju ali badmintonu, namiznem tenisu, baseballu in pandolu.<\/p>\n<p>Pri predmetu \u0161port za sprostitev, vse to in \u0161e ve\u010d.[\/vc_column_text][\/vc_column][\/vc_row]<\/p>\n","protected":false},"excerpt":{"rendered":"<p>[vc_row][vc_column width=&#8221;1\/3&#8243;][vc_single_image image=&#8221;1333&#8243; img_size=&#8221;medium&#8221;][\/vc_column][vc_column width=&#8221;2\/3&#8243;][vc_column_text] \u0160port: \u0160port za sprostitev \u0160tevilo ur tedensko: 1 Izbira: Enoletni predmet za 7. razred Nosilec:&nbsp;<a href=\"https:\/\/www.oslivade.si\/?page_id=1329\">&hellip;<\/a><\/p>\n","protected":false},"author":1,"featured_media":0,"parent":0,"menu_order":0,"comment_status":"closed","ping_status":"closed","template":"","meta":{"ngg_post_thumbnail":0,"footnotes":""},"class_list":["post-1329","page","type-page","status-publish","hentry","odd"],"_links":{"self":[{"href":"https:\/\/www.oslivade.si\/index.php?rest_route=\/wp\/v2\/pages\/1329"}],"collection":[{"href":"https:\/\/www.oslivade.si\/index.php?rest_route=\/wp\/v2\/pages"}],"about":[{"href":"https:\/\/www.oslivade.si\/index.php?rest_route=\/wp\/v2\/types\/page"}],"author":[{"embeddable":true,"href":"https:\/\/www.oslivade.si\/index.php?rest_route=\/wp\/v2\/users\/1"}],"replies":[{"embeddable":true,"href":"https:\/\/www.oslivade.si\/index.php?rest_route=%2Fwp%2Fv2%2Fcomments&post=1329"}],"version-history":[{"count":4,"href":"https:\/\/www.oslivade.si\/index.php?rest_route=\/wp\/v2\/pages\/1329\/revisions"}],"predecessor-version":[{"id":13841,"href":"https:\/\/www.oslivade.si\/index.php?rest_route=\/wp\/v2\/pages\/1329\/revisions\/13841"}],"wp:attachment":[{"href":"https:\/\/www.oslivade.si\/index.php?rest_route=%2Fwp%2Fv2%2Fmedia&parent=1329"}],"curies":[{"name":"wp","href":"https:\/\/api.w.org\/{rel}","templated":true}]}}