{"id":1343,"date":"2018-11-13T15:57:14","date_gmt":"2018-11-13T13:57:14","guid":{"rendered":"http:\/\/91.220.156.17\/?page_id=1343"},"modified":"2022-06-29T08:54:10","modified_gmt":"2022-06-29T08:54:10","slug":"izbrani-sport-nogomer","status":"publish","type":"page","link":"https:\/\/www.oslivade.si\/?page_id=1343","title":{"rendered":"IZBRANI \u0160PORT : NOGOMET"},"content":{"rendered":"<p>[vc_row][vc_column width=&#8221;1\/3&#8243;][vc_single_image image=&#8221;1346&#8243; img_size=&#8221;medium&#8221;][\/vc_column][vc_column width=&#8221;2\/3&#8243;][vc_column_text]<\/p>\n<table id=\"table2\">\n<tbody>\n<tr>\n<th colspan=\"2\">Izbrani \u0161port : Nogomet<\/th>\n<\/tr>\n<tr>\n<td width=\"200\">\u0160tevilo ur tedensko:<\/td>\n<td>1<\/td>\n<\/tr>\n<tr>\n<td>Izbira:<\/td>\n<td>Enoletni predmet za 9. razred<\/td>\n<\/tr>\n<tr>\n<td>Nosilec:<\/td>\n<td>Igor Bo\u017eeglav<\/td>\n<\/tr>\n<\/tbody>\n<\/table>\n<p>&nbsp;[\/vc_column_text][\/vc_column][\/vc_row][vc_row][vc_column][vc_column_text]Cilji:<br \/>\n\u2022 izpopolnjevanje osnovnih in u\u010denje zahtevnej\u0161ih takti\u010dnih in tehni\u010dnih elementov,<br \/>\n\u2022 spoznati pravila igre in sodni\u0161kih znakov,<br \/>\n\u2022 oblikovati pozitiven odnos do igre (fairplay).<\/p>\n<p>Odigrali bomo \u0161olsko ob\u010dinsko nogometno prvenstvo.<\/p>\n<p>Namen izbranega \u0161porta je prijetno do\u017eivljanje \u0161porta, oblikovanje in razvoj stali\u0161\u010d, navad in na\u010dinov ravnanja. Pri tem \u017eelimo spodbujati medsebojno sodelovanje in zdravo tekmovalnost v \u0161portu, spo\u0161tovati pravila \u0161portnega obna\u0161anja ter do\u017eivljati vpliv \u0161portne vadbe na dobro po\u010dutje.[\/vc_column_text][\/vc_column][\/vc_row]<\/p>\n","protected":false},"excerpt":{"rendered":"<p>[vc_row][vc_column width=&#8221;1\/3&#8243;][vc_single_image image=&#8221;1346&#8243; img_size=&#8221;medium&#8221;][\/vc_column][vc_column width=&#8221;2\/3&#8243;][vc_column_text] Izbrani \u0161port : Nogomet \u0160tevilo ur tedensko: 1 Izbira: Enoletni predmet za 9. razred Nosilec:&nbsp;<a href=\"https:\/\/www.oslivade.si\/?page_id=1343\">&hellip;<\/a><\/p>\n","protected":false},"author":1,"featured_media":0,"parent":0,"menu_order":0,"comment_status":"closed","ping_status":"closed","template":"","meta":{"ngg_post_thumbnail":0,"footnotes":""},"class_list":["post-1343","page","type-page","status-publish","hentry","odd"],"_links":{"self":[{"href":"https:\/\/www.oslivade.si\/index.php?rest_route=\/wp\/v2\/pages\/1343"}],"collection":[{"href":"https:\/\/www.oslivade.si\/index.php?rest_route=\/wp\/v2\/pages"}],"about":[{"href":"https:\/\/www.oslivade.si\/index.php?rest_route=\/wp\/v2\/types\/page"}],"author":[{"embeddable":true,"href":"https:\/\/www.oslivade.si\/index.php?rest_route=\/wp\/v2\/users\/1"}],"replies":[{"embeddable":true,"href":"https:\/\/www.oslivade.si\/index.php?rest_route=%2Fwp%2Fv2%2Fcomments&post=1343"}],"version-history":[{"count":4,"href":"https:\/\/www.oslivade.si\/index.php?rest_route=\/wp\/v2\/pages\/1343\/revisions"}],"predecessor-version":[{"id":13842,"href":"https:\/\/www.oslivade.si\/index.php?rest_route=\/wp\/v2\/pages\/1343\/revisions\/13842"}],"wp:attachment":[{"href":"https:\/\/www.oslivade.si\/index.php?rest_route=%2Fwp%2Fv2%2Fmedia&parent=1343"}],"curies":[{"name":"wp","href":"https:\/\/api.w.org\/{rel}","templated":true}]}}