{"id":135,"date":"2018-10-16T12:26:35","date_gmt":"2018-10-16T12:26:35","guid":{"rendered":"http:\/\/91.220.156.17\/?page_id=135"},"modified":"2025-04-15T14:01:38","modified_gmt":"2025-04-15T13:01:38","slug":"office-365","status":"publish","type":"page","link":"https:\/\/www.oslivade.si\/?page_id=135","title":{"rendered":"BREZPLA\u010cNO DO MS O365"},"content":{"rendered":"<p>U\u010denci Osnovne \u0161ole Livade so v \u010dasu trajanja izobra\u017eevalnega programa upravi\u010deni do brezpla\u010dne licence Microsoft Office 365 storitvenega paketa, ki poleg e-po\u0161tnega predala in digitalne shrambe vklju\u010duje programe Word, Excel, PowerPoint, Outlook, OneNote in OneDrive.<\/p>\n<h4>PRIDOBITEV UPORABNI\u0160KEGA RA\u010cUNA<\/h4>\n<p>Vsi u\u010denci v 5. razredu pridobijo \u0161olski e-po\u0161tni naslov in s tem tudi licenco za Microsoft 365.<\/p>\n<p><strong>NAMESTITEV PROGRAMA NA RA\u010cUNALNIK<\/strong><\/p>\n<p>\u010ce si \u017eelite namestiti Microsoft 365 na svoj ra\u010dunalnik sledite navodilom na Microsoftovi strani:<\/p>\n<p><a href=\"https:\/\/support.microsoft.com\/sl-si\/office\/prenos-namestitev-ali-ponovna-namestitev-storitve-microsoft-365-ali-sistema-office-2024-v-ra%C4%8Dunalnik-s-sistemom-windows-ali-ra%C4%8Dunalnik-mac-4414eaaf-0478-48be-9c42-23adc4716658\">Prenos, namestitev ali ponovna namestitev storitve Microsoft 365 ali sistema Office 2024 v ra\u010dunalnik s sistemom Windows ali ra\u010dunalnik Mac &#8211; Microsoftova podpora<\/a><\/p>\n","protected":false},"excerpt":{"rendered":"<p>U\u010denci Osnovne \u0161ole Livade so v \u010dasu trajanja izobra\u017eevalnega programa upravi\u010deni do brezpla\u010dne licence Microsoft Office 365 storitvenega paketa, ki&nbsp;<a href=\"https:\/\/www.oslivade.si\/?page_id=135\">&hellip;<\/a><\/p>\n","protected":false},"author":1,"featured_media":0,"parent":129,"menu_order":0,"comment_status":"closed","ping_status":"closed","template":"","meta":{"ngg_post_thumbnail":0,"footnotes":""},"class_list":["post-135","page","type-page","status-publish","hentry","odd"],"_links":{"self":[{"href":"https:\/\/www.oslivade.si\/index.php?rest_route=\/wp\/v2\/pages\/135"}],"collection":[{"href":"https:\/\/www.oslivade.si\/index.php?rest_route=\/wp\/v2\/pages"}],"about":[{"href":"https:\/\/www.oslivade.si\/index.php?rest_route=\/wp\/v2\/types\/page"}],"author":[{"embeddable":true,"href":"https:\/\/www.oslivade.si\/index.php?rest_route=\/wp\/v2\/users\/1"}],"replies":[{"embeddable":true,"href":"https:\/\/www.oslivade.si\/index.php?rest_route=%2Fwp%2Fv2%2Fcomments&post=135"}],"version-history":[{"count":7,"href":"https:\/\/www.oslivade.si\/index.php?rest_route=\/wp\/v2\/pages\/135\/revisions"}],"predecessor-version":[{"id":17502,"href":"https:\/\/www.oslivade.si\/index.php?rest_route=\/wp\/v2\/pages\/135\/revisions\/17502"}],"up":[{"embeddable":true,"href":"https:\/\/www.oslivade.si\/index.php?rest_route=\/wp\/v2\/pages\/129"}],"wp:attachment":[{"href":"https:\/\/www.oslivade.si\/index.php?rest_route=%2Fwp%2Fv2%2Fmedia&parent=135"}],"curies":[{"name":"wp","href":"https:\/\/api.w.org\/{rel}","templated":true}]}}