{"id":1357,"date":"2018-11-13T16:06:41","date_gmt":"2018-11-13T14:06:41","guid":{"rendered":"http:\/\/91.220.156.17\/?page_id=1357"},"modified":"2018-11-13T16:14:04","modified_gmt":"2018-11-13T14:14:04","slug":"francoscina-1-2-3","status":"publish","type":"page","link":"https:\/\/www.oslivade.si\/?page_id=1357","title":{"rendered":"FRANCO\u0160\u010cINA I, II, III"},"content":{"rendered":"<p>[vc_row][vc_column width=&#8221;1\/3&#8243;][vc_single_image image=&#8221;1360&#8243; img_size=&#8221;medium&#8221;][\/vc_column][vc_column width=&#8221;2\/3&#8243;][vc_column_text]<\/p>\n<table id=\"table2\">\n<tbody>\n<tr>\n<th colspan=\"2\">Franco\u0161\u010dina I, II, III &#8211; neobvezni izbirni predmet<\/th>\n<\/tr>\n<tr>\n<td width=\"200\">\u0160tevilo ur tedensko:<\/td>\n<td>2<\/td>\n<\/tr>\n<tr>\n<td>Izbira:<\/td>\n<td>Triletni predmet za 7. ,8. in 9. razred<\/td>\n<\/tr>\n<tr>\n<td>Nosilec:<\/td>\n<td>Ma\u0161a Avsenak Zobec<\/td>\n<\/tr>\n<\/tbody>\n<\/table>\n<p>&nbsp;[\/vc_column_text][\/vc_column][\/vc_row][vc_row][vc_column][vc_column_text]Cilj evropske politike jezikov je, da naj bi vsak dr\u017eavljan EU poleg materinega jezika obvladal \u0160E VSAJ DVA tuja jezika.<\/p>\n<ul>\n<li>Znanje jezikov ima vedno ve\u010dji pomen in je pogoj za la\u017eje sporazumevanje.<\/li>\n<li>Ve\u010djezi\u010dnost je pomemben element evropske konkuren\u010dnosti in govorcu omogo\u010da vrsto prednosti pred enojezi\u010dnostjo \u2026<\/li>\n<\/ul>\n<p>Zakaj izbrati franco\u0161\u010dino?<\/p>\n<ul>\n<li>Franco\u0161\u010dina je en najlep\u0161ih in najbolj melodi\u010dnih jezikov na svetu.<\/li>\n<li>29 dr\u017eav ima franco\u0161\u010dino kot uradni jezik.<\/li>\n<li>Je uradni in administrativni jezik v \u0161tevilnih organizacijah, npr. v Evropski Uniji, Mednarodnem olimpijskem komiteju, Svetovni po\u0161tni zvezi, na Evroviziji,&#8230;<\/li>\n<\/ul>\n<p>TEMELJNI CILJ: Vzbuditi zanimanje za drugo in druga\u010dno ter povezati slovensko in francosko govore\u010do kulturo v vseh razse\u017enostih. U\u010denje poteka preko vsakdanjih situacij.<\/p>\n<p style=\"text-align: center;\">A plus tard alors!<\/p>\n<p>[\/vc_column_text][\/vc_column][\/vc_row]<\/p>\n","protected":false},"excerpt":{"rendered":"<p>[vc_row][vc_column width=&#8221;1\/3&#8243;][vc_single_image image=&#8221;1360&#8243; img_size=&#8221;medium&#8221;][\/vc_column][vc_column width=&#8221;2\/3&#8243;][vc_column_text] Franco\u0161\u010dina I, II, III &#8211; neobvezni izbirni predmet \u0160tevilo ur tedensko: 2 Izbira: Triletni predmet&nbsp;<a href=\"https:\/\/www.oslivade.si\/?page_id=1357\">&hellip;<\/a><\/p>\n","protected":false},"author":1,"featured_media":0,"parent":0,"menu_order":0,"comment_status":"closed","ping_status":"closed","template":"","meta":{"ngg_post_thumbnail":0,"footnotes":""},"class_list":["post-1357","page","type-page","status-publish","hentry","odd"],"_links":{"self":[{"href":"https:\/\/www.oslivade.si\/index.php?rest_route=\/wp\/v2\/pages\/1357"}],"collection":[{"href":"https:\/\/www.oslivade.si\/index.php?rest_route=\/wp\/v2\/pages"}],"about":[{"href":"https:\/\/www.oslivade.si\/index.php?rest_route=\/wp\/v2\/types\/page"}],"author":[{"embeddable":true,"href":"https:\/\/www.oslivade.si\/index.php?rest_route=\/wp\/v2\/users\/1"}],"replies":[{"embeddable":true,"href":"https:\/\/www.oslivade.si\/index.php?rest_route=%2Fwp%2Fv2%2Fcomments&post=1357"}],"version-history":[{"count":2,"href":"https:\/\/www.oslivade.si\/index.php?rest_route=\/wp\/v2\/pages\/1357\/revisions"}],"predecessor-version":[{"id":1361,"href":"https:\/\/www.oslivade.si\/index.php?rest_route=\/wp\/v2\/pages\/1357\/revisions\/1361"}],"wp:attachment":[{"href":"https:\/\/www.oslivade.si\/index.php?rest_route=%2Fwp%2Fv2%2Fmedia&parent=1357"}],"curies":[{"name":"wp","href":"https:\/\/api.w.org\/{rel}","templated":true}]}}