{"id":1368,"date":"2018-11-14T02:13:13","date_gmt":"2018-11-14T00:13:13","guid":{"rendered":"http:\/\/91.220.156.17\/?page_id=1368"},"modified":"2024-03-04T09:19:53","modified_gmt":"2024-03-04T08:19:53","slug":"hisni-in-solski-red","status":"publish","type":"page","link":"https:\/\/www.oslivade.si\/?page_id=1368","title":{"rendered":"HI\u0160NI IN \u0160OLSKI RED"},"content":{"rendered":"<p>Da bi bilo \u017eivljenje na na\u0161i \u0161oli prijetno, se moramo vsi, tako u\u010denci kot zaposleni, dr\u017eati dolo\u010denih pravil, ki nam omogo\u010dajo la\u017eje sobivanje.<\/p>\n<p>Odgovornost \u0161ole v \u0161olskem prostoru velja za \u010das, ko poteka u\u010dno-vzgojni proces in druge organizirane dejavnosti. \u0160olski prostor je obmo\u010dje, ki ga uporablja \u0161ola za u\u010dno-vzgojni proces in z njim upravlja. Prostor je na novo ograjen z varovalno ograjo in na njem veljajo <a href=\"https:\/\/www.oslivade.si\/?page_id=72\">Hi\u0161ni red<\/a> in <a href=\"https:\/\/www.oslivade.si\/?page_id=1374\" rel=\"noopener\">Pravila \u0161olskega reda<\/a>.<\/p>\n<p>Iz vsebine hi\u0161nega reda:<\/p>\n<ul>\n<li>V \u0161olo prihajam pravo\u010dasno, 10 minut pred pri\u010detkom pouka.<\/li>\n<li>Na poti v \u0161olo in domov upo\u0161tevam prometno varnost in se kulturno obna\u0161am.<\/li>\n<li>Ob prihodu v \u0161olske prostore se preobujem v copate in odlo\u017eim vrhnja obla\u010dila v garderobi.<\/li>\n<li>Skrbim za urejenost garderob, u\u010dilnic, hodnikov in okolice \u0161ole.<\/li>\n<li>Pazim na svojo lastnino, tujo pa pustim pri miru.<\/li>\n<li>Smeti me\u010dem v ko\u0161e za smeti oziroma v smetnjake. Pazim na ustrezno lo\u010devanje odpadkov.<\/li>\n<li>Med poukom ne odhajam iz \u0161ole brez dovoljenja star\u0161ev oziroma po predhodnem razgovoru z razrednikom.<\/li>\n<li>Po pouku zapustim \u0161olske prostore in grem takoj domov.<\/li>\n<li>Med \u0161olskimi urami so petminutni odmori, med katerimi zamenjam u\u010dilnice in se pripravim za delo naslednje \u0161olske ure.<\/li>\n<li>Med odmori ne kri\u010dim in ne divjam po hodnikih. Mirno po\u010dakam u\u010ditelja pred u\u010dilnico, ki je zaklenjena.<\/li>\n<li>Pouk zahteva disciplino: to\u010den sem ob prihodu na svoj prostor, pripravim vse potrebne pripomo\u010dke za pouk, poslu\u0161am razlago in navodila, dvignem roko pred govorjenjem, pospravim za seboj po kon\u010danem delu.<\/li>\n<li>V \u0161olo lahko prina\u0161am GSM-telefon in druge elektronske naprave, ki jih lahko uporabljam pred poukom in po njem. Med poukom in drugimi aktivnimi dejavnostmi na \u0161oli je njihova uporaba prepovedana.<\/li>\n<li>Do u\u010diteljev, delavcev \u0161ole in so\u0161olcev sem vljuden in spo\u0161tljiv.<\/li>\n<li>Skrbim za prijetne in spo\u0161tljive medsebojne odnose.<\/li>\n<li>Vse, ki obi\u0161\u010dejo na\u0161o \u0161olo, vljudno sprejmem in pozdravim.<\/li>\n<li>Nediscipliniranega u\u010denca, ki kr\u0161i \u0161olski red, u\u010ditelj obravnava v skladu s Hi\u0161nim redom in ostalo \u0161olsko zakonodajo.<\/li>\n<li>Po zadnji uri pouka oz. drugih dejavnostih zapustim \u0161olske prostore, ker zadr\u017eevanje v \u0161olskih prostorih in v garderobah ni dovoljeno.<\/li>\n<li>Pravila obna\u0161anja bodo pripravili u\u010denci tudi po oddelkih. Skupna pravila pa bodo sprejeli na sestanku otro\u0161kega parlamenta \u0161ole.<\/li>\n<li>\u010ce \u010dakam na naslednjo uro, sem pod nadzorom u\u010ditelja kjer opravljam dolo\u010dene naloge. Prisotnost je obvezna.<\/li>\n<\/ul>\n","protected":false},"excerpt":{"rendered":"<p>Da bi bilo \u017eivljenje na na\u0161i \u0161oli prijetno, se moramo vsi, tako u\u010denci kot zaposleni, dr\u017eati dolo\u010denih pravil, ki nam&nbsp;<a href=\"https:\/\/www.oslivade.si\/?page_id=1368\">&hellip;<\/a><\/p>\n","protected":false},"author":1,"featured_media":0,"parent":0,"menu_order":0,"comment_status":"closed","ping_status":"closed","template":"","meta":{"ngg_post_thumbnail":0,"footnotes":""},"class_list":["post-1368","page","type-page","status-publish","hentry","odd"],"_links":{"self":[{"href":"https:\/\/www.oslivade.si\/index.php?rest_route=\/wp\/v2\/pages\/1368"}],"collection":[{"href":"https:\/\/www.oslivade.si\/index.php?rest_route=\/wp\/v2\/pages"}],"about":[{"href":"https:\/\/www.oslivade.si\/index.php?rest_route=\/wp\/v2\/types\/page"}],"author":[{"embeddable":true,"href":"https:\/\/www.oslivade.si\/index.php?rest_route=\/wp\/v2\/users\/1"}],"replies":[{"embeddable":true,"href":"https:\/\/www.oslivade.si\/index.php?rest_route=%2Fwp%2Fv2%2Fcomments&post=1368"}],"version-history":[{"count":8,"href":"https:\/\/www.oslivade.si\/index.php?rest_route=\/wp\/v2\/pages\/1368\/revisions"}],"predecessor-version":[{"id":16235,"href":"https:\/\/www.oslivade.si\/index.php?rest_route=\/wp\/v2\/pages\/1368\/revisions\/16235"}],"wp:attachment":[{"href":"https:\/\/www.oslivade.si\/index.php?rest_route=%2Fwp%2Fv2%2Fmedia&parent=1368"}],"curies":[{"name":"wp","href":"https:\/\/api.w.org\/{rel}","templated":true}]}}