{"id":137,"date":"2018-10-16T12:26:57","date_gmt":"2018-10-16T12:26:57","guid":{"rendered":"http:\/\/91.220.156.17\/?page_id=137"},"modified":"2024-03-07T14:51:28","modified_gmt":"2024-03-07T13:51:28","slug":"institucije-na-podrocju-osnovnega-solstva","status":"publish","type":"page","link":"https:\/\/www.oslivade.si\/?page_id=137","title":{"rendered":"OSNOVNO \u0160OLSTVO"},"content":{"rendered":"<p>[vc_row][vc_column][vc_column_text]<a href=\"https:\/\/www.gov.si\/drzavni-organi\/ministrstva\/ministrstvo-za-vzgojo-in-izobrazevanje\/\" target=\"_blank\" rel=\"noopener\">MVI &#8211; Ministrstvo za vzgojo in izobra\u017eevanje<\/a><br \/>\n<a title=\"SIO - Slovensko izobra\u017eevalno omre\u017eje\" href=\"http:\/\/www.sio.si\/\" target=\"_blank\" rel=\"noopener\">SIO \u2013 Slovensko izobra\u017eevalno omre\u017eje<\/a><br \/>\n<a href=\"http:\/\/www.ric.si\/\" target=\"_blank\" rel=\"noopener\">RIC \u2013 Dr\u017eavni izpitni center<\/a><br \/>\n<a href=\"http:\/\/www.zrss.si\/\" target=\"_blank\" rel=\"noopener\">Zavod RS za \u0161olstvo<\/a><br \/>\n<a href=\"http:\/\/www.csod.si\/\" target=\"_blank\" rel=\"noopener\">Center \u0161olskih in ob\u0161olskih dejavnosti (C\u0160OD)<\/a>[\/vc_column_text][\/vc_column][\/vc_row]<\/p>\n","protected":false},"excerpt":{"rendered":"<p>[vc_row][vc_column][vc_column_text]MVI &#8211; Ministrstvo za vzgojo in izobra\u017eevanje SIO \u2013 Slovensko izobra\u017eevalno omre\u017eje RIC \u2013 Dr\u017eavni izpitni center Zavod RS za&nbsp;<a href=\"https:\/\/www.oslivade.si\/?page_id=137\">&hellip;<\/a><\/p>\n","protected":false},"author":1,"featured_media":0,"parent":129,"menu_order":0,"comment_status":"closed","ping_status":"closed","template":"","meta":{"ngg_post_thumbnail":0,"footnotes":""},"class_list":["post-137","page","type-page","status-publish","hentry","odd"],"_links":{"self":[{"href":"https:\/\/www.oslivade.si\/index.php?rest_route=\/wp\/v2\/pages\/137"}],"collection":[{"href":"https:\/\/www.oslivade.si\/index.php?rest_route=\/wp\/v2\/pages"}],"about":[{"href":"https:\/\/www.oslivade.si\/index.php?rest_route=\/wp\/v2\/types\/page"}],"author":[{"embeddable":true,"href":"https:\/\/www.oslivade.si\/index.php?rest_route=\/wp\/v2\/users\/1"}],"replies":[{"embeddable":true,"href":"https:\/\/www.oslivade.si\/index.php?rest_route=%2Fwp%2Fv2%2Fcomments&post=137"}],"version-history":[{"count":8,"href":"https:\/\/www.oslivade.si\/index.php?rest_route=\/wp\/v2\/pages\/137\/revisions"}],"predecessor-version":[{"id":16254,"href":"https:\/\/www.oslivade.si\/index.php?rest_route=\/wp\/v2\/pages\/137\/revisions\/16254"}],"up":[{"embeddable":true,"href":"https:\/\/www.oslivade.si\/index.php?rest_route=\/wp\/v2\/pages\/129"}],"wp:attachment":[{"href":"https:\/\/www.oslivade.si\/index.php?rest_route=%2Fwp%2Fv2%2Fmedia&parent=137"}],"curies":[{"name":"wp","href":"https:\/\/api.w.org\/{rel}","templated":true}]}}