{"id":13824,"date":"2022-06-28T13:38:04","date_gmt":"2022-06-28T13:38:04","guid":{"rendered":"https:\/\/www.oslivade.si\/?page_id=13824"},"modified":"2023-04-14T09:53:40","modified_gmt":"2023-04-14T08:53:40","slug":"filmska-vzgoja-kaj-je-film","status":"publish","type":"page","link":"https:\/\/www.oslivade.si\/?page_id=13824","title":{"rendered":"FILMSKA VZGOJA &#8211; KAJ JE FILM"},"content":{"rendered":"<p>[vc_row][vc_column width=&#8221;1\/3&#8243;][vc_single_image image=&#8221;13825&#8243; img_size=&#8221;medium&#8221;][\/vc_column][vc_column width=&#8221;2\/3&#8243;][vc_column_text]<\/p>\n<table id=\"table2\">\n<tbody>\n<tr>\n<th colspan=\"2\">FILMSKA VZGOJA &#8211; KAJ JE FILM<\/th>\n<\/tr>\n<tr>\n<td width=\"200\">\u0160tevilo ur tedensko:<\/td>\n<td>1<\/td>\n<\/tr>\n<tr>\n<td>Izbira:<\/td>\n<td>Enoletni predmet za 8. in 9. razred<\/td>\n<\/tr>\n<tr>\n<td>Nosilec:<\/td>\n<td>Maja Murovec<\/td>\n<\/tr>\n<\/tbody>\n<\/table>\n<p>[\/vc_column_text][\/vc_column][\/vc_row][vc_row][vc_column][vc_column_text]Filmska vzgoja je triletni predmet, ki je razdeljen na tri module. V \u0161olskem letu 2022\/23 za\u010dnemo s prvim modulom &#8211; <strong>Kaj je film?<\/strong>, kasneje pa lahko u\u010denci s predmetom nadaljujejo \u0161e v modulih Filmski \u017earni in Umetnost in dru\u017eba.<\/p>\n<p>Ocenjevanje je \u0161tevil \u010dno (od 1 do 5). Oblike preverjanja in ocenjevanja znanja so raznolike in poleg uveljavljenih ustnih in pisnih oblik vklju\u010dujejo \u0161e ustvarjene izdelke (miniaturna animacija).<\/p>\n<p>&nbsp;<\/p>\n<p><strong>Vsebina modula Kaj je film?<br \/>\n<\/strong>OGLEDI FILMOV (celovita izku\u0161nja ogleda filma in razprava po ogledu, interpretacija) FILM, FILMSKA USTVARJALNOST, FILMSKI \u017dANRI (temeljne vrste in oblike filma, prvine filmskih \u017eanrov, najvidnej\u0161a dela, obisk lokalnega kinematografa, mo\u017enosti filmske distribucije, avtorske pravice, seznanjanje v postopkih in tehnikah animiranih filmov, zvok) USTVARJANJE: ANIMIRANI FILM (u\u010denci posnamejo in zmontirajo kratek animirani film z uporabo mobilnih telefonov, fotoaparatov in \u0161olskih ra\u010dunalnikov, pripravijo predstavitev\/projekcijo svojih filmov, jih vrednotijo in utemeljeno primerjajo; izbira zgodbe, tehnike, delitev nalog: re\u017eiser, glavni animator in soanimator).<\/p>\n<p>SPLO\u0160NI CILJI:<br \/>\nSpoznavajo kaj sta film in avdiovizualna dejavnost; razumejo film kot ustvarjalni proces, ; vzpostavljajo neposredni s tik s filmom, filmskimi ustvarjalci; krepijo do\u017eivetje filma in oblikujejo ter artikulirajo svoja merila za vrednotenje filma; spoznavajo filmske \u017eanre; spoznavajo najpomembnej\u0161a razvojna obdobja v filmski zgodovini; razvijajo lastno ustvarjalnost na podro \u010dju filma; spoznavajo tehni\u010dne zna\u010dilnosti filma in kina; primerjajo film s preostalimi vrstami umetnosti; ob filmskih vsebinah osebnostno rastejo, razvijajo so\u010dutje in dovzetnost za do\u017eivljanje drugih; krepijo ob\u010dutek za odgovorno timsko delo, medsebojno komunikacijo in delitev dela v procesu nastajanja filma (kamera, lu\u010d, tonski mojster, re\u017eiser, igralec, monta\u017eer itd.).[\/vc_column_text][\/vc_column][\/vc_row]<\/p>\n","protected":false},"excerpt":{"rendered":"<p>[vc_row][vc_column width=&#8221;1\/3&#8243;][vc_single_image image=&#8221;13825&#8243; img_size=&#8221;medium&#8221;][\/vc_column][vc_column width=&#8221;2\/3&#8243;][vc_column_text] FILMSKA VZGOJA &#8211; KAJ JE FILM \u0160tevilo ur tedensko: 1 Izbira: Enoletni predmet za 8.&nbsp;<a href=\"https:\/\/www.oslivade.si\/?page_id=13824\">&hellip;<\/a><\/p>\n","protected":false},"author":1,"featured_media":0,"parent":0,"menu_order":0,"comment_status":"closed","ping_status":"closed","template":"","meta":{"ngg_post_thumbnail":0,"footnotes":""},"class_list":["post-13824","page","type-page","status-publish","hentry","odd"],"_links":{"self":[{"href":"https:\/\/www.oslivade.si\/index.php?rest_route=\/wp\/v2\/pages\/13824"}],"collection":[{"href":"https:\/\/www.oslivade.si\/index.php?rest_route=\/wp\/v2\/pages"}],"about":[{"href":"https:\/\/www.oslivade.si\/index.php?rest_route=\/wp\/v2\/types\/page"}],"author":[{"embeddable":true,"href":"https:\/\/www.oslivade.si\/index.php?rest_route=\/wp\/v2\/users\/1"}],"replies":[{"embeddable":true,"href":"https:\/\/www.oslivade.si\/index.php?rest_route=%2Fwp%2Fv2%2Fcomments&post=13824"}],"version-history":[{"count":3,"href":"https:\/\/www.oslivade.si\/index.php?rest_route=\/wp\/v2\/pages\/13824\/revisions"}],"predecessor-version":[{"id":15017,"href":"https:\/\/www.oslivade.si\/index.php?rest_route=\/wp\/v2\/pages\/13824\/revisions\/15017"}],"wp:attachment":[{"href":"https:\/\/www.oslivade.si\/index.php?rest_route=%2Fwp%2Fv2%2Fmedia&parent=13824"}],"curies":[{"name":"wp","href":"https:\/\/api.w.org\/{rel}","templated":true}]}}