{"id":13829,"date":"2022-06-28T13:50:51","date_gmt":"2022-06-28T13:50:51","guid":{"rendered":"https:\/\/www.oslivade.si\/?page_id=13829"},"modified":"2023-04-14T09:57:24","modified_gmt":"2023-04-14T08:57:24","slug":"filozofija-za-otroke-kriticno-misljenje","status":"publish","type":"page","link":"https:\/\/www.oslivade.si\/?page_id=13829","title":{"rendered":"FILOZOFIJA ZA OTROKE &#8211; KRITI\u010cNO MI\u0160LJENJE"},"content":{"rendered":"<p>[vc_row][vc_column width=&#8221;1\/3&#8243;][vc_single_image image=&#8221;13830&#8243; img_size=&#8221;medium&#8221;][\/vc_column][vc_column width=&#8221;2\/3&#8243;][vc_column_text]<\/p>\n<table id=\"table2\">\n<tbody>\n<tr>\n<th colspan=\"2\">FILOZOFIJA ZA OTROKE &#8211; KRITI\u010cNO MI\u0160LJENJE<\/th>\n<\/tr>\n<tr>\n<td width=\"200\">\u0160tevilo ur tedensko:<\/td>\n<td>1<\/td>\n<\/tr>\n<tr>\n<td>Izbira:<\/td>\n<td>Enoletni predmet za 7. razred<\/td>\n<\/tr>\n<tr>\n<td>Nosilec:<\/td>\n<td>Maja Murovec<\/td>\n<\/tr>\n<\/tbody>\n<\/table>\n<p>[\/vc_column_text][\/vc_column][\/vc_row][vc_row][vc_column][vc_column_text]Pri predmetu filozofija za otroke se bomo lotili filozofskega raziskovanja eti\u010dnih, socialnih, spoznavnih in ontolo\u0161kih problemov, razvijanje avtonomnega, kriti\u010dnega, refleksivnega mi\u0161ljenja, razvijanje domi\u0161ljije in kreativnosti, razvijanje kulture dialoga (izra\u017eanje in zagovor lastnih stali\u0161\u010d, mnenj, poslu\u0161anje, upo\u0161tevanje stali\u0161\u010d drugih itd.), razvijanje miselnih spretnosti (oblikovanje mnenj, analiziranje, sintetiziranje, primerjanje, klasificiranje, postavljanje vpra\u0161anj, iskanje hipotez, izpeljevanje, odkrivanje predpostavk in posledic, re\u0161evanje problemov).<\/p>\n<p><strong>Pogovarjali se bomo o vsakodnevnih temah: resnica, la\u017e, vra\u017eeverja, zaupanje, odnosi med ljudmi, spo\u0161tovanje, sre\u010da. Kako je raziskovanje povezano z mi\u0161ljenjem? Kako na nas vplivajo sodbe, predsodki? Kak\u0161ne so zna\u010dilnosti sklepanja? Kako na \u010dloveka vpliva kultura? Samega sebe bomo postavili v odnos z drugimi in si postavili vpra\u0161anje: \u00bbKdo sem?\u00ab In veliko kriti\u010dno razmi\u0161ljali (argumentirano zagovarjali svoje mnenje in drugim dopu\u0161\u010dali svojega).<\/strong><\/p>\n<p><u>Od u\u010dencev se pri\u010dakuje aktivnost pri pouku, saj delo poteka v skupinah, v obliki debate, igre vlog, dialoga, okrogle mize.<\/u>[\/vc_column_text][\/vc_column][\/vc_row]<\/p>\n","protected":false},"excerpt":{"rendered":"<p>[vc_row][vc_column width=&#8221;1\/3&#8243;][vc_single_image image=&#8221;13830&#8243; img_size=&#8221;medium&#8221;][\/vc_column][vc_column width=&#8221;2\/3&#8243;][vc_column_text] FILOZOFIJA ZA OTROKE &#8211; KRITI\u010cNO MI\u0160LJENJE \u0160tevilo ur tedensko: 1 Izbira: Enoletni predmet za 7.&nbsp;<a href=\"https:\/\/www.oslivade.si\/?page_id=13829\">&hellip;<\/a><\/p>\n","protected":false},"author":1,"featured_media":0,"parent":0,"menu_order":0,"comment_status":"closed","ping_status":"closed","template":"","meta":{"ngg_post_thumbnail":0,"footnotes":""},"class_list":["post-13829","page","type-page","status-publish","hentry","odd"],"_links":{"self":[{"href":"https:\/\/www.oslivade.si\/index.php?rest_route=\/wp\/v2\/pages\/13829"}],"collection":[{"href":"https:\/\/www.oslivade.si\/index.php?rest_route=\/wp\/v2\/pages"}],"about":[{"href":"https:\/\/www.oslivade.si\/index.php?rest_route=\/wp\/v2\/types\/page"}],"author":[{"embeddable":true,"href":"https:\/\/www.oslivade.si\/index.php?rest_route=\/wp\/v2\/users\/1"}],"replies":[{"embeddable":true,"href":"https:\/\/www.oslivade.si\/index.php?rest_route=%2Fwp%2Fv2%2Fcomments&post=13829"}],"version-history":[{"count":2,"href":"https:\/\/www.oslivade.si\/index.php?rest_route=\/wp\/v2\/pages\/13829\/revisions"}],"predecessor-version":[{"id":15019,"href":"https:\/\/www.oslivade.si\/index.php?rest_route=\/wp\/v2\/pages\/13829\/revisions\/15019"}],"wp:attachment":[{"href":"https:\/\/www.oslivade.si\/index.php?rest_route=%2Fwp%2Fv2%2Fmedia&parent=13829"}],"curies":[{"name":"wp","href":"https:\/\/api.w.org\/{rel}","templated":true}]}}