{"id":13834,"date":"2022-06-28T14:55:16","date_gmt":"2022-06-28T14:55:16","guid":{"rendered":"https:\/\/www.oslivade.si\/?page_id=13834"},"modified":"2023-04-14T10:00:32","modified_gmt":"2023-04-14T09:00:32","slug":"okoljska-vzgoja-i","status":"publish","type":"page","link":"https:\/\/www.oslivade.si\/?page_id=13834","title":{"rendered":"OKOLJSKA VZGOJA I"},"content":{"rendered":"<p>[vc_row][vc_column width=&#8221;1\/3&#8243;][vc_single_image image=&#8221;13835&#8243; img_size=&#8221;medium&#8221;][\/vc_column][vc_column width=&#8221;2\/3&#8243;][vc_column_text]<\/p>\n<table id=\"table2\">\n<tbody>\n<tr>\n<th colspan=\"2\">OKOLJSKA VZGOJA I<\/th>\n<\/tr>\n<tr>\n<td width=\"200\">\u0160tevilo ur tedensko:<\/td>\n<td>1<\/td>\n<\/tr>\n<tr>\n<td>Izbira:<\/td>\n<td>Enoletni predmet za 7. razred<\/td>\n<\/tr>\n<tr>\n<td>Nosilec:<\/td>\n<td>Jelena Ili\u0161in<\/td>\n<\/tr>\n<\/tbody>\n<\/table>\n<p>[\/vc_column_text][\/vc_column][\/vc_row][vc_row][vc_column][vc_column_text]<em>Kaj je okoljska vzgoja oziroma kdo je okoljsko kulturen?<\/em><\/p>\n<p>Okoljsko vzgojo lahko razumemo kot <strong><u>vzgojo odgovornosti do vseh \u017eivih bitij in vzgojo za trajnostno prihodnost<\/u><\/strong> (po Unescu).<\/p>\n<p><span style=\"color: #339966;\">Okoljsko kulturen je tisti, ki s strpnostjo do narave, uporabo trajnostnih materialov in vsesplo\u0161no skrbjo za okolje \u00bbri\u0161e\u00ab lepo prihodnost za mlaj\u0161e generacije.<br \/>\n<span style=\"color: #99cc00;\"><strong>In to, dragi moji, je smisel \u017eivljenja \u2013 zapustiti lep\u0161i in bolj\u0161i svet kot si ga dobil.<\/strong><\/span><br \/>\n<\/span><\/p>\n<p>Izbirni predmet okoljska vzgoja je zasnovan interdisciplinarno, tako da povezuje in nadgrajuje znanja razli\u010dnih naravoslovnih in dru\u017eboslovnih predmetov in temelji na spodbujanju \u201cokoljske pismenosti\u201d, ki naj bi jo glede na nara\u0161\u010dajo\u010de okoljske probleme na\u0161ega planeta pridobili vsi dr\u017eavljani.<\/p>\n<p>Pri obravnavi okoljskih problemov iz posameznih bom upo\u0161tevala naslednji vrstni red:<br \/>\n\u2022 okoljski problemi doma\u010dega kraja (Izole oziroma Obalno kra\u0161ke regije),<br \/>\n\u2022 okoljski problemi Slovenije in<br \/>\n\u2022 svetovni okoljski problemi (Globalno segrevanje).<\/p>\n<table>\n<tbody>\n<tr>\n<td style=\"vertical-align: top;\" width=\"40%\"><strong><u>PRVA RAVEN<\/u><\/strong> vsebinskih sklopov:<\/p>\n<ul>\n<li><strong><span style=\"color: #339966;\">VODA<\/span><\/strong><\/li>\n<li><strong><span style=\"color: #339966;\">ZRAK<\/span><\/strong><\/li>\n<li><strong><span style=\"color: #339966;\">ENERGIJA<\/span><\/strong><\/li>\n<li><strong><span style=\"color: #339966;\">TLA<\/span><\/strong><\/li>\n<li><strong><span style=\"color: #339966;\">BIOTSKA RAZNOVRSTNOST<\/span><\/strong><\/li>\n<\/ul>\n<\/td>\n<td style=\"vertical-align: top;\" width=\"40%\"><strong><u>DRUGA RAVEN<\/u><\/strong> vsebinskih sklopov:<\/p>\n<ul>\n<li><strong><span style=\"color: #339966;\">OKOLJE KOT POVEZAN SISTEM<\/span><\/strong><\/li>\n<li><strong><span style=\"color: #339966;\">OKOLJE V\u010cERAJ, DANES, JUTRI<\/span><\/strong><\/li>\n<li><strong><span style=\"color: #339966;\">OKOLJE IN NA\u010cIN \u017dIVLJENJA<\/span><\/strong><\/li>\n<\/ul>\n<\/td>\n<\/tr>\n<\/tbody>\n<\/table>\n<p>S tem izbirnim predmetom bom u\u010dence usposobila, da bodo <strong>globlje razumeli, najprej lastno okolje, potem okoljske pojave in probleme ter njihove vzroke in na\u010dine re\u0161evanja<\/strong>, vklju\u010dno s tveganji in konflikti, ki nastajajo ob izkori\u0161\u010danju omejenih naravnih virov.<\/p>\n<p>&nbsp;[\/vc_column_text][\/vc_column][\/vc_row]<\/p>\n","protected":false},"excerpt":{"rendered":"<p>[vc_row][vc_column width=&#8221;1\/3&#8243;][vc_single_image image=&#8221;13835&#8243; img_size=&#8221;medium&#8221;][\/vc_column][vc_column width=&#8221;2\/3&#8243;][vc_column_text] OKOLJSKA VZGOJA I \u0160tevilo ur tedensko: 1 Izbira: Enoletni predmet za 7. razred Nosilec: Jelena&nbsp;<a href=\"https:\/\/www.oslivade.si\/?page_id=13834\">&hellip;<\/a><\/p>\n","protected":false},"author":1,"featured_media":0,"parent":0,"menu_order":0,"comment_status":"closed","ping_status":"closed","template":"","meta":{"ngg_post_thumbnail":0,"footnotes":""},"class_list":["post-13834","page","type-page","status-publish","hentry","odd"],"_links":{"self":[{"href":"https:\/\/www.oslivade.si\/index.php?rest_route=\/wp\/v2\/pages\/13834"}],"collection":[{"href":"https:\/\/www.oslivade.si\/index.php?rest_route=\/wp\/v2\/pages"}],"about":[{"href":"https:\/\/www.oslivade.si\/index.php?rest_route=\/wp\/v2\/types\/page"}],"author":[{"embeddable":true,"href":"https:\/\/www.oslivade.si\/index.php?rest_route=\/wp\/v2\/users\/1"}],"replies":[{"embeddable":true,"href":"https:\/\/www.oslivade.si\/index.php?rest_route=%2Fwp%2Fv2%2Fcomments&post=13834"}],"version-history":[{"count":2,"href":"https:\/\/www.oslivade.si\/index.php?rest_route=\/wp\/v2\/pages\/13834\/revisions"}],"predecessor-version":[{"id":15020,"href":"https:\/\/www.oslivade.si\/index.php?rest_route=\/wp\/v2\/pages\/13834\/revisions\/15020"}],"wp:attachment":[{"href":"https:\/\/www.oslivade.si\/index.php?rest_route=%2Fwp%2Fv2%2Fmedia&parent=13834"}],"curies":[{"name":"wp","href":"https:\/\/api.w.org\/{rel}","templated":true}]}}