{"id":15028,"date":"2023-04-14T10:20:41","date_gmt":"2023-04-14T09:20:41","guid":{"rendered":"https:\/\/www.oslivade.si\/?page_id=15028"},"modified":"2023-04-14T10:20:41","modified_gmt":"2023-04-14T09:20:41","slug":"nip-sport-5","status":"publish","type":"page","link":"https:\/\/www.oslivade.si\/?page_id=15028","title":{"rendered":"NIP \u0160PORT 5"},"content":{"rendered":"<p>[vc_row][vc_column width=&#8221;1\/3&#8243;][vc_single_image image=&#8221;15029&#8243; img_size=&#8221;medium&#8221;][\/vc_column][vc_column width=&#8221;2\/3&#8243;][vc_column_text]<\/p>\n<table id=\"table2\">\n<tbody>\n<tr>\n<th colspan=\"2\">NIP \u0160port 5<\/th>\n<\/tr>\n<tr>\n<td width=\"200\">\u0160tevilo ur tedensko:<\/td>\n<td>1<\/td>\n<\/tr>\n<tr>\n<td>Izbira:<\/td>\n<td>Enoletni predmet za 5. razred<\/td>\n<\/tr>\n<tr>\n<td>Nosilec:<\/td>\n<td>Sta\u0161a Jug, Ana \u0160krbina, Igor Bo\u017eeglav&nbsp;<\/td>\n<\/tr>\n<\/tbody>\n<\/table>\n<p>&nbsp;[\/vc_column_text][\/vc_column][\/vc_row][vc_row][vc_column][vc_column_text]Cilji:<\/p>\n<ul>\n<li>osvajanje in izpopolnjevanje \u0161portnih znanj,<\/li>\n<li>oblikovanje pozitivnih vedenjskih vzorcev,<\/li>\n<li>pridobivanje trajnih \u0161portnih navad,<\/li>\n<li>navajanje na zdravo \u017eivljenje.<\/li>\n<\/ul>\n<p>Namen neobveznega izbirnega predmeta \u0161port je prijetno do\u017eivljanje \u0161porta, oblikovanje in razvoj stali\u0161\u010d, navad in na\u010dinov ravnanja. U\u010denci se seznanijo s teoreti\u010dnimi vsebinami in novimi \u0161porti, ki so pomemben del \u0161portno rekreativne ponudbe, s \u010dimer pozitivno vplivajo na skladen telesni razvoj.<\/p>\n<p>Izvajanje: 1 \u0161olski uri na teden<\/p>\n<p>Si \u017eeli\u0161 igre in razvedrila v prijetni dru\u017ebi?<br \/>\nPri neobveznem izbirnem predmetu \u0161port se preizkusi v atletiki, akrobatiki, dvoranskem hokeju, igrah z \u017eogo, frizbiju in \u0161e marsi\u010dem.[\/vc_column_text][\/vc_column][\/vc_row]<\/p>\n","protected":false},"excerpt":{"rendered":"<p>[vc_row][vc_column width=&#8221;1\/3&#8243;][vc_single_image image=&#8221;15029&#8243; img_size=&#8221;medium&#8221;][\/vc_column][vc_column width=&#8221;2\/3&#8243;][vc_column_text] NIP \u0160port 5 \u0160tevilo ur tedensko: 1 Izbira: Enoletni predmet za 5. razred Nosilec: Sta\u0161a&nbsp;<a href=\"https:\/\/www.oslivade.si\/?page_id=15028\">&hellip;<\/a><\/p>\n","protected":false},"author":1,"featured_media":0,"parent":0,"menu_order":0,"comment_status":"closed","ping_status":"closed","template":"","meta":{"ngg_post_thumbnail":0,"footnotes":""},"class_list":["post-15028","page","type-page","status-publish","hentry","odd"],"_links":{"self":[{"href":"https:\/\/www.oslivade.si\/index.php?rest_route=\/wp\/v2\/pages\/15028"}],"collection":[{"href":"https:\/\/www.oslivade.si\/index.php?rest_route=\/wp\/v2\/pages"}],"about":[{"href":"https:\/\/www.oslivade.si\/index.php?rest_route=\/wp\/v2\/types\/page"}],"author":[{"embeddable":true,"href":"https:\/\/www.oslivade.si\/index.php?rest_route=\/wp\/v2\/users\/1"}],"replies":[{"embeddable":true,"href":"https:\/\/www.oslivade.si\/index.php?rest_route=%2Fwp%2Fv2%2Fcomments&post=15028"}],"version-history":[{"count":1,"href":"https:\/\/www.oslivade.si\/index.php?rest_route=\/wp\/v2\/pages\/15028\/revisions"}],"predecessor-version":[{"id":15030,"href":"https:\/\/www.oslivade.si\/index.php?rest_route=\/wp\/v2\/pages\/15028\/revisions\/15030"}],"wp:attachment":[{"href":"https:\/\/www.oslivade.si\/index.php?rest_route=%2Fwp%2Fv2%2Fmedia&parent=15028"}],"curies":[{"name":"wp","href":"https:\/\/api.w.org\/{rel}","templated":true}]}}