{"id":15033,"date":"2023-04-14T10:27:11","date_gmt":"2023-04-14T09:27:11","guid":{"rendered":"https:\/\/www.oslivade.si\/?page_id=15033"},"modified":"2023-04-14T10:27:11","modified_gmt":"2023-04-14T09:27:11","slug":"nip-racunalnistvo-4","status":"publish","type":"page","link":"https:\/\/www.oslivade.si\/?page_id=15033","title":{"rendered":"NIP RA\u010cUNALNI\u0160TVO 4"},"content":{"rendered":"<p>[vc_row][vc_column width=&#8221;1\/3&#8243;][vc_single_image image=&#8221;15035&#8243; img_size=&#8221;medium&#8221;][\/vc_column][vc_column width=&#8221;2\/3&#8243;][vc_column_text]<\/p>\n<table id=\"table2\">\n<tbody>\n<tr>\n<th colspan=\"2\">NIP Ra\u010dunalni\u0161tvo 4<\/th>\n<\/tr>\n<tr>\n<td width=\"200\">\u0160tevilo ur tedensko:<\/td>\n<td>1<\/td>\n<\/tr>\n<tr>\n<td>Izbira:<\/td>\n<td>Enoletni predmet za 4. razred<\/td>\n<\/tr>\n<tr>\n<td>Nosilec:<\/td>\n<td>Tina Mijot<\/td>\n<\/tr>\n<\/tbody>\n<\/table>\n<p>&nbsp;[\/vc_column_text][\/vc_column][\/vc_row][vc_row][vc_column][vc_column_text]V dana\u0161nji dru\u017ebi ima ra\u010dunalni\u0161tvo pomembno vlogo, saj je vklju\u010deno v vsa podro\u010dja na\u0161ega \u017eivljenja. Da bi bili v tej dru\u017ebi uspe\u0161ni, moramo razumeti delovanje informacijsko komunikacijskih tehnologij in konceptov, na katerih temelji tehnologija.<\/p>\n<p>Neobvezni izbirni predmet seznanja u\u010dence z razli\u010dnimi podro\u010dji ra\u010dunalni\u0161tva. Predmet ne temelji na spoznavanju dela s posameznimi programi, ampak u\u010dence seznanja s temeljnimi ra\u010dunalni\u0161kimi koncepti in procesi (delo poteka tudi brez uporabe ra\u010dunalnika). U\u010denci se pri ra\u010dunalni\u0161tvu seznanjajo s tehnikami in metodami re\u0161evanja problemov in razvijajo algoritmi\u010den na\u010din razmi\u0161ljanja, spoznavajo omejitve ra\u010dunalnikov in njihov vpliv na dru\u017ebo.<br \/>\nNa\u010din dela pri predmetu spodbuja ustvarjalnost, sodelovanje in poseben na\u010din razmi\u0161ljanja ter delovanja. S spoznavanjem ra\u010dunalni\u0161kih konceptov in razvijanjem postopkovnega na\u010dina razmi\u0161ljanja u\u010denci pridobivajo znanja, spretnosti in ve\u0161\u010dine, ki so veliko bolj trajni kot hitro razvijajo\u010de se tehnologije. Ta znanja so neodvisna od tehnologij. Znanja, ki jih pridobijo u\u010denci pri tem predmetu, so prenosljiva ter uporabna na vseh podro\u010djih \u010dlove\u0161kih dejavnosti.<\/p>\n<p>Nekaj ciljev:<\/p>\n<ul>\n<li>spoznavajo temeljne koncepte ra\u010dunalni\u0161tva;<\/li>\n<li>razvijajo algoritmi\u010dni na\u010din razmi\u0161ljanja in spoznavajo strategije re\u0161evanja problemov;<\/li>\n<li>razvijajo sposobnost in odgovornost za sodelovanje v skupini ter si krepijo<\/li>\n<li>pozitivno samopodobo;<\/li>\n<li>pridobivajo sposobnost izbiranja najustreznej\u0161e poti za re\u0161itev problema;<\/li>\n<li>pridobivajo zmo\u017enost razdelitve problema na manj\u0161e probleme;<\/li>\n<li>se seznanjajo z abstrakcijo oz. poenostavljanjem;<\/li>\n<li>razvijajo ustvarjalnost, natan\u010dnost in logi\u010dno razmi\u0161ljanje,\u2026<\/li>\n<\/ul>\n<p>[\/vc_column_text][\/vc_column][\/vc_row]<\/p>\n","protected":false},"excerpt":{"rendered":"<p>[vc_row][vc_column width=&#8221;1\/3&#8243;][vc_single_image image=&#8221;15035&#8243; img_size=&#8221;medium&#8221;][\/vc_column][vc_column width=&#8221;2\/3&#8243;][vc_column_text] NIP Ra\u010dunalni\u0161tvo 4 \u0160tevilo ur tedensko: 1 Izbira: Enoletni predmet za 4. razred Nosilec: Tina&nbsp;<a href=\"https:\/\/www.oslivade.si\/?page_id=15033\">&hellip;<\/a><\/p>\n","protected":false},"author":1,"featured_media":0,"parent":0,"menu_order":0,"comment_status":"closed","ping_status":"closed","template":"","meta":{"ngg_post_thumbnail":0,"footnotes":""},"class_list":["post-15033","page","type-page","status-publish","hentry","odd"],"_links":{"self":[{"href":"https:\/\/www.oslivade.si\/index.php?rest_route=\/wp\/v2\/pages\/15033"}],"collection":[{"href":"https:\/\/www.oslivade.si\/index.php?rest_route=\/wp\/v2\/pages"}],"about":[{"href":"https:\/\/www.oslivade.si\/index.php?rest_route=\/wp\/v2\/types\/page"}],"author":[{"embeddable":true,"href":"https:\/\/www.oslivade.si\/index.php?rest_route=\/wp\/v2\/users\/1"}],"replies":[{"embeddable":true,"href":"https:\/\/www.oslivade.si\/index.php?rest_route=%2Fwp%2Fv2%2Fcomments&post=15033"}],"version-history":[{"count":1,"href":"https:\/\/www.oslivade.si\/index.php?rest_route=\/wp\/v2\/pages\/15033\/revisions"}],"predecessor-version":[{"id":15036,"href":"https:\/\/www.oslivade.si\/index.php?rest_route=\/wp\/v2\/pages\/15033\/revisions\/15036"}],"wp:attachment":[{"href":"https:\/\/www.oslivade.si\/index.php?rest_route=%2Fwp%2Fv2%2Fmedia&parent=15033"}],"curies":[{"name":"wp","href":"https:\/\/api.w.org\/{rel}","templated":true}]}}