{"id":15034,"date":"2023-04-14T10:28:28","date_gmt":"2023-04-14T09:28:28","guid":{"rendered":"https:\/\/www.oslivade.si\/?page_id=15034"},"modified":"2023-04-16T20:36:55","modified_gmt":"2023-04-16T19:36:55","slug":"izjava-o-dostopnosti","status":"publish","type":"page","link":"https:\/\/www.oslivade.si\/?page_id=15034","title":{"rendered":"Izjava o dostopnosti"},"content":{"rendered":"\n<p>Ta izjava o dostopnosti se nana\u0161a na spleti\u0161\u010de <a href=\"http:\/\/www.oslivade.si\">www.oslivade.si<\/a>.<\/p>\n\n\n\n<p>Osnovna \u0161ola Livade Izola se zavezuje omogo\u010dati dostopnost svojega spleti\u0161\u010da v skladu z <a href=\"http:\/\/www.pisrs.si\/Pis.web\/pregledPredpisa?id=ZAKO7718\" target=\"_blank\" rel=\"noreferrer noopener\">Zakonom o dostopnosti spleti\u0161\u010d in mobilnih aplikacij<\/a> (ZDSMA) vsem uporabnikom.<\/p>\n\n\n\n<p>Spleti\u0161\u010de je izdelano s pomo\u010djo aplikacije WordPress, za dostopnost pa ima name\u0161\u010den vti\u010dnik One Click Accessibility, s pomo\u010djo katerega je na spleti\u0161\u010du omogo\u010deno:<\/p>\n\n\n\n<p><ul>\n<li>spreminjanje velikosti pisave,<\/li>\n<li>sivine,<\/li>\n<li>visoki kontrast,<\/li>\n<li>negativni kontrast,<\/li>\n<li>svetlo ozadje,<\/li>\n<li>pod\u010drtane povezave in<\/li>\n<li>berljive pisave.<\/li>\n<\/ul>\n<p><strong>Stopnja skladnosti<\/strong><\/p><\/p>\n\n\n\n<p>Spleti\u0161\u010de je delno skladno z Zakonom o dostopnosti spleti\u0161\u010d in mobilnih aplikacij zaradi spodaj navedenih izjem.<br><br><strong>Nedostopna vsebina<\/strong><\/p>\n\n\n\n<p>Na Osnovni \u0161oli Livade Izola nenehno spremljamo in sproti izbolj\u0161ujemo posamezne elemente dostopnosti do na\u0161ega spleti\u0161\u010da. Kljub temu nekatere objavljene vsebine ne izpolnjujejo vseh zahtev glede dostopnosti, kot jih dolo\u010da ZDSMA.<\/p>\n\n\n\n<p><p>Primeri takih vsebin so:<\/p><ul><li>preslikani dokumenti v obliki PDF zapisa,<\/li> <li>razli\u010dne kompleksne tabele s podatki,<\/li> <li>organigrami,<\/li> <li>videoposnetki, ki nimajo na voljo podnapisov.<\/li> <\/ul><\/p>\n\n\n\n<p><strong>Povratne in kontaktne informacije<\/strong><\/p>\n\n\n\n<p>\u010ce nam \u017eelite karkoli sporo\u010diti ali pa vas zanima karkoli o dostopnih \/ nedostopnih vsebinah, nam lahko pi\u0161ete na skrbnik@oslivade.si.<br><br><strong>Nadzorni organ<\/strong><\/p>\n\n\n\n<p>Nadzor nad izvajanjem ZDSMA javnega sektorja izvaja:<\/p>\n\n\n\n<p><strong>In\u0161pektorat Republike Slovenije za informacijsko dru\u017ebo<\/strong><br>Dav\u010dna ulica 1<br>1000 Ljubljana<br>tel.: 01 555 58 48<br>e-po\u0161ta: gp.irsid@gov.si<\/p>\n\n\n\n<p><br><strong>Priprava izjave o dostopnosti<\/strong><\/p>\n\n\n\n<p>Izjava je bila nazadnje osve\u017eena dne 16. 4. 2023.<\/p>\n\n\n\n<h4 class=\"wp-block-heading\">&nbsp;<\/h4>\n","protected":false},"excerpt":{"rendered":"<p>Ta izjava o dostopnosti se nana\u0161a na spleti\u0161\u010de www.oslivade.si. Osnovna \u0161ola Livade Izola se zavezuje omogo\u010dati dostopnost svojega spleti\u0161\u010da v&nbsp;<a href=\"https:\/\/www.oslivade.si\/?page_id=15034\">&hellip;<\/a><\/p>\n","protected":false},"author":3,"featured_media":0,"parent":0,"menu_order":0,"comment_status":"closed","ping_status":"closed","template":"","meta":{"ngg_post_thumbnail":0,"footnotes":""},"class_list":["post-15034","page","type-page","status-publish","hentry","odd"],"_links":{"self":[{"href":"https:\/\/www.oslivade.si\/index.php?rest_route=\/wp\/v2\/pages\/15034"}],"collection":[{"href":"https:\/\/www.oslivade.si\/index.php?rest_route=\/wp\/v2\/pages"}],"about":[{"href":"https:\/\/www.oslivade.si\/index.php?rest_route=\/wp\/v2\/types\/page"}],"author":[{"embeddable":true,"href":"https:\/\/www.oslivade.si\/index.php?rest_route=\/wp\/v2\/users\/3"}],"replies":[{"embeddable":true,"href":"https:\/\/www.oslivade.si\/index.php?rest_route=%2Fwp%2Fv2%2Fcomments&post=15034"}],"version-history":[{"count":12,"href":"https:\/\/www.oslivade.si\/index.php?rest_route=\/wp\/v2\/pages\/15034\/revisions"}],"predecessor-version":[{"id":15118,"href":"https:\/\/www.oslivade.si\/index.php?rest_route=\/wp\/v2\/pages\/15034\/revisions\/15118"}],"wp:attachment":[{"href":"https:\/\/www.oslivade.si\/index.php?rest_route=%2Fwp%2Fv2%2Fmedia&parent=15034"}],"curies":[{"name":"wp","href":"https:\/\/api.w.org\/{rel}","templated":true}]}}