{"id":15046,"date":"2023-04-14T10:37:54","date_gmt":"2023-04-14T09:37:54","guid":{"rendered":"https:\/\/www.oslivade.si\/?page_id=15046"},"modified":"2023-04-14T10:37:54","modified_gmt":"2023-04-14T09:37:54","slug":"nip-francoscina","status":"publish","type":"page","link":"https:\/\/www.oslivade.si\/?page_id=15046","title":{"rendered":"NIP FRANCO\u0160\u010cINA"},"content":{"rendered":"<p>[vc_row][vc_column width=&#8221;1\/3&#8243;][vc_single_image image=&#8221;15049&#8243; img_size=&#8221;medium&#8221;][\/vc_column][vc_column width=&#8221;2\/3&#8243;][vc_column_text]<\/p>\n<table id=\"table2\">\n<tbody>\n<tr>\n<th colspan=\"2\">NIP Franco\u0161\u010dina<\/th>\n<\/tr>\n<tr>\n<td width=\"200\">\u0160tevilo ur tedensko:<\/td>\n<td>1<\/td>\n<\/tr>\n<tr>\n<td>Izbira:<\/td>\n<td>Enoletni predmet za 4., 5. in 6. razred<\/td>\n<\/tr>\n<tr>\n<td>Nosilec:<\/td>\n<td>Ma\u0161a Avsenak Zobec<br \/>\nBrigita Butala<\/td>\n<\/tr>\n<\/tbody>\n<\/table>\n<p>&nbsp;[\/vc_column_text][\/vc_column][\/vc_row][vc_row][vc_column][vc_column_text]<span style=\"color: #ff0000;\"><strong>ZAKAJ IZBRATI FRANCO\u0160\u010cINO?<\/strong><\/span><br \/>\n1. Franco\u0161\u010dina je eden najlep\u0161ih in najbolj melodi\u010dnih jezikov na svetu.<br \/>\n2. Zaradi francoske mode, parfumov, kolesarskih dirk, okusnih sirov, roglji\u010dev, makronov, Eifflovega stopla \u2026<br \/>\n3. Ker je pouk spro\u0161\u010den in se pri njem veliko nau\u010dimo.[\/vc_column_text][\/vc_column][\/vc_row]<\/p>\n","protected":false},"excerpt":{"rendered":"<p>[vc_row][vc_column width=&#8221;1\/3&#8243;][vc_single_image image=&#8221;15049&#8243; img_size=&#8221;medium&#8221;][\/vc_column][vc_column width=&#8221;2\/3&#8243;][vc_column_text] NIP Franco\u0161\u010dina \u0160tevilo ur tedensko: 1 Izbira: Enoletni predmet za 4., 5. in 6. razred&nbsp;<a href=\"https:\/\/www.oslivade.si\/?page_id=15046\">&hellip;<\/a><\/p>\n","protected":false},"author":1,"featured_media":0,"parent":0,"menu_order":0,"comment_status":"closed","ping_status":"closed","template":"","meta":{"ngg_post_thumbnail":0,"footnotes":""},"class_list":["post-15046","page","type-page","status-publish","hentry","odd"],"_links":{"self":[{"href":"https:\/\/www.oslivade.si\/index.php?rest_route=\/wp\/v2\/pages\/15046"}],"collection":[{"href":"https:\/\/www.oslivade.si\/index.php?rest_route=\/wp\/v2\/pages"}],"about":[{"href":"https:\/\/www.oslivade.si\/index.php?rest_route=\/wp\/v2\/types\/page"}],"author":[{"embeddable":true,"href":"https:\/\/www.oslivade.si\/index.php?rest_route=\/wp\/v2\/users\/1"}],"replies":[{"embeddable":true,"href":"https:\/\/www.oslivade.si\/index.php?rest_route=%2Fwp%2Fv2%2Fcomments&post=15046"}],"version-history":[{"count":1,"href":"https:\/\/www.oslivade.si\/index.php?rest_route=\/wp\/v2\/pages\/15046\/revisions"}],"predecessor-version":[{"id":15051,"href":"https:\/\/www.oslivade.si\/index.php?rest_route=\/wp\/v2\/pages\/15046\/revisions\/15051"}],"wp:attachment":[{"href":"https:\/\/www.oslivade.si\/index.php?rest_route=%2Fwp%2Fv2%2Fmedia&parent=15046"}],"curies":[{"name":"wp","href":"https:\/\/api.w.org\/{rel}","templated":true}]}}