{"id":1543,"date":"2018-11-19T15:55:47","date_gmt":"2018-11-19T13:55:47","guid":{"rendered":"http:\/\/91.220.156.17\/?page_id=1543"},"modified":"2025-08-29T08:56:11","modified_gmt":"2025-08-29T07:56:11","slug":"odpoved-malice-kosila","status":"publish","type":"page","link":"https:\/\/www.oslivade.si\/?page_id=1543","title":{"rendered":"ODPOVED MALICE\/KOSILA"},"content":{"rendered":"<p>Naro\u010dnik-pla\u010dnik je posamezen obrok za odsotnega u\u010denca dol\u017ean pravo\u010dasno odjaviti.<\/p>\n<p>Odjava se opravi:<br \/>\n&nbsp;-po e-po\u0161ti: <strong>prehrana@oslivade.si<\/strong><br \/>\n&#8211; po telefonu na \u0161tevilko: <strong>05 662 55 63<\/strong><\/p>\n<p>Posamezni dnevni obrok \u2013 <strong>ZAJTRK<\/strong> je pravo\u010dasno odjavljen, \u010de se ga odjavi:<br \/>\n<strong>&#8211; vsaj en delovni dan pred odsotnostjo u\u010denca, in sicer do 8.00 ure.<\/strong><\/p>\n<p>Posamezni dnevni obrok \u2013 <strong>MALICA , KOSILO in POPOLDANSKA MALICA<\/strong> je pravo\u010dasno odjavljen, \u010de se ga odjavi:<br \/>\n<strong>&#8211; isti dan odsotnosti u\u010denca pred za\u010detkom pouka, in sicer do 8.00 ure.<\/strong><\/p>\n<p>\u0160ola odjavi posamezni obrok \u0161olske prehrane za u\u010denca, ki je odsoten od pouka zaradi sodelovanja pri:<br \/>\n&#8211; \u0161portnih,<br \/>\n&#8211; kulturnih in<br \/>\n&#8211; drugih tekmovanjih ter sre\u010danjih, na katerih sodeluje v imenu \u0161ole.<\/p>\n<p>U\u010dencu, ki je odjavil \u0161olsko prehrano zaradi odsotnosti, bo ponovno zagotovljen posamezni obrok \u0161olske prehrane, \u010de star\u0161i \u0161e isti dan pred za\u010detkom pouka do 8.00 ure obvestijo administratorko v ra\u010dunovodstvu o njegovi ponovni prisotnosti pri pouku.<\/p>\n<p>V kolikor naro\u010dnik-pla\u010dnik posameznega obroka <strong>ne odjavi pravo\u010dasno<\/strong> ali ga sploh <strong>ne odjavi<\/strong>, <strong>pla\u010da polno ceno obroka<\/strong>. To <strong>velja<\/strong> tudi za u\u010dence, ki imajo<strong> subvencionirano prehrano. Odjava za nazaj ni mo\u017ena. <\/strong><\/p>\n","protected":false},"excerpt":{"rendered":"<p>Naro\u010dnik-pla\u010dnik je posamezen obrok za odsotnega u\u010denca dol\u017ean pravo\u010dasno odjaviti. Odjava se opravi: &nbsp;-po e-po\u0161ti: prehrana@oslivade.si &#8211; po telefonu na&nbsp;<a href=\"https:\/\/www.oslivade.si\/?page_id=1543\">&hellip;<\/a><\/p>\n","protected":false},"author":1,"featured_media":0,"parent":64,"menu_order":0,"comment_status":"closed","ping_status":"closed","template":"","meta":{"ngg_post_thumbnail":0,"footnotes":""},"class_list":["post-1543","page","type-page","status-publish","hentry","odd"],"_links":{"self":[{"href":"https:\/\/www.oslivade.si\/index.php?rest_route=\/wp\/v2\/pages\/1543"}],"collection":[{"href":"https:\/\/www.oslivade.si\/index.php?rest_route=\/wp\/v2\/pages"}],"about":[{"href":"https:\/\/www.oslivade.si\/index.php?rest_route=\/wp\/v2\/types\/page"}],"author":[{"embeddable":true,"href":"https:\/\/www.oslivade.si\/index.php?rest_route=\/wp\/v2\/users\/1"}],"replies":[{"embeddable":true,"href":"https:\/\/www.oslivade.si\/index.php?rest_route=%2Fwp%2Fv2%2Fcomments&post=1543"}],"version-history":[{"count":6,"href":"https:\/\/www.oslivade.si\/index.php?rest_route=\/wp\/v2\/pages\/1543\/revisions"}],"predecessor-version":[{"id":17785,"href":"https:\/\/www.oslivade.si\/index.php?rest_route=\/wp\/v2\/pages\/1543\/revisions\/17785"}],"up":[{"embeddable":true,"href":"https:\/\/www.oslivade.si\/index.php?rest_route=\/wp\/v2\/pages\/64"}],"wp:attachment":[{"href":"https:\/\/www.oslivade.si\/index.php?rest_route=%2Fwp%2Fv2%2Fmedia&parent=1543"}],"curies":[{"name":"wp","href":"https:\/\/api.w.org\/{rel}","templated":true}]}}