{"id":16552,"date":"2024-04-17T11:46:13","date_gmt":"2024-04-17T10:46:13","guid":{"rendered":"https:\/\/www.oslivade.si\/?page_id=16552"},"modified":"2026-04-14T13:08:31","modified_gmt":"2026-04-14T12:08:31","slug":"izbirni-predmet-astronomija-sonce-luna-in-zemlja","status":"publish","type":"page","link":"https:\/\/www.oslivade.si\/?page_id=16552","title":{"rendered":"Astronomija \u2013 Sonce, Luna in Zemlja"},"content":{"rendered":"<p>[vc_row][vc_column width=&#8221;1\/3&#8243;][vc_single_image image=&#8221;12047&#8243; img_size=&#8221;medium&#8221;][\/vc_column][vc_column width=&#8221;2\/3&#8243;][vc_column_text]<\/p>\n<table id=\"table2\">\n<tbody>\n<tr>\n<th colspan=\"2\">ASTRONOMIJA &#8211; SONCE, LUNA IN ZEMLJA<\/th>\n<\/tr>\n<tr>\n<td width=\"200\">\u0160tevilo ur tedensko:<\/td>\n<td>1<\/td>\n<\/tr>\n<tr>\n<td>Izbira:<\/td>\n<td>Enoletni predmet za 8. in 9. razred<\/td>\n<\/tr>\n<tr>\n<td>&nbsp;<\/td>\n<td>&nbsp;<\/td>\n<\/tr>\n<\/tbody>\n<\/table>\n<p>[\/vc_column_text][\/vc_column][\/vc_row][vc_row][vc_column][vc_column_text]Izbirni predmet Astronomija \u2013 Sonce, Luna in Zemlja je namenjen u\u010dencem, ki jih zanima na\u0161e \u00bbbli\u017enje\u00ab vesolje. Za pristop k predmetu predznanje ni obvezno.<\/p>\n<p><strong>Pri tem predmetu bodo u\u010denci razvijali:<\/strong><br \/>\n\u2022 svoj raziskovalni potencial,<br \/>\n\u2022 abstraktno mi\u0161ljenje,<br \/>\n\u2022 kriti\u010dno mi\u0161ljenje,<br \/>\n\u2022 sposobnost na\u010drtovanja poskusov in opazovanj,<br \/>\n\u2022 predstavo o svojem polo\u017eaju v okolju,<br \/>\n\u2022 kriti\u010den in toleranten odnos do sogovornika v konstruktivnih debatah glede novih spoznanj,<br \/>\n\u2022 sposobnost in \u017eeljo za samostojno raziskovanje.<\/p>\n<p><strong>U\u010denci bodo dobili znanja iz naslednjih tem:<\/strong><br \/>\n\u2022 vrste objektov v vesolju,<br \/>\n\u2022 na\u0161e oson\u010dje in njegovi gradniki,<br \/>\n\u2022 menjavanje dneva in no\u010di,<br \/>\n\u2022 letni \u010dasi,<br \/>\n\u2022 lunine mene,<br \/>\n\u2022 orientacija in merjenje \u010dasa s pomo\u010djo nebesnih teles, podnevi in pono\u010di,<br \/>\n\u2022 opazovanje okolice z daljnogledom,<br \/>\n\u2022 astronomsko opazovanje s teleskopom,<br \/>\n\u2022 uporaba zvezdne karte<\/p>\n<p><em>V dana\u0161njem svetu polnem elektronskih pomagal, se \u0161e vedno v dolo\u010denih primerih najhitreje in najla\u017eje znajde\u0161, \u010de ima\u0161 del znanja, ki so ga neko\u010d ljudje imeli, ko se prvi\u010d na dolge odprave so podali, tja \u010dez \u0161irno morje, za obzorje, tam kjer bajke in po\u0161asti so doma, v neznane nove kraje, s seboj veliko poguma in znanja astronomije so vzeli.<\/em>[\/vc_column_text][\/vc_column][\/vc_row]<\/p>\n","protected":false},"excerpt":{"rendered":"<p>[vc_row][vc_column width=&#8221;1\/3&#8243;][vc_single_image image=&#8221;12047&#8243; img_size=&#8221;medium&#8221;][\/vc_column][vc_column width=&#8221;2\/3&#8243;][vc_column_text] ASTRONOMIJA &#8211; SONCE, LUNA IN ZEMLJA \u0160tevilo ur tedensko: 1 Izbira: Enoletni predmet za 8.&nbsp;<a href=\"https:\/\/www.oslivade.si\/?page_id=16552\">&hellip;<\/a><\/p>\n","protected":false},"author":1,"featured_media":0,"parent":0,"menu_order":0,"comment_status":"closed","ping_status":"closed","template":"","meta":{"ngg_post_thumbnail":0,"footnotes":""},"class_list":["post-16552","page","type-page","status-publish","hentry","odd"],"_links":{"self":[{"href":"https:\/\/www.oslivade.si\/index.php?rest_route=\/wp\/v2\/pages\/16552"}],"collection":[{"href":"https:\/\/www.oslivade.si\/index.php?rest_route=\/wp\/v2\/pages"}],"about":[{"href":"https:\/\/www.oslivade.si\/index.php?rest_route=\/wp\/v2\/types\/page"}],"author":[{"embeddable":true,"href":"https:\/\/www.oslivade.si\/index.php?rest_route=\/wp\/v2\/users\/1"}],"replies":[{"embeddable":true,"href":"https:\/\/www.oslivade.si\/index.php?rest_route=%2Fwp%2Fv2%2Fcomments&post=16552"}],"version-history":[{"count":3,"href":"https:\/\/www.oslivade.si\/index.php?rest_route=\/wp\/v2\/pages\/16552\/revisions"}],"predecessor-version":[{"id":18324,"href":"https:\/\/www.oslivade.si\/index.php?rest_route=\/wp\/v2\/pages\/16552\/revisions\/18324"}],"wp:attachment":[{"href":"https:\/\/www.oslivade.si\/index.php?rest_route=%2Fwp%2Fv2%2Fmedia&parent=16552"}],"curies":[{"name":"wp","href":"https:\/\/api.w.org\/{rel}","templated":true}]}}