{"id":16763,"date":"2024-06-07T09:26:56","date_gmt":"2024-06-07T08:26:56","guid":{"rendered":"https:\/\/www.oslivade.si\/?page_id=16763"},"modified":"2024-06-07T09:27:10","modified_gmt":"2024-06-07T08:27:10","slug":"razsirjen-program","status":"publish","type":"page","link":"https:\/\/www.oslivade.si\/?page_id=16763","title":{"rendered":"Raz\u0161irjen program"},"content":{"rendered":"<table id=\"table1\">\n<tbody>\n<tr>\n<th width=\"55%\">Raz\u0161irjen program<\/th>\n<th width=\"25%\">U\u010ditelj<\/th>\n<th width=\"10%\">Na voljo v razredu<\/th>\n<\/tr>\n<tr>\n<td><a href=\"https:\/\/www.oslivade.si\/?page_id=15046\">Franco\u0161\u010dina<\/a><\/td>\n<td>Avsenak Zobec, Butala<\/td>\n<td>4. &#8211; 6.<\/td>\n<\/tr>\n<tr>\n<td><a href=\"https:\/\/www.oslivade.si\/?page_id=15042\">Tehnika 4, 5, 6<\/a><\/td>\n<td>Krek<\/td>\n<td>4. &#8211; 6.<\/td>\n<\/tr>\n<tr>\n<td><a href=\"https:\/\/www.oslivade.si\/?page_id=15033\">Ra\u010dunalni\u0161tvo 4<\/a>, <a href=\"https:\/\/www.oslivade.si\/?page_id=15037\">Ra\u010dunalni\u0161tvo 5, 6&nbsp;&nbsp;<\/a><\/td>\n<td>\u0160imonovi\u0107<\/td>\n<td>4., 5. &#8211; 6.<\/td>\n<\/tr>\n<tr>\n<td><a href=\"https:\/\/www.oslivade.si\/?page_id=15025\">\u0160port 4<\/a>, <a href=\"https:\/\/www.oslivade.si\/?page_id=15028\">\u0160port 5<\/a>, <a href=\"https:\/\/www.oslivade.si\/?page_id=15031\">\u0160port 6<\/a><\/td>\n<td>\u0160krbina<\/td>\n<td>4., 5., 6.<\/td>\n<\/tr>\n<\/tbody>\n<\/table>\n<p>&nbsp;<\/p>\n","protected":false},"excerpt":{"rendered":"<p>Raz\u0161irjen program U\u010ditelj Na voljo v razredu Franco\u0161\u010dina Avsenak Zobec, Butala 4. &#8211; 6. Tehnika 4, 5, 6 Krek 4.&nbsp;<a href=\"https:\/\/www.oslivade.si\/?page_id=16763\">&hellip;<\/a><\/p>\n","protected":false},"author":1,"featured_media":0,"parent":0,"menu_order":0,"comment_status":"closed","ping_status":"closed","template":"","meta":{"ngg_post_thumbnail":0,"footnotes":""},"class_list":["post-16763","page","type-page","status-publish","hentry","odd"],"_links":{"self":[{"href":"https:\/\/www.oslivade.si\/index.php?rest_route=\/wp\/v2\/pages\/16763"}],"collection":[{"href":"https:\/\/www.oslivade.si\/index.php?rest_route=\/wp\/v2\/pages"}],"about":[{"href":"https:\/\/www.oslivade.si\/index.php?rest_route=\/wp\/v2\/types\/page"}],"author":[{"embeddable":true,"href":"https:\/\/www.oslivade.si\/index.php?rest_route=\/wp\/v2\/users\/1"}],"replies":[{"embeddable":true,"href":"https:\/\/www.oslivade.si\/index.php?rest_route=%2Fwp%2Fv2%2Fcomments&post=16763"}],"version-history":[{"count":1,"href":"https:\/\/www.oslivade.si\/index.php?rest_route=\/wp\/v2\/pages\/16763\/revisions"}],"predecessor-version":[{"id":16764,"href":"https:\/\/www.oslivade.si\/index.php?rest_route=\/wp\/v2\/pages\/16763\/revisions\/16764"}],"wp:attachment":[{"href":"https:\/\/www.oslivade.si\/index.php?rest_route=%2Fwp%2Fv2%2Fmedia&parent=16763"}],"curies":[{"name":"wp","href":"https:\/\/api.w.org\/{rel}","templated":true}]}}