{"id":1746,"date":"2018-11-20T16:26:01","date_gmt":"2018-11-20T14:26:01","guid":{"rendered":"http:\/\/91.220.156.17\/?page_id=1746"},"modified":"2025-09-22T07:49:33","modified_gmt":"2025-09-22T06:49:33","slug":"seznam-uciteljev","status":"publish","type":"page","link":"https:\/\/www.oslivade.si\/?page_id=1746","title":{"rendered":"SEZNAM U\u010cITELJEV"},"content":{"rendered":"<p>[vc_row][vc_column][vc_column_text]<\/p>\n<table id=\"table1\">\n<tbody>\n<tr>\n<th width=\"20%\">Priimek in ime u\u010ditelja<\/th>\n<th width=\"25%\">predmet, (razrednik)<\/th>\n<th width=\"25%\">elektronski naslov<\/th>\n<th width=\"15%\">popoldanske govorilne ure (u\u010dilnica)<\/th>\n<th width=\"15%\">dopoldanske govorilne ure<\/th>\n<\/tr>\n<tr>\n<td>AVSENAK ZOBEC MA\u0160A<\/td>\n<td>\u0161pan\u0161\u010dina, franco\u0161\u010dina<\/td>\n<td>masa.avsenak-zobec@oslivade.si<\/td>\n<td>zbornica<\/td>\n<td>zbornica, ponedeljek, 8.20\u20139.05<\/td>\n<\/tr>\n<tr>\n<td>BOROVNIK LAZI\u0106 SNE\u017dANA<\/td>\n<td>2. b<\/td>\n<td>snezana.lazic@oslivade.si<\/td>\n<td>2. b<\/td>\n<td>kabinet 2., 3. r, ponedeljek, 10.10\u201310.55<\/td>\n<\/tr>\n<tr>\n<td>BO\u017dEGLAV IGOR<\/td>\n<td>\u0161portna vzgoja, nogomet, \u0161port za sprostitev, \u0161port za zdravje<\/td>\n<td>igor.bozeglav@oslivade.si<\/td>\n<td>kabinet \u0160PO&nbsp;<\/td>\n<td>kabinet \u0160PO, torek, 11.10\u201311.55<\/td>\n<\/tr>\n<tr>\n<td>BUBNI\u010c KARMEN<\/td>\n<td>italijan\u0161\u010dina, domovinska in dr\u017eavljanska kultura in etika, razrednik 9. b<\/td>\n<td>karmen.bubnic@oslivade.si<\/td>\n<td>u\u010dilnica 12<\/td>\n<td>u\u010dilnica 12, torek,12.50\u201313.35<\/td>\n<\/tr>\n<tr>\n<td>BURIN METKA<\/td>\n<td>1.&nbsp;&nbsp;&nbsp;&nbsp; b<\/td>\n<td>metka.burin@oslivade.si<\/td>\n<td>1. b<\/td>\n<td>kabinet 1. r, \u010detrtek, <span style=\"font-family: inherit; font-size: inherit;\">11.10\u201311.55<\/span><\/td>\n<\/tr>\n<tr>\n<td>CAJZAR SANDRA<\/td>\n<td>sloven\u0161\u010dina<\/td>\n<td>sandra.cajzar@oslivade.si<\/td>\n<td>knji\u017enica<\/td>\n<td>kabinet jezikoslovja, \u010detrtek, 10.10\u201310.55<\/td>\n<\/tr>\n<tr>\n<td>CEGLAR MAJA<\/td>\n<td>RaPko 2. a<\/td>\n<td>maja.ceglar@oslivade.si<\/td>\n<td>kabinet 2., 3. r<\/td>\n<td>kabinet RaPko, ponedeljek, 12.00\u201312.45<\/td>\n<\/tr>\n<tr>\n<td>CIJAN ANJA<\/td>\n<td>RaPko 1. a<\/td>\n<td>anja.cijan@oslivade.si<\/td>\n<td>kabinet RaPko<\/td>\n<td>kabinet RaPko, sreda, 12.00\u201312.45<\/td>\n<\/tr>\n<tr>\n<td>COKAN INES<\/td>\n<td>izvajalka DSP<\/td>\n<td>ines.cokan@oslivade.si<\/td>\n<td>kabinet DSP<\/td>\n<td>pisarna svet. delavke, po dogovoru<\/td>\n<\/tr>\n<tr>\n<td>DRA\u017dI\u010c SABINA<\/td>\n<td>3. b<\/td>\n<td>sabina.drazic@oslivade.si<\/td>\n<td>3. b<\/td>\n<td>kabinet 2., 3.r, \u010detrtek, 12.00\u201312.45<\/td>\n<\/tr>\n<tr>\n<td>GABRIJEL DU\u0160AN<\/td>\n<td>zgodovina, geografija, \u0161ahovske osnove, \u0161ahovsko kombiniranje, \u0161ahovske strategije, razrednik 9. a<\/td>\n<td>dusan.gabrijel@oslivade.si<\/td>\n<td>u\u010dilnica 15<\/td>\n<td>ra\u010dunalni\u0161ka u\u010dilnica, sreda, 9.10\u20139.55<\/td>\n<\/tr>\n<tr>\n<td>GAVAJUC OLGA<\/td>\n<td>angle\u0161\u010dina<\/td>\n<td>olga.gavajuc@oslivade.si<\/td>\n<td>pisarna zbornica<\/td>\n<td>kabinet TJA, sreda, 12.00\u201312.45<\/td>\n<\/tr>\n<tr>\n<td>GRABAR BISERKA<\/td>\n<td>4. b<\/td>\n<td>biserka.grabar@oslivade.si<\/td>\n<td>4. b<\/td>\n<td>kabinet 4. r, petek, 10.10\u201310.55<\/td>\n<\/tr>\n<tr>\n<td>JANE\u017dI\u010c LEA<\/td>\n<td>\u0161port, livadba, \u017eoga \u017eur<\/td>\n<td>lea.janezic@oslivade.si<\/td>\n<td>kabinet \u0160PO<\/td>\n<td>kabinet \u0160PO, torek, 12.00\u201312.45<\/td>\n<\/tr>\n<tr>\n<td>JUG STA\u0160A<\/td>\n<td>\u0161portna vzgoja, odbojka, \u0161port za sprostitev, \u0161port za zdravje, razredni\u010darka 8. b<\/td>\n<td>stasa.jug@oslivade.si<\/td>\n<td>u\u010dilnica 14<\/td>\n<td>kabinet \u0160PO, \u010detrtek, 11.10\u201311.55<\/td>\n<\/tr>\n<tr>\n<td>KLEVA SIMONA<\/td>\n<td>RaPko 1. b<\/td>\n<td>simona.kleva@oslivade.si<\/td>\n<td>pisarna \u0161olske svetovalne slu\u017ebe<\/td>\n<td>pisarna svet. delavke, po dogovoru<\/td>\n<\/tr>\n<tr>\n<td>KNEZ INGRID<\/td>\n<td>likovna umetnost, likovno snovanje<\/td>\n<td>ingrid.knez@oslivade.si<\/td>\n<td>u\u010dilnica 5<\/td>\n<td>zbornica, sreda, 10.10\u201310.55<\/td>\n<\/tr>\n<tr>\n<td>KOZJAK EVA<\/td>\n<td>angle\u0161\u010dina<\/td>\n<td>eva.kozjak@oslivade.si<\/td>\n<td>kabinet 5. r<\/td>\n<td>kabinet 2., 3. r, \u010detrtek, 8.20\u20139.05<\/td>\n<\/tr>\n<tr>\n<td>KOZLOVI\u010c ALENKA<\/td>\n<td>sloven\u0161\u010dina, razrednik 7. b<\/td>\n<td>alenka.kozlovic@oslivade.si<\/td>\n<td>u\u010dilnica 7<\/td>\n<td>kabinet jezikoslovja, \u010detrtek, 12.00\u201312.45<\/td>\n<\/tr>\n<tr>\n<td>KRAJIC TOMIN JON<\/td>\n<td>glasbena umetnost, RaPko 5. razred, otro\u0161ki in mladinski pevski zbor, \u0161olski band<\/td>\n<td>jon.ktomin@oslivade.si<\/td>\n<td>u\u010dilnica 16<\/td>\n<td>kabinet TJA, sreda, 11.10\u201311.55<\/td>\n<\/tr>\n<tr>\n<td>KRBAV\u010cI\u010c BRE\u010cEVI\u0106 KARMEN<\/td>\n<td>fizika<\/td>\n<td>karmenkb@dante-alighieri.si<\/td>\n<td>kabinet FIZ<\/td>\n<td>kabinet FIZ, \u010detrtek, 12.50\u201313.45<\/td>\n<\/tr>\n<tr>\n<td>KRIVI\u010cI\u010c&nbsp; TEODORA<\/td>\n<td>geografija, zgodovina, razrednik 8. a<\/td>\n<td>teodora.krivicic@oslivade.si<\/td>\n<td>u\u010dilnica 11<\/td>\n<td>u\u010dilnica \u0161t. 11, torek, 10.10\u201310.55<\/td>\n<\/tr>\n<tr>\n<td>KRO\u0160ELJ SARA<\/td>\n<td>sloven\u0161\u010dina, pomo\u010dnica ravnateljice<\/td>\n<td>sara.kroselj@oslivade.si<\/td>\n<td>pisarna pomo\u010dnice ravnateljice<\/td>\n<td>kabinet jezikoslovja, \u010detrtek, 11.10\u201311.55<\/td>\n<\/tr>\n<tr>\n<td>LACI\u0106 LIDIJA<\/td>\n<td>matematika, tehnika in tehnologija, razrednik 7. a<\/td>\n<td>lidija.lacic@oslivade.si<\/td>\n<td>kabinet jezikoslovja<\/td>\n<td>kabinet jezikoslovja, torek, 9.10\u20139.55<\/td>\n<\/tr>\n<tr>\n<td>LON\u010cAR ANA<\/td>\n<td>2.&nbsp;&nbsp;&nbsp;&nbsp; a<\/td>\n<td>ana.loncar@oslivade.si<\/td>\n<td>2. a<\/td>\n<td>kabinet 2., 3.r., torek, 9.10\u20139.55<\/td>\n<\/tr>\n<tr>\n<td>MIJOT TINA<\/td>\n<td>matematika<\/td>\n<td>tina.mijot@oslivade.si<\/td>\n<td>kabinet MAT&nbsp;<\/td>\n<td>kabinet MAT, torek, 11.10\u201311.55<\/td>\n<\/tr>\n<tr>\n<td>MITROVI\u0106 IVANA<\/td>\n<td>angle\u0161\u010dina<\/td>\n<td>ivana.mitrovic@oslivade.si<\/td>\n<td>kabinet TJA<\/td>\n<td>u\u010dilnica \u0161t. 15, ponedeljek, 12.00\u201312.45<\/td>\n<\/tr>\n<tr>\n<td>MUROVEC MAJA<\/td>\n<td>filmska vzgoja, \u0161olsko novinarstvo, gledali\u0161ki klub, filozofija<\/td>\n<td>maja.murovec@oslivade.si<\/td>\n<td>knji\u017enica<\/td>\n<td>knji\u017enica, torek, 8.20\u20139.05<\/td>\n<\/tr>\n<tr>\n<td>PANGER VILER IRENA<\/td>\n<td>5. b<\/td>\n<td>irena.panger-viler@oslivade.si<\/td>\n<td>5. b<\/td>\n<td>kabinet 5. r, torek, 9.10\u20139.55<\/td>\n<\/tr>\n<tr>\n<td>PERME UR\u0160KA<\/td>\n<td>druga u\u010diteljica v 1. razredu<\/td>\n<td>urska.perme@oslivade.si<\/td>\n<td>kabinet 1. r<\/td>\n<td>kabinet 1. r, petek, 12.00\u201312.45<\/td>\n<\/tr>\n<tr>\n<td>PER\u0160OLJA GARDI<\/td>\n<td>italijan\u0161\u010dina, razrednik 6. b<\/td>\n<td>gardi.persolja@oslivade.si<\/td>\n<td>u\u010dilnica 8<\/td>\n<td>kabinet 4. r, \u010detrtek, 8.20\u20139.05<\/td>\n<\/tr>\n<tr>\n<td>PRELEC JANJA<\/td>\n<td>gospodinjstvo, sodobna priprava hrane, tehnika, vodja prehrane ter&nbsp; laborantstvo<\/td>\n<td>janja.prelec@oslivade.si<\/td>\n<td>mala jedilnica<\/td>\n<td>kabinet MAT, torek, 10.10\u201310.55<\/td>\n<\/tr>\n<tr>\n<td>PU\u0160NIK&nbsp; SUZANA<\/td>\n<td>matematika, RaPko 4. a<\/td>\n<td>suzana.pusnik@oslivade.si<\/td>\n<td>u\u010dilnica 30<\/td>\n<td>u\u010dilnica \u0161t. 30, ponedeljek, 9.10\u20139.55<\/td>\n<\/tr>\n<tr>\n<td>SEVER ANJA<\/td>\n<td>\u0161olska svetovalna slu\u017eba<\/td>\n<td>anja.sever@oslivade.si<\/td>\n<td>pisarna \u0161olske svetovalne slu\u017ebe<\/td>\n<td>pisarna svet. delavke, po dogovoru<\/td>\n<\/tr>\n<tr>\n<td>SLAVEC MALJEVAC JANA<\/td>\n<td>tehnika in tehnologija, RaPko 3. a<\/td>\n<td>jana.slavec-maljevac@oslivade.si<\/td>\n<td>u\u010dilnica 6<\/td>\n<td>kabinet 2., 3. r, po dogovoru<\/td>\n<\/tr>\n<tr>\n<td>\u0160AJN MAJA<\/td>\n<td>1.&nbsp;&nbsp;&nbsp;&nbsp; a<\/td>\n<td>maja.sajn@oslivade.si<\/td>\n<td>1.&nbsp;&nbsp;&nbsp;&nbsp; a<\/td>\n<td>kabinet 1. razred, \u010detrtek, 10.10\u201310.55<\/td>\n<\/tr>\n<tr>\n<td>\u0160IMONOVI\u0106 MARIJA<\/td>\n<td>matematika, jutranje varstvo, urejanje besedil, ra\u010dunalni\u0161tvo, razredni\u010darka 6. a<\/td>\n<td>marija.simonovic@oslivade.si<\/td>\n<td>u\u010dilnica 20<\/td>\n<td>u\u010dilnica \u0161t. 20, \u010detrtek, 9.10\u20139.55<\/td>\n<\/tr>\n<tr>\n<td>\u0160I\u0160KO IVICA<\/td>\n<td>3. a<\/td>\n<td>ivica.sisko@oslivade.si<\/td>\n<td>3. a<\/td>\n<td>kabinet 2.,3. razred, sreda, 10.10\u201310.55<\/td>\n<\/tr>\n<tr>\n<td>\u0160KOF NATA\u0160A<\/td>\n<td>naravoslovje, kemija, biologija<\/td>\n<td>natasa.skof@oslivade.si<\/td>\n<td>u\u010dilnica 19<\/td>\n<td>u\u010dilnica 19, sreda, 12.00\u201312.45<\/td>\n<\/tr>\n<tr>\n<td>\u0160KRBINA ANA<\/td>\n<td>\u0161port, livadba gimnastika<\/td>\n<td>ana.skrbina@oslivade.si<\/td>\n<td>u\u010dilnica 30<\/td>\n<td>zbornica, sreda, 12.00\u201312.45<\/td>\n<\/tr>\n<tr>\n<td>VILER GAJA<\/td>\n<td>jutranje varstvo, RaPko 5. r, plesni \u017eur, prva pomo\u010d<\/td>\n<td>gaja.viler@oslivade.si<\/td>\n<td>kabinet 5. r&nbsp;<\/td>\n<td>kabinet RaPko, petek, 12.50\u201313.35<\/td>\n<\/tr>\n<tr>\n<td>ZONTA EVELIN<\/td>\n<td>RaPko 3. b<\/td>\n<td>evelin.zonta@oslivade.si<\/td>\n<td>kabinet 4. r<\/td>\n<td>kabinet RaPko, po dogovoru<\/td>\n<\/tr>\n<tr>\n<td>\u017dIGANTE SABRINA<\/td>\n<td>5. a<\/td>\n<td>sabrina.zigante@oslivade.si<\/td>\n<td>5. a<\/td>\n<td>kabinet 5. razred, sreda, 9.10\u20139.55<\/td>\n<\/tr>\n<tr>\n<td>\u017dUNI\u0106 NEGRO MARIJA<\/td>\n<td>naravoslovje, domovinska in dr\u017eavljanska kultura in etika, RaPko 2. b<\/td>\n<td>marija.zunic-negro@oslivade.si<\/td>\n<td>u\u010dilnica 13<\/td>\n<td>kabinet RaPko, \u010detrtek, 11.10\u201311.55<\/td>\n<\/tr>\n<tr>\n<td>\u017dUPANI\u0106 MAJA<\/td>\n<td>4. a, ra\u010dunalni\u0161tvo<\/td>\n<td>maja.zupanic@oslivade.si<\/td>\n<td>4. a<\/td>\n<td>kabinet 4. r, sreda, 9.10\u20139.55<\/td>\n<\/tr>\n<\/tbody>\n<\/table>\n<p>[\/vc_column_text][\/vc_column][\/vc_row]<\/p>\n","protected":false},"excerpt":{"rendered":"<p>[vc_row][vc_column][vc_column_text] Priimek in ime u\u010ditelja predmet, (razrednik) elektronski naslov popoldanske govorilne ure (u\u010dilnica) dopoldanske govorilne ure AVSENAK ZOBEC MA\u0160A \u0161pan\u0161\u010dina,&nbsp;<a href=\"https:\/\/www.oslivade.si\/?page_id=1746\">&hellip;<\/a><\/p>\n","protected":false},"author":1,"featured_media":0,"parent":64,"menu_order":0,"comment_status":"closed","ping_status":"closed","template":"","meta":{"ngg_post_thumbnail":0,"footnotes":""},"class_list":["post-1746","page","type-page","status-publish","hentry","odd"],"_links":{"self":[{"href":"https:\/\/www.oslivade.si\/index.php?rest_route=\/wp\/v2\/pages\/1746"}],"collection":[{"href":"https:\/\/www.oslivade.si\/index.php?rest_route=\/wp\/v2\/pages"}],"about":[{"href":"https:\/\/www.oslivade.si\/index.php?rest_route=\/wp\/v2\/types\/page"}],"author":[{"embeddable":true,"href":"https:\/\/www.oslivade.si\/index.php?rest_route=\/wp\/v2\/users\/1"}],"replies":[{"embeddable":true,"href":"https:\/\/www.oslivade.si\/index.php?rest_route=%2Fwp%2Fv2%2Fcomments&post=1746"}],"version-history":[{"count":46,"href":"https:\/\/www.oslivade.si\/index.php?rest_route=\/wp\/v2\/pages\/1746\/revisions"}],"predecessor-version":[{"id":17855,"href":"https:\/\/www.oslivade.si\/index.php?rest_route=\/wp\/v2\/pages\/1746\/revisions\/17855"}],"up":[{"embeddable":true,"href":"https:\/\/www.oslivade.si\/index.php?rest_route=\/wp\/v2\/pages\/64"}],"wp:attachment":[{"href":"https:\/\/www.oslivade.si\/index.php?rest_route=%2Fwp%2Fv2%2Fmedia&parent=1746"}],"curies":[{"name":"wp","href":"https:\/\/api.w.org\/{rel}","templated":true}]}}