{"id":21,"date":"2018-10-16T11:50:20","date_gmt":"2018-10-16T11:50:20","guid":{"rendered":"http:\/\/91.220.156.17\/?page_id=21"},"modified":"2026-04-20T07:25:37","modified_gmt":"2026-04-20T06:25:37","slug":"izbirni-predmeti","status":"publish","type":"page","link":"https:\/\/www.oslivade.si\/?page_id=21","title":{"rendered":"IZBIRNI PREDMETI"},"content":{"rendered":"<p>[vc_row][vc_column][vc_column_text]Poleg obveznih predmetov osnovna \u0161ola za u\u010dence 7., 8. in 9. razreda izvaja tudi pouk iz izbirnih predmetov.<\/p>\n<ul>\n<li>Potekajo eno uro na teden, razen tuj jezik, ki poteka dve uri tedensko.<\/li>\n<li>Nekatere predmete bomo izvajali v obliki fleksibilnega predmetnika.<\/li>\n<\/ul>\n<p>U\u010denec lahko izbere dve uri izbirnih predmetov lahko pa tudi tri, \u010de s tem sogla\u0161ajo njegovi star\u0161i.<\/p>\n<ul>\n<li>U\u010denci so razporejeni v skupine.<\/li>\n<li>V isti skupini so pri nekaterih izbirnih predmetih lahko u\u010denci razli\u010dnih razredov.<\/li>\n<li>V skupini je lahko najve\u010d 28 u\u010dencev.<\/li>\n<li>U\u010denec 7., 8. in 9. razreda, ki obiskuje glasbeno \u0161olo z javno veljavnim programom, je na predlog star\u0161ev opro\u0161\u010den sodelovanja pri izbirnih predmetih.<\/li>\n<\/ul>\n<p><a href=\"https:\/\/www.youtube.com\/watch?v=58Meiy6SMqE\" target=\"_blank\" rel=\"noopener\"><strong>Navodila za oddajo izbirnih predmetov v eAsistentu<\/strong><\/a><\/p>\n<div class=\"_df_thumb \" id=\"df_16568\"  _slug=\"izbirni-predmeti-za-7-razred\" data-title=\"izbirni-predmeti-za-7-razred\" wpoptions=\"true\" thumb=\"https:\/\/www.oslivade.si\/wp-content\/uploads\/2026\/04\/IP-7.razred-202526.png\" thumbtype=\"\" >Izbirni predmeti za 7. razred<\/div><script class=\"df-shortcode-script\" type=\"application\/javascript\">window.option_df_16568 = {\"outline\":[],\"autoEnableOutline\":\"false\",\"autoEnableThumbnail\":\"false\",\"overwritePDFOutline\":\"false\",\"direction\":\"1\",\"pageSize\":\"0\",\"source\":\"https:\\\/\\\/www.oslivade.si\\\/wp-content\\\/uploads\\\/2026\\\/04\\\/7.r_IZBIRNI-PREDMETI_2026-2027_knjizica.pdf\",\"wpOptions\":\"true\"}; if(window.DFLIP && window.DFLIP.parseBooks){window.DFLIP.parseBooks();}<\/script> <div class=\"_df_thumb \" id=\"df_16571\"  _slug=\"izbirni-predmeti-za-8-razred\" data-title=\"izbirni-predmeti-za-8-razred\" wpoptions=\"true\" thumb=\"https:\/\/www.oslivade.si\/wp-content\/uploads\/2026\/04\/IP-8.razred-202526.png\" thumbtype=\"\" >Izbirni predmeti za 8. razred<\/div><script class=\"df-shortcode-script\" type=\"application\/javascript\">window.option_df_16571 = {\"outline\":[],\"autoEnableOutline\":\"false\",\"autoEnableThumbnail\":\"false\",\"overwritePDFOutline\":\"false\",\"direction\":\"1\",\"pageSize\":\"0\",\"source\":\"https:\\\/\\\/www.oslivade.si\\\/wp-content\\\/uploads\\\/2026\\\/04\\\/8.r_IZBIRNI-PREDMETI_2026-2027_knjizica.pdf\",\"wpOptions\":\"true\"}; if(window.DFLIP && window.DFLIP.parseBooks){window.DFLIP.parseBooks();}<\/script> <div class=\"_df_thumb \" id=\"df_16573\"  _slug=\"izbirni-predmeti-za-9-razred\" data-title=\"izbirni-predmeti-za-9-razred\" wpoptions=\"true\" thumb=\"https:\/\/www.oslivade.si\/wp-content\/uploads\/2026\/04\/IP-9.razred-202526.png\" thumbtype=\"\" >Izbirni predmeti za 9. razred<\/div><script class=\"df-shortcode-script\" type=\"application\/javascript\">window.option_df_16573 = {\"outline\":[],\"autoEnableOutline\":\"false\",\"autoEnableThumbnail\":\"false\",\"overwritePDFOutline\":\"false\",\"direction\":\"1\",\"pageSize\":\"0\",\"source\":\"https:\\\/\\\/www.oslivade.si\\\/wp-content\\\/uploads\\\/2026\\\/04\\\/9.r_IZBIRNI-PREDMETI-2026-2027_knjizica.pdf\",\"wpOptions\":\"true\"}; if(window.DFLIP && window.DFLIP.parseBooks){window.DFLIP.parseBooks();}<\/script><\/p>\n<p>&nbsp;<\/p>\n<table id=\"table1\">\n<tbody>\n<tr>\n<th width=\"55%\">Izbirni predmet &#8211; se izvajajo v letu 2025\/26<\/th>\n<th width=\"25%\">U\u010ditelj<\/th>\n<th width=\"10%\">Na voljo v razredu<\/th>\n<\/tr>\n<tr>\n<td><a href=\"https:\/\/www.oslivade.si\/?page_id=16556\">Gledali\u0161ki klub<\/a><\/td>\n<td>Murovec<\/td>\n<td>7. &#8211; 8.<\/td>\n<\/tr>\n<tr>\n<td><a href=\"https:\/\/www.oslivade.si\/?page_id=1231\">\u0160pan\u0161\u010dina I, II, III<\/a><\/td>\n<td>Avsenak Zobec<\/td>\n<td>7. &#8211; 9.<\/td>\n<\/tr>\n<tr>\n<td><a href=\"https:\/\/www.oslivade.si\/?page_id=1091\">\u0160ah I, II, III<\/a><\/td>\n<td>Gabrijel<\/td>\n<td>7. &#8211; 9.<\/td>\n<\/tr>\n<tr>\n<td><a href=\"https:\/\/www.oslivade.si\/?page_id=1248\">Likovno snovanje II, III<\/a><\/td>\n<td>Knez<\/td>\n<td>9.<\/td>\n<\/tr>\n<tr>\n<td><a href=\"https:\/\/www.oslivade.si\/?page_id=1262\">\u0160olsko novinarstvo<\/a><\/td>\n<td>Murovec<\/td>\n<td>8. &#8211; 9.<\/td>\n<\/tr>\n<tr>\n<td><a href=\"https:\/\/www.oslivade.si\/?page_id=17511\">Filozofija za otroke &#8211; Eti\u010dna raziskovanja<\/a><\/td>\n<td>Murovec<\/td>\n<td>8.<\/td>\n<\/tr>\n<tr>\n<td><a href=\"https:\/\/www.oslivade.si\/?page_id=1252\">Turisti\u010dna vzgoja<\/a><\/td>\n<td>Gabrijel<\/td>\n<td>7.<\/td>\n<\/tr>\n<tr>\n<td>Prehrana: <a href=\"https:\/\/www.oslivade.si\/?page_id=1285\">Sodobna priprava hrane<\/a><\/td>\n<td>Prelec<\/td>\n<td>7.&nbsp;<\/td>\n<\/tr>\n<tr>\n<td>Filmska vzgoja: <a href=\"https:\/\/www.oslivade.si\/?page_id=13824\">Kaj je film?<\/a><\/td>\n<td>Murovec<\/td>\n<td>8. &#8211; 9.<\/td>\n<\/tr>\n<tr>\n<td>Ra\u010dunalni\u0161tvo: <a href=\"https:\/\/www.oslivade.si\/?page_id=1296\">Urejanje besedil<\/a><\/td>\n<td>\u0160imonovi\u0107<\/td>\n<td>7.<\/td>\n<\/tr>\n<tr>\n<td>\u0160port: <a href=\"https:\/\/www.oslivade.si\/?page_id=1329\">\u0160port za sprostitev<\/a><\/td>\n<td>Bo\u017eeglav, Jug<\/td>\n<td>7.<\/td>\n<\/tr>\n<tr>\n<td>\u0160port: <a href=\"https:\/\/www.oslivade.si\/?page_id=1336\">\u0160port za zdravje<\/a><\/td>\n<td>Bo\u017eeglav, Jug<\/td>\n<td>8.<\/td>\n<\/tr>\n<tr>\n<td>Izbrani \u0161port: <a href=\"https:\/\/www.oslivade.si\/?page_id=1343\">Nogomet<\/a><\/td>\n<td>Bo\u017eeglav<\/td>\n<td>9.<\/td>\n<\/tr>\n<tr>\n<td>Izbrani \u0161port: <a href=\"https:\/\/www.oslivade.si\/?page_id=1349\">Odbojka<\/a><\/td>\n<td>Jug<\/td>\n<td>9.<\/td>\n<\/tr>\n<\/tbody>\n<\/table>\n<p>&nbsp;<br \/>\n&nbsp;<\/p>\n<table id=\"table1\">\n<tbody>\n<tr>\n<th width=\"55%\">Izbirni predmet &#8211; se ne izvajajo v letu 2025\/26<\/th>\n<th width=\"25%\">U\u010ditelj<\/th>\n<th width=\"10%\">Na voljo v razredu<\/th>\n<\/tr>\n<tr>\n<td>Logika I, II, III<\/td>\n<td>Mijot<\/td>\n<td>7. &#8211; 9.<\/td>\n<\/tr>\n<tr>\n<td>Varstvo pred naravnimi in drugimi nesre\u010dami<\/td>\n<td>Jug<\/td>\n<td>9.<\/td>\n<\/tr>\n<tr>\n<td>Filozofija za otroke &#8211; Jaz in drugi<\/td>\n<td>Murovec<\/td>\n<td>9.<\/td>\n<\/tr>\n<tr>\n<td><a href=\"https:\/\/www.oslivade.si\/?page_id=16552\">Astronomija &#8211; Sonce, Luna in Zemlja<\/a><\/td>\n<td>Pu\u0161nik<\/td>\n<td>7. &#8211; 9.<\/td>\n<\/tr>\n<tr>\n<td><a href=\"https:\/\/www.oslivade.si\/?page_id=1357\">Franco\u0161\u010dina I, II, III<\/a><\/td>\n<td>Avsenak Zobec<\/td>\n<td>7. &#8211; 9.<\/td>\n<\/tr>\n<tr>\n<td><a href=\"https:\/\/www.oslivade.si\/?page_id=1258\">Vezenje I, II<\/a><\/td>\n<td>Prelec<\/td>\n<td>7. &#8211; 9.<\/td>\n<\/tr>\n<tr>\n<td><a href=\"https:\/\/www.oslivade.si\/?page_id=13829\">Filozofija za otroke &#8211; Kriti\u010dno mi\u0161ljenje<\/a><\/td>\n<td>Murovec<\/td>\n<td>7.<\/td>\n<\/tr>\n<tr>\n<td><a href=\"https:\/\/www.oslivade.si\/?page_id=13834\">Okoljska vzgoja I<\/a><\/td>\n<td>\u017duni\u0107 Negro<\/td>\n<td>7.<\/td>\n<\/tr>\n<tr>\n<td><a href=\"https:\/\/www.oslivade.si\/?page_id=1243\">Retorika<\/a><\/td>\n<td>Avsenak Zobec<\/td>\n<td>9.<\/td>\n<\/tr>\n<tr>\n<td>Prehrana: <a href=\"https:\/\/www.oslivade.si\/?page_id=1290\">Na\u010dini prehranjevanja<\/a><\/td>\n<td>Prelec<\/td>\n<td>9.<\/td>\n<\/tr>\n<tr>\n<td>Filmska vzgoja: <a href=\"https:\/\/www.oslivade.si\/?page_id=14999\">Filmski \u017eanri<\/a><\/td>\n<td>Murovec<\/td>\n<td>8. &#8211; 9.<\/td>\n<\/tr>\n<tr>\n<td>Ra\u010dunalni\u0161tvo: <a href=\"https:\/\/www.oslivade.si\/?page_id=1301\">Multimedija<\/a><\/td>\n<td>Mijot, \u0160imonovi\u0107<\/td>\n<td>8.<\/td>\n<\/tr>\n<tr>\n<td>Ra\u010dunalni\u0161tvo: <a href=\"https:\/\/www.oslivade.si\/?page_id=1306\">Ra\u010dunalni\u0161ka omre\u017eja<\/a><\/td>\n<td>Mijot, \u0160imonovi\u0107<\/td>\n<td>9.<\/td>\n<\/tr>\n<\/tbody>\n<\/table>\n<p>&nbsp;[\/vc_column_text][\/vc_column][\/vc_row]<\/p>\n","protected":false},"excerpt":{"rendered":"<p>[vc_row][vc_column][vc_column_text]Poleg obveznih predmetov osnovna \u0161ola za u\u010dence 7., 8. in 9. razreda izvaja tudi pouk iz izbirnih predmetov. Potekajo eno&nbsp;<a href=\"https:\/\/www.oslivade.si\/?page_id=21\">&hellip;<\/a><\/p>\n","protected":false},"author":1,"featured_media":0,"parent":0,"menu_order":0,"comment_status":"closed","ping_status":"closed","template":"","meta":{"ngg_post_thumbnail":0,"footnotes":""},"class_list":["post-21","page","type-page","status-publish","hentry","odd"],"_links":{"self":[{"href":"https:\/\/www.oslivade.si\/index.php?rest_route=\/wp\/v2\/pages\/21"}],"collection":[{"href":"https:\/\/www.oslivade.si\/index.php?rest_route=\/wp\/v2\/pages"}],"about":[{"href":"https:\/\/www.oslivade.si\/index.php?rest_route=\/wp\/v2\/types\/page"}],"author":[{"embeddable":true,"href":"https:\/\/www.oslivade.si\/index.php?rest_route=\/wp\/v2\/users\/1"}],"replies":[{"embeddable":true,"href":"https:\/\/www.oslivade.si\/index.php?rest_route=%2Fwp%2Fv2%2Fcomments&post=21"}],"version-history":[{"count":63,"href":"https:\/\/www.oslivade.si\/index.php?rest_route=\/wp\/v2\/pages\/21\/revisions"}],"predecessor-version":[{"id":18331,"href":"https:\/\/www.oslivade.si\/index.php?rest_route=\/wp\/v2\/pages\/21\/revisions\/18331"}],"wp:attachment":[{"href":"https:\/\/www.oslivade.si\/index.php?rest_route=%2Fwp%2Fv2%2Fmedia&parent=21"}],"curies":[{"name":"wp","href":"https:\/\/api.w.org\/{rel}","templated":true}]}}