{"id":25,"date":"2018-10-16T11:50:50","date_gmt":"2018-10-16T11:50:50","guid":{"rendered":"http:\/\/91.220.156.17\/?page_id=25"},"modified":"2025-10-08T09:59:35","modified_gmt":"2025-10-08T08:59:35","slug":"sola-v-naravi","status":"publish","type":"page","link":"https:\/\/www.oslivade.si\/?page_id=25","title":{"rendered":"PROGRAM IZVEN \u0160OLE"},"content":{"rendered":"<p>[vc_row][vc_column width=&#8221;1\/3&#8243;][vc_single_image image=&#8221;1454&#8243; img_size=&#8221;300&#215;200&#8243;][\/vc_column][vc_column width=&#8221;2\/3&#8243;][vc_column_text]<\/p>\n<table id=\"table2\">\n<tbody>\n<tr>\n<th colspan=\"2\">Plavalni te\u010daj (\u017dusterna)<\/th>\n<\/tr>\n<tr>\n<td width=\"33.3%\">Razred:<\/td>\n<td width=\"66.6%\">1. a (21) in 1. b (20)<\/td>\n<\/tr>\n<tr>\n<td>\u0160tevilo u\u010dencev<\/td>\n<td>41<\/td>\n<\/tr>\n<tr>\n<td>\u010cas in kraj<\/td>\n<td>maj ali junij, Bernardin<\/td>\n<\/tr>\n<tr>\n<td>Organizatorji:<\/td>\n<td>razredni\u010darki, pomo\u010dnica, Jane\u017ei\u010d<\/td>\n<\/tr>\n<tr>\n<td>Izvajalci:<\/td>\n<td>u\u010ditelji \u0161porta, zunanji izvajalec<\/td>\n<\/tr>\n<\/tbody>\n<\/table>\n<p>[\/vc_column_text][\/vc_column][\/vc_row][vc_row][vc_column width=&#8221;1\/3&#8243;][vc_single_image image=&#8221;1454&#8243; img_size=&#8221;300&#215;200&#8243;][\/vc_column][vc_column width=&#8221;2\/3&#8243;][vc_column_text]<\/p>\n<table id=\"table2\">\n<tbody>\n<tr>\n<th colspan=\"2\">Plavalni te\u010daj (\u017dusterna)<\/th>\n<\/tr>\n<tr>\n<td width=\"33.3%\">Razred:<\/td>\n<td width=\"66.6%\">3. a (27) in 3. b (25)<\/td>\n<\/tr>\n<tr>\n<td>\u0160tevilo u\u010dencev<\/td>\n<td>52<\/td>\n<\/tr>\n<tr>\n<td>\u010cas in kraj<\/td>\n<td>3. a (20. 10. 2025 \u2013 24. 10. 2025), 3. b (3. 11. 2025 \u2013 7. 11. 2025)<\/td>\n<\/tr>\n<tr>\n<td>Organizatorji:<\/td>\n<td>razredni\u010darki, pomo\u010dnica, Jame\u017ei\u010d<\/td>\n<\/tr>\n<tr>\n<td>Izvajalci:<\/td>\n<td>u\u010ditelji \u0161porta, zunanji izvajalec<\/td>\n<\/tr>\n<\/tbody>\n<\/table>\n<p>[\/vc_column_text][\/vc_column][\/vc_row][vc_row][vc_column width=&#8221;1\/3&#8243;][vc_single_image image=&#8221;1457&#8243; img_size=&#8221;300&#215;200&#8243;][\/vc_column][vc_column width=&#8221;2\/3&#8243;][vc_column_text]<\/p>\n<table id=\"table2\">\n<tbody>\n<tr>\n<th colspan=\"2\">Naravoslovni teden&nbsp;<\/th>\n<\/tr>\n<tr>\n<td width=\"33.3%\">Razred:<\/td>\n<td width=\"66.6%\">4. a (27) in 4. b (28)<\/td>\n<\/tr>\n<tr>\n<td>\u0161tevilo u\u010dencev<\/td>\n<td>55<\/td>\n<\/tr>\n<tr>\n<td>\u010cas in kraj<\/td>\n<td>24. 11.\u2013 28. 11. 2025, C\u0160OD Fara<\/td>\n<\/tr>\n<tr>\n<td>Organizatorji:<\/td>\n<td>O\u0160 Livade<\/td>\n<\/tr>\n<tr>\n<td>Izvajalci:<\/td>\n<td>razredni\u010darki, u\u010ditelji C\u0160OD<\/td>\n<\/tr>\n<\/tbody>\n<\/table>\n<p>&nbsp;[\/vc_column_text][\/vc_column][\/vc_row][vc_row][vc_column width=&#8221;1\/3&#8243;][vc_single_image image=&#8221;1461&#8243; img_size=&#8221;300&#215;200&#8243;][\/vc_column][vc_column width=&#8221;2\/3&#8243;][vc_column_text]<\/p>\n<table id=\"table2\">\n<tbody>\n<tr>\n<th colspan=\"2\">Izpit za kolesarje<\/th>\n<\/tr>\n<tr>\n<td width=\"33.3%\">Razred:<\/td>\n<td width=\"66.6%\">4. a in 4. b (teorija, 1. del) \u2013 v okviru pouka<br \/>\n5. a in 5. b (teorija, 2. del) \u2013 v okviru pouka<br \/>\nPriprava na izpit iz teorije, teoreti\u010dni izpit<br \/>\nPriprava na prakti\u010dni del in izvedba izpita<\/td>\n<\/tr>\n<tr>\n<td>\u0160tevilo u\u010dencev<\/td>\n<td>55 (4. r); 53 (5. r)<\/td>\n<\/tr>\n<tr>\n<td>\u010cas in kraj<\/td>\n<td>Priprava na prakti\u010dni del do februarja<br \/>\nPrakti\u010dna vo\u017enja od marca do maja<br \/>\nPrakti\u010dni izpit do sredine maja<\/td>\n<\/tr>\n<tr>\n<td>Organizatorji:<\/td>\n<td>O\u0160 Livade<\/td>\n<\/tr>\n<tr>\n<td>Izvajalci:<\/td>\n<td>Bo\u017eeglav, Marko, Panger Viler, \u017digante<\/td>\n<\/tr>\n<\/tbody>\n<\/table>\n<p>&nbsp;[\/vc_column_text][\/vc_column][\/vc_row][vc_row][vc_column width=&#8221;1\/3&#8243;][vc_single_image image=&#8221;1463&#8243; img_size=&#8221;300&#215;200&#8243;][\/vc_column][vc_column width=&#8221;2\/3&#8243;][vc_column_text]<\/p>\n<table id=\"table2\">\n<tbody>\n<tr>\n<th colspan=\"2\">Letovanje<\/th>\n<\/tr>\n<tr>\n<td width=\"33.3%\">Razred:<\/td>\n<td width=\"66.6%\">1. &#8211; 5. razred<\/td>\n<\/tr>\n<tr>\n<td>\u0161tevilo udele\u017eencev<\/td>\n<td>2 x 30 = 60<\/td>\n<\/tr>\n<tr>\n<td>\u010cas in kraj<\/td>\n<td>Termin: 26. 6. \u2013 30. 6. 2026 in 30. 6. \u2013 4. 7. 2026<\/td>\n<\/tr>\n<tr>\n<td>Organizatorji:<\/td>\n<td>O\u0160 Livade<\/td>\n<\/tr>\n<tr>\n<td>Izvajalci:<\/td>\n<td>Grabar, u\u010ditelji, zunanji mentorji<\/td>\n<\/tr>\n<\/tbody>\n<\/table>\n<p>&nbsp;[\/vc_column_text][\/vc_column][\/vc_row][vc_row][vc_column width=&#8221;1\/3&#8243;][vc_single_image image=&#8221;1457&#8243; img_size=&#8221;300&#215;200&#8243;][\/vc_column][vc_column width=&#8221;2\/3&#8243;][vc_column_text]<\/p>\n<table id=\"table2\">\n<tbody>\n<tr>\n<th colspan=\"2\">Planinski tabor<\/th>\n<\/tr>\n<tr>\n<td width=\"33.3%\">Razred:<\/td>\n<td width=\"66.6%\">1. in 2. razred<\/td>\n<\/tr>\n<tr>\n<td>\u0161tevilo u\u010dencev<\/td>\n<td>pribli\u017eno 20 &#8211; 30<\/td>\n<\/tr>\n<tr>\n<td>\u010cas in kraj<\/td>\n<td>junij, bo znan naknadno<\/td>\n<\/tr>\n<tr>\n<td>Organizatorji:<\/td>\n<td>Lon\u010dar<\/td>\n<\/tr>\n<tr>\n<td>Izvajalci:<\/td>\n<td>Lon\u010dar v sodelovanju s PD Izola<\/td>\n<\/tr>\n<\/tbody>\n<\/table>\n<p>[\/vc_column_text][\/vc_column][\/vc_row][vc_row][vc_column width=&#8221;1\/3&#8243;][vc_single_image image=&#8221;1457&#8243; img_size=&#8221;300&#215;200&#8243;][\/vc_column][vc_column width=&#8221;2\/3&#8243;][vc_column_text]<\/p>\n<table id=\"table2\">\n<tbody>\n<tr>\n<th colspan=\"2\">Planinski tabor<\/th>\n<\/tr>\n<tr>\n<td width=\"33.3%\">Razred:<\/td>\n<td width=\"66.6%\">3. in 9. razred<\/td>\n<\/tr>\n<tr>\n<td>\u0161tevilo u\u010dencev<\/td>\n<td>pribli\u017eno 20 &#8211; 30<\/td>\n<\/tr>\n<tr>\n<td>\u010cas in kraj<\/td>\n<td>julij, bo znan naknadno<\/td>\n<\/tr>\n<tr>\n<td>Organizatorji:<\/td>\n<td>Lon\u010dar<\/td>\n<\/tr>\n<tr>\n<td>Izvajalci:<\/td>\n<td>Lon\u010dar v sodelovanju s PD Izola<\/td>\n<\/tr>\n<\/tbody>\n<\/table>\n<p>[\/vc_column_text][\/vc_column][\/vc_row][vc_row][vc_column width=&#8221;1\/3&#8243;][vc_single_image image=&#8221;16247&#8243; img_size=&#8221;300&#215;200&#8243;][\/vc_column][vc_column width=&#8221;2\/3&#8243;][vc_column_text]<\/p>\n<table id=\"table2\">\n<tbody>\n<tr>\n<th colspan=\"2\">Zimska \u0161ola v naravi<\/th>\n<\/tr>\n<tr>\n<td width=\"33.3%\">Razred:<\/td>\n<td width=\"66.6%\">6. razred<\/td>\n<\/tr>\n<tr>\n<td>\u0161tevilo udele\u017eencev<\/td>\n<td>52<\/td>\n<\/tr>\n<tr>\n<td>\u010cas in kraj<\/td>\n<td>23. 2. \u2014 27. 2. 2026, Mariborsko Pohorje<\/td>\n<\/tr>\n<tr>\n<td>Organizatorji:<\/td>\n<td>O\u0160 Livade<\/td>\n<\/tr>\n<tr>\n<td>Izvajalci:<\/td>\n<td>\u0160portni pedagog, smu\u010darski vaditelji, razredniki<\/td>\n<\/tr>\n<\/tbody>\n<\/table>\n<p>&nbsp;[\/vc_column_text][\/vc_column][\/vc_row][vc_row][vc_column width=&#8221;1\/3&#8243;][vc_single_image image=&#8221;14051&#8243; img_size=&#8221;300&#215;200&#8243;][\/vc_column][vc_column width=&#8221;2\/3&#8243;][vc_column_text]<\/p>\n<table id=\"table2\">\n<tbody>\n<tr>\n<th colspan=\"2\">Ekskurzija v Minimundus IP-SI + SPH + LS + nadarjeni<\/th>\n<\/tr>\n<tr>\n<td width=\"33.3%\">Razred:<\/td>\n<td width=\"66.6%\">7. &#8211; 9. razred<\/td>\n<\/tr>\n<tr>\n<td>\u0161tevilo udele\u017eencev<\/td>\n<td>45<\/td>\n<\/tr>\n<tr>\n<td>\u010cas in kraj<\/td>\n<td>sreda, 1. 10. 2025<\/td>\n<\/tr>\n<tr>\n<td>Organizatorji:<\/td>\n<td>Ma\u0161a Avsenak Zobec<\/td>\n<\/tr>\n<tr>\n<td>Izvajalci:<\/td>\n<td>Ma\u0161a Avsenak Zobec v sodelovanju s turisti\u010dno agencijo + u\u010diteljici Janja Prelec in Ingrid Knez<\/td>\n<\/tr>\n<\/tbody>\n<\/table>\n<p>&nbsp;[\/vc_column_text][\/vc_column][\/vc_row][vc_row][vc_column width=&#8221;1\/3&#8243;][vc_single_image image=&#8221;16248&#8243; img_size=&#8221;300&#215;200&#8243;][\/vc_column][vc_column width=&#8221;2\/3&#8243;][vc_column_text]<\/p>\n<table id=\"table2\">\n<tbody>\n<tr>\n<th colspan=\"2\"><strong>SI, LS + nadarjeni<\/strong><\/th>\n<\/tr>\n<tr>\n<td width=\"33.3%\">Razred:<\/td>\n<td width=\"66.6%\">7. &#8211; 9. razred<\/td>\n<\/tr>\n<tr>\n<td>\u0161tevilo udele\u017eencev<\/td>\n<td>40<\/td>\n<\/tr>\n<tr>\n<td>\u010cas in kraj<\/td>\n<td>Ogled razstav po Sloveniji oz. v Trstu<\/td>\n<\/tr>\n<tr>\n<td>Organizatorji:<\/td>\n<td>O\u0160 Livade Izola<\/td>\n<\/tr>\n<tr>\n<td>Izvajalci:<\/td>\n<td>Ma\u0161a Avsenak Zobec, Ingrid Knez<\/td>\n<\/tr>\n<\/tbody>\n<\/table>\n<p>&nbsp;[\/vc_column_text][\/vc_column][\/vc_row][vc_row][vc_column width=&#8221;1\/3&#8243;][vc_single_image image=&#8221;8674&#8243; img_size=&#8221;300&#215;200&#8243;][\/vc_column][vc_column width=&#8221;2\/3&#8243;][vc_column_text]<\/p>\n<table id=\"table2\">\n<tbody>\n<tr>\n<th colspan=\"2\"><strong>SI, NPH, SPH, TVZ, LS<\/strong><\/th>\n<\/tr>\n<tr>\n<td width=\"33.3%\">Razred:<\/td>\n<td width=\"66.6%\">7. &#8211; 9. razred<\/td>\n<\/tr>\n<tr>\n<td>\u0161tevilo udele\u017eencev<\/td>\n<td>40<\/td>\n<\/tr>\n<tr>\n<td>\u010cas in kraj<\/td>\n<td>sreda, 10. 12. ali 17. 12. 2025, prazni\u010dna Ljubljana<\/td>\n<\/tr>\n<tr>\n<td>Organizatorji:<\/td>\n<td>O\u0160 Livade Izola<\/td>\n<\/tr>\n<tr>\n<td>Izvajalci:<\/td>\n<td>Ma\u0161a Avsenak Zobec, Du\u0161an Gabrijel, Janja Prelec, Ingrid Knez<\/td>\n<\/tr>\n<\/tbody>\n<\/table>\n<p>&nbsp;[\/vc_column_text][\/vc_column][\/vc_row]<\/p>\n","protected":false},"excerpt":{"rendered":"<p>[vc_row][vc_column width=&#8221;1\/3&#8243;][vc_single_image image=&#8221;1454&#8243; img_size=&#8221;300&#215;200&#8243;][\/vc_column][vc_column width=&#8221;2\/3&#8243;][vc_column_text] Plavalni te\u010daj (\u017dusterna) Razred: 1. a (21) in 1. b (20) \u0160tevilo u\u010dencev 41 \u010cas&nbsp;<a href=\"https:\/\/www.oslivade.si\/?page_id=25\">&hellip;<\/a><\/p>\n","protected":false},"author":1,"featured_media":0,"parent":0,"menu_order":0,"comment_status":"closed","ping_status":"closed","template":"","meta":{"ngg_post_thumbnail":0,"footnotes":""},"class_list":["post-25","page","type-page","status-publish","hentry","odd"],"_links":{"self":[{"href":"https:\/\/www.oslivade.si\/index.php?rest_route=\/wp\/v2\/pages\/25"}],"collection":[{"href":"https:\/\/www.oslivade.si\/index.php?rest_route=\/wp\/v2\/pages"}],"about":[{"href":"https:\/\/www.oslivade.si\/index.php?rest_route=\/wp\/v2\/types\/page"}],"author":[{"embeddable":true,"href":"https:\/\/www.oslivade.si\/index.php?rest_route=\/wp\/v2\/users\/1"}],"replies":[{"embeddable":true,"href":"https:\/\/www.oslivade.si\/index.php?rest_route=%2Fwp%2Fv2%2Fcomments&post=25"}],"version-history":[{"count":27,"href":"https:\/\/www.oslivade.si\/index.php?rest_route=\/wp\/v2\/pages\/25\/revisions"}],"predecessor-version":[{"id":17900,"href":"https:\/\/www.oslivade.si\/index.php?rest_route=\/wp\/v2\/pages\/25\/revisions\/17900"}],"wp:attachment":[{"href":"https:\/\/www.oslivade.si\/index.php?rest_route=%2Fwp%2Fv2%2Fmedia&parent=25"}],"curies":[{"name":"wp","href":"https:\/\/api.w.org\/{rel}","templated":true}]}}