{"id":27,"date":"2018-10-16T11:51:04","date_gmt":"2018-10-16T11:51:04","guid":{"rendered":"http:\/\/91.220.156.17\/?page_id=27"},"modified":"2025-10-08T10:01:53","modified_gmt":"2025-10-08T09:01:53","slug":"bralna-znacka","status":"publish","type":"page","link":"https:\/\/www.oslivade.si\/?page_id=27","title":{"rendered":"BRALNA ZNA\u010cKA"},"content":{"rendered":"<p>[vc_row][vc_column][vc_column_text]<\/p>\n<table id=\"table1\">\n<tbody>\n<tr>\n<th width=\"50%\">Podro\u010dje<\/th>\n<th width=\"25%\">Razred<\/th>\n<th width=\"25%\">Organizator<\/th>\n<\/tr>\n<tr>\n<td><a href=\"https:\/\/www.oslivade.si\/?page_id=3953\">Bralna zna\u010dka SLJ<\/a><\/td>\n<td>1. \u2013 5.<\/td>\n<td>razredni\u010darke, knji\u017eni\u010darka<\/td>\n<\/tr>\n<tr>\n<td><a href=\"https:\/\/www.oslivade.si\/?page_id=4053\">Bralna zna\u010dka SLJ<\/a><\/td>\n<td>6. \u2013 9.<\/td>\n<td>u\u010diteljice SLJ, knji\u017eni\u010darka<\/td>\n<\/tr>\n<tr>\n<td>Prireditev za zlato bralno zna\u010dko<\/td>\n<td>1. \u2013 9.<\/td>\n<td>Murovec, Panger Viler<\/td>\n<\/tr>\n<tr>\n<td><a href=\"https:\/\/www.oslivade.si\/?page_id=4088\">Bralna zna\u010dka TJA<\/a><\/td>\n<td>4. \u2013 6.<\/td>\n<td>Kozjak<\/td>\n<\/tr>\n<tr>\n<td><a href=\"https:\/\/www.oslivade.si\/?page_id=4095\">Bralna zna\u010dka TJA<\/a><\/td>\n<td>7. &#8211; 9.<\/td>\n<td>Mitrivi\u0107<\/td>\n<\/tr>\n<tr>\n<td><a href=\"https:\/\/www.oslivade.si\/?page_id=4099\">Bralna zna\u010dka ITO<\/a><\/td>\n<td>5. &#8211; 9.<\/td>\n<td>Bubni\u010d, Per\u0161olja<\/td>\n<\/tr>\n<\/tbody>\n<\/table>\n<p>[\/vc_column_text][\/vc_column][\/vc_row]<\/p>\n","protected":false},"excerpt":{"rendered":"<p>[vc_row][vc_column][vc_column_text] Podro\u010dje Razred Organizator Bralna zna\u010dka SLJ 1. \u2013 5. razredni\u010darke, knji\u017eni\u010darka Bralna zna\u010dka SLJ 6. \u2013 9. u\u010diteljice SLJ,&nbsp;<a href=\"https:\/\/www.oslivade.si\/?page_id=27\">&hellip;<\/a><\/p>\n","protected":false},"author":1,"featured_media":0,"parent":0,"menu_order":0,"comment_status":"closed","ping_status":"closed","template":"","meta":{"ngg_post_thumbnail":0,"footnotes":""},"class_list":["post-27","page","type-page","status-publish","hentry","odd"],"_links":{"self":[{"href":"https:\/\/www.oslivade.si\/index.php?rest_route=\/wp\/v2\/pages\/27"}],"collection":[{"href":"https:\/\/www.oslivade.si\/index.php?rest_route=\/wp\/v2\/pages"}],"about":[{"href":"https:\/\/www.oslivade.si\/index.php?rest_route=\/wp\/v2\/types\/page"}],"author":[{"embeddable":true,"href":"https:\/\/www.oslivade.si\/index.php?rest_route=\/wp\/v2\/users\/1"}],"replies":[{"embeddable":true,"href":"https:\/\/www.oslivade.si\/index.php?rest_route=%2Fwp%2Fv2%2Fcomments&post=27"}],"version-history":[{"count":19,"href":"https:\/\/www.oslivade.si\/index.php?rest_route=\/wp\/v2\/pages\/27\/revisions"}],"predecessor-version":[{"id":17901,"href":"https:\/\/www.oslivade.si\/index.php?rest_route=\/wp\/v2\/pages\/27\/revisions\/17901"}],"wp:attachment":[{"href":"https:\/\/www.oslivade.si\/index.php?rest_route=%2Fwp%2Fv2%2Fmedia&parent=27"}],"curies":[{"name":"wp","href":"https:\/\/api.w.org\/{rel}","templated":true}]}}