{"id":31,"date":"2018-10-16T11:51:31","date_gmt":"2018-10-16T11:51:31","guid":{"rendered":"http:\/\/91.220.156.17\/?page_id=31"},"modified":"2025-10-08T09:02:58","modified_gmt":"2025-10-08T08:02:58","slug":"tekmovanja","status":"publish","type":"page","link":"https:\/\/www.oslivade.si\/?page_id=31","title":{"rendered":"TEKMOVANJA"},"content":{"rendered":"<p>[vc_row][vc_column][vc_column_text css_animation=&#8221;none&#8221;]<\/p>\n<table id=\"table1\">\n<tbody>\n<tr>\n<th width=\"30%\">Tekmovanje<\/th>\n<th width=\"20%\">Razred<\/th>\n<th width=\"25%\">Mentor<\/th>\n<th width=\"25%\">Datum tekmovanja<\/th>\n<\/tr>\n<tr>\n<td width=\"290\">Znam ve\u010d z Lili in Binetom (medpredmetno)<\/td>\n<td width=\"75\">1.\u20133.<\/td>\n<td width=\"150\">Per\u0161olja<\/td>\n<td width=\"156\">marec 2026 (\u0161olsko)<\/p>\n<p>maj 2026 (dr\u017eavno)<\/td>\n<\/tr>\n<tr>\n<td width=\"290\">Ra\u010dunam z Lili in Binetom (matemati\u010dno)<\/td>\n<td width=\"75\">1.\u20133.<\/td>\n<td width=\"150\">Per\u0161olja<\/td>\n<td width=\"156\">marec 2026 (\u0161olsko)<\/p>\n<p>maj 2026 (dr\u017eavno)<\/td>\n<\/tr>\n<tr>\n<td width=\"290\">Vesela \u0161ola<\/td>\n<td width=\"75\">4.-6.<br \/>\n&nbsp;7.-9.<\/td>\n<td width=\"150\">Murovec<\/td>\n<td width=\"156\">4. 3. 2026 (\u0161olsko)<br \/>\n&nbsp;15. 4. 2026 (dr\u017eavno)<\/td>\n<\/tr>\n<tr>\n<td width=\"290\">Cankarjevo tekmovanje &#8211; Mehur\u010dki<\/p>\n<p>&nbsp;<\/p>\n<p>Interesno tekmovanje za Cankarjevo priznanje<\/td>\n<td width=\"75\">2.\u20133.<\/p>\n<p>4.\u20135.<\/p>\n<p>6.\u20137.<\/td>\n<td width=\"150\">\u0160i\u0161ko<\/p>\n<p>\u017dupani\u0107<\/p>\n<p>Kozlovi\u010d<\/td>\n<td width=\"156\">april 2026<\/td>\n<\/tr>\n<tr>\n<td width=\"290\">Selekcijsko tekmovanje za Cankarjevo priznanje<\/td>\n<td width=\"75\">&nbsp;<\/p>\n<p>8\u20139.<\/td>\n<td width=\"150\">Kro\u0161elj<\/td>\n<td width=\"156\">20. 11. 2025 (\u0161olsko)<br \/>\n22. januar 2026 (regijsko),<br \/>\n10. marec 2025 (dr\u017eavno)<\/td>\n<\/tr>\n<tr>\n<td width=\"290\">Tekmovanje v programiranju z del\u010dki &#8211; Pi\u0161ek<\/td>\n<td width=\"75\">4. &#8211; 9.<\/td>\n<td width=\"150\">\u0160imonovi\u0107<\/p>\n<p>Mijot<\/td>\n<td width=\"156\">februar 2026<\/td>\n<\/tr>\n<tr>\n<td width=\"290\">Tekmovanje iz ra\u010dunalni\u0161kega razmi\u0161ljanja &#8211; ACM Bober<\/td>\n<td width=\"75\">4. &#8211; 9.<\/td>\n<td width=\"150\">\u0160imonovi\u0107<\/td>\n<td width=\"156\">10. 11.\u2013 21. 11. 2025 (\u0161olsko)<\/p>\n<p>17. 1. 2026 (dr\u017eavno)<\/td>\n<\/tr>\n<tr>\n<td width=\"290\">Logika<\/td>\n<td width=\"75\">3.\u20135.<\/p>\n<p>6.\u20139.<\/td>\n<td width=\"150\">\u0160imonovi\u0107<\/td>\n<td width=\"156\">25. 9.2025 (\u0161olsko)<\/p>\n<p>18.10.2025 (regijsko)<\/p>\n<p>15.11.2025 (dr\u017eavno)<\/td>\n<\/tr>\n<tr>\n<td width=\"290\">\u0160olsko tekmovanje Logi\u010dna po\u0161ast<\/td>\n<td width=\"75\">1.\u20139.<\/td>\n<td width=\"150\">Burin<\/td>\n<td width=\"156\">8. 5. 2026<\/td>\n<\/tr>\n<tr>\n<td width=\"290\">Dr\u017eavno tekmovanje Logi\u010dna po\u0161ast<\/td>\n<td width=\"75\">1.\u20139.<\/td>\n<td width=\"150\">Burin<\/td>\n<td width=\"156\">23. 5. 2026<\/td>\n<\/tr>\n<tr>\n<td width=\"290\">Tekmovanje za priznanje Kenguru<\/p>\n<p>Tekmovanje za Vegovo priznanje<\/td>\n<td width=\"75\">1.\u2013 5.<\/p>\n<p>6.\u2013 9.<\/td>\n<td width=\"150\">Cijan<\/td>\n<td width=\"156\">\u0160olsko: 19.3.2026<\/p>\n<p>Regisko: 9. 4. 2026<\/p>\n<p>Dr\u017eavno: 7. 5. 2026<\/td>\n<\/tr>\n<tr>\n<td width=\"290\">Ex \u2013 tempore<\/p>\n<p>Likovni nate\u010daji<\/td>\n<td width=\"75\">6.\u20139.<\/td>\n<td width=\"150\">U\u010ditelj LUM<\/p>\n<p>Ingrid Knez<\/td>\n<td width=\"156\">celo \u0161olsko leto<\/td>\n<\/tr>\n<tr>\n<td width=\"290\">Literarni nate\u010daji<\/td>\n<td width=\"75\">4.\u20139.<\/td>\n<td width=\"150\">Razredniki, u\u010ditelji SLJ, knji\u017eni\u010darka<\/td>\n<td width=\"156\">celo \u0161olsko leto<\/td>\n<\/tr>\n<tr>\n<td width=\"290\">Tekmovanje s podro\u010dja geografije<\/td>\n<td width=\"75\">7.\u20139.<\/td>\n<td width=\"150\">Krivi\u010di\u010d<\/td>\n<td width=\"156\">25. 11. 2025 (\u0161olsko)<\/p>\n<p>28. 3. 2026 (dr\u017eavno)<\/td>\n<\/tr>\n<tr>\n<td width=\"290\">Selekcijsko tekmovanje s podro\u010dja zgodovine<\/td>\n<td width=\"75\">8.\u20139.<\/td>\n<td width=\"150\">Krivi\u010di\u010d, Murovec<\/td>\n<td width=\"156\">4. 12. 2025 (\u0161olsko)<\/p>\n<p>5. 3. 2026 (dr\u017eavno)<\/td>\n<\/tr>\n<tr>\n<td width=\"290\">Tekmovanje za Preglovo priznanje<\/td>\n<td width=\"75\">8.\u20139.<\/td>\n<td width=\"150\">\u0160kof<\/td>\n<td width=\"156\">14.1. 2026 (\u0161olsko)<\/p>\n<p>4.4..2026 (regijsko)<\/p>\n<p>9.5. 2024 (dr\u017eavno)<\/td>\n<\/tr>\n<tr>\n<td width=\"290\">Tekmovanje iz italijan\u0161\u010dine<\/td>\n<td width=\"75\">9.<\/td>\n<td width=\"150\">Bubni\u010d<\/td>\n<td width=\"156\">marec<\/td>\n<\/tr>\n<tr>\n<td width=\"290\">Pevske revije, tekmovanja, gostovanja OPZ in MPZ<\/td>\n<td width=\"75\">3.\u20139.<\/td>\n<td width=\"150\">Krajic Tomin<\/td>\n<td width=\"156\">januar &#8211; junij<\/td>\n<\/tr>\n<tr>\n<td width=\"290\">\u0160olska \u0161portna tekmovanja<\/td>\n<td width=\"75\">1.-9.<\/td>\n<td width=\"150\">Bo\u017eeglav, Jug,<\/p>\n<p>\u0160krbina, Jane\u017ei\u010d<\/td>\n<td width=\"156\">celo leto<\/td>\n<\/tr>\n<tr>\n<td width=\"290\">Tekmovanje za bralno zna\u010dko TJA<\/p>\n<p>(EPI Reading Badge)<\/td>\n<td width=\"75\">3.\u20139.<\/td>\n<td width=\"150\">Gavajuc<\/td>\n<td width=\"156\">marec<\/td>\n<\/tr>\n<tr>\n<td width=\"290\">Kaj ve\u0161 o prometu<\/td>\n<td width=\"75\">6.-9.<\/td>\n<td width=\"150\">Bo\u017eeglav<\/td>\n<td width=\"156\">april, maj<\/td>\n<\/tr>\n<\/tbody>\n<\/table>\n<p>[\/vc_column_text][\/vc_column][\/vc_row]<\/p>\n","protected":false},"excerpt":{"rendered":"<p>[vc_row][vc_column][vc_column_text css_animation=&#8221;none&#8221;] Tekmovanje Razred Mentor Datum tekmovanja Znam ve\u010d z Lili in Binetom (medpredmetno) 1.\u20133. Per\u0161olja marec 2026 (\u0161olsko) maj&nbsp;<a href=\"https:\/\/www.oslivade.si\/?page_id=31\">&hellip;<\/a><\/p>\n","protected":false},"author":1,"featured_media":0,"parent":0,"menu_order":0,"comment_status":"closed","ping_status":"closed","template":"","meta":{"ngg_post_thumbnail":0,"footnotes":""},"class_list":["post-31","page","type-page","status-publish","hentry","odd"],"_links":{"self":[{"href":"https:\/\/www.oslivade.si\/index.php?rest_route=\/wp\/v2\/pages\/31"}],"collection":[{"href":"https:\/\/www.oslivade.si\/index.php?rest_route=\/wp\/v2\/pages"}],"about":[{"href":"https:\/\/www.oslivade.si\/index.php?rest_route=\/wp\/v2\/types\/page"}],"author":[{"embeddable":true,"href":"https:\/\/www.oslivade.si\/index.php?rest_route=\/wp\/v2\/users\/1"}],"replies":[{"embeddable":true,"href":"https:\/\/www.oslivade.si\/index.php?rest_route=%2Fwp%2Fv2%2Fcomments&post=31"}],"version-history":[{"count":24,"href":"https:\/\/www.oslivade.si\/index.php?rest_route=\/wp\/v2\/pages\/31\/revisions"}],"predecessor-version":[{"id":17899,"href":"https:\/\/www.oslivade.si\/index.php?rest_route=\/wp\/v2\/pages\/31\/revisions\/17899"}],"wp:attachment":[{"href":"https:\/\/www.oslivade.si\/index.php?rest_route=%2Fwp%2Fv2%2Fmedia&parent=31"}],"curies":[{"name":"wp","href":"https:\/\/api.w.org\/{rel}","templated":true}]}}