{"id":35,"date":"2018-10-16T11:51:54","date_gmt":"2018-10-16T11:51:54","guid":{"rendered":"http:\/\/91.220.156.17\/?page_id=35"},"modified":"2025-10-15T09:03:28","modified_gmt":"2025-10-15T08:03:28","slug":"vpis-v-srednje-sole","status":"publish","type":"page","link":"https:\/\/www.oslivade.si\/?page_id=35","title":{"rendered":"VPIS V SREDNJE \u0160OLE"},"content":{"rendered":"<p>[vc_row][vc_column][vc_column_text]Pomembni datumi<\/p>\n<table id=\"table1\">\n<tbody>\n<tr>\n<th width=\"20%\">Kdaj?<\/th>\n<th width=\"80%\">Kaj?<\/th>\n<\/tr>\n<tr>\n<td>do 16. 1. 2026<\/td>\n<td>Objava Razpisa za vpis v srednje \u0161ole in dija\u0161ke domove<\/td>\n<\/tr>\n<tr>\n<td><strong>13. in 14. 2. 2026<\/strong><\/td>\n<td><strong>Informativni dnevi v srednjih \u0161olah in dija\u0161kih domovih<\/strong><\/td>\n<\/tr>\n<tr>\n<td>do 13. 2. 2026<\/td>\n<td>Seznanjanje u\u010dencev in star\u0161ev z vsebinami in glavnimi zna\u010dilnostmi Razpisa za vpis v srednje \u0161ole<\/td>\n<\/tr>\n<tr>\n<td>do 4. 3. 2026<\/td>\n<td>Prijava za opravljanje preizkusa posebne nadarjenosti, znanja in spretnosti za kandidate, ki se \u017eelijo vpisati v srednje\u0161olske programe, za katere je to posebni vpisni pogoj (npr. \u0161portni oddelek gimnazijskega programa, umetni\u0161ke gimnazije) ter posredovanje dokazil o izpolnjevanju posebnega vpisnega pogoja za programa Gimnazija (\u0161portna) in Ekonomska gimnazija (\u0161portna) <strong> <span style=\"color: #ff0000;\">(uredijo u\u010denci sami)<\/span><\/strong><\/td>\n<\/tr>\n<tr>\n<td>med 7. in 21. 3. 2026<\/td>\n<td>Opravljanje preizkusov posebnih nadarjenosti, znanja in spretnosti ter ugotavljanje izpolnjevanja posebnega vpisnega pogoja (za npr. \u0161portni oddelek gimnazijskega programa, umetni\u0161ke gimnazije). (Srednje \u0161ole do 28. 3. 2025 posredujejo potrdila o opravljenih preizkusih oziroma izpolnjevanju posebnih pogojev.)<\/td>\n<\/tr>\n<tr>\n<td><strong>do 2. 4. 2026<\/strong><\/td>\n<td><strong>Prijavljanje za vpis v 1. letnik srednje \u0161ole za \u0161olsko leto 2026\/2027 <span style=\"color: #ff0000;\">(v \u0161oli, obrazce priskrbi \u0161ola)<\/span><\/strong><\/td>\n<\/tr>\n<tr>\n<td>9. 4. 2026 do 16. ure<\/td>\n<td>Javna objava \u0161tevil\u010dnega stanja prijav (spletna stran MVI)<\/td>\n<\/tr>\n<tr>\n<td><strong>do 6. 5. 2026 do 15. ure.<\/strong><\/td>\n<td><strong>Morebitni prenosi prijav za vpis v srednjo \u0161olo <span style=\"color: #ff0000;\">(uredijo u\u010denci sami)<\/span><\/strong><\/td>\n<\/tr>\n<tr>\n<td>do 1. 6. 2026<\/td>\n<td>Javna objava omejitev vpisa (spletna stran MVI). (Srednje \u0161ole do 5. 6. 2026 obvestijo prijavljene kandidate o omejitvah vpisa)<\/td>\n<\/tr>\n<tr>\n<td><strong>med 16. in 19. 6. 2026 (po razporedu srednjih \u0161ol)<\/strong><\/td>\n<td>Srednje \u0161ole brez omejitve vpisa<strong>: VPIS.<br \/>\n<\/strong>Srednje \u0161ole z omejitvijo vpisa: izvedba 1. kroga izbirnega postopka<\/td>\n<\/tr>\n<tr>\n<td>do 19. 6. 2026 do 14. ure<\/td>\n<td>Objava rezultatov 1. kroga izbirnega postopka, seznanitev kandidatov, ki niso bili uspe\u0161ni v 1. krogu izbirnega postopka z mo\u017enostmi v 2. krogu<\/td>\n<\/tr>\n<tr>\n<td>do 19. 6. 2026 do 16. ure<\/td>\n<td>Objava spodnjih mej 1. kroga izbirnega postopka na internetu (spletna stran MVI)<\/td>\n<\/tr>\n<tr>\n<td>do 24. 6. 2026 do 14. ure<\/td>\n<td>Prijava neizbranih v 1. krogu izbirnega postopka za 2. krog izbirnega postopka<\/td>\n<\/tr>\n<tr>\n<td>do 26. 6. 2026 do 14. ure<\/td>\n<td>Objava rezultatov 2. kroga izbirnega postopka<\/td>\n<\/tr>\n<tr>\n<td>do 30. 6. 2026<\/td>\n<td>Vpis kandidatov, ki so bili uspe\u0161ni v 2. krogu izbirnega postopka<\/td>\n<\/tr>\n<tr>\n<td>do 2. 7. 2026 do 12. ure<\/td>\n<td>Objava prostih mest za vpis (spletna stran MVI)<\/td>\n<\/tr>\n<tr>\n<td>do 31. 8. 2026<\/td>\n<td>Vpis na srednjih \u0161olah, ki imajo \u0161e prosta mesta<\/td>\n<\/tr>\n<\/tbody>\n<\/table>\n<hr>\n<p><strong><a href=\"https:\/\/www.gov.si\/assets\/ministrstva\/MVI\/Dokumenti\/Srednja-sola\/Rokovniki\/Rokovniki-2026-2027\/Rokovnik-za-prijavo-kandidatov-in-izvedbo-vpisa-v-1-letnik-programov-NPI-in-SPI-SSI-ter-GIM-za-solsko-leto-2026-2027.pdf\" target=\"_blank\" rel=\"noopener\">Vir<\/a><br \/>\n<\/strong><a href=\"https:\/\/www.gov.si\/teme\/vpis-v-srednjo-solo\/\" target=\"_blank\" rel=\"noopener\"><span style=\"color: #ff0000;\"><strong>RAZPIS ZA VPIS V SREDNJE \u0160OLE IN DIJA\u0160KE DOMOVE<\/strong><\/span><\/a><span style=\"color: #ff0000;\"><strong><br \/>\n<\/strong><\/span><a href=\"https:\/\/www.oslivade.si\/wp-content\/uploads\/2024\/12\/MERILA-ZA-IZBIRO-KANDIDATOV-V-PRIMERU-OMEJITVE-VPISA.pdf\" target=\"_blank\" rel=\"noopener noreferrer\">Merila za izbor kandidatov v primeru omejitve vpisa<\/a><br \/>\n<a href=\"https:\/\/www.oslivade.si\/wp-content\/uploads\/2025\/02\/Tabela-za-izracun-tock-v-primeru-omejitve-vpisa.xls\" target=\"_blank\" rel=\"noopener\">Tabela za izra\u010dun to\u010dk<\/a><\/p>\n<p>Koristne povezave<br \/>\n<a href=\"http:\/\/www.mizs.gov.si\/si\/delovna_podrocja\/direktorat_za_srednje_in_visje_solstvo_ter_izobrazevanje_odraslih\/srednjesolsko_izobrazevanje\/vpis_v_srednje_sole\/\" target=\"_blank\" rel=\"noopener noreferrer\">Ministrstvo za vzgojo in izobra\u017eevanje<\/a><br \/>\n<a href=\"http:\/\/www.mojaizbira.si\/\" target=\"_blank\" rel=\"noopener noreferrer\">Mojaizbira.si&nbsp;<\/a><br \/>\n<a href=\"https:\/\/dijaski.net\/\" target=\"_blank\" rel=\"noopener noreferrer\">Dija\u0161ki.net<\/a><br \/>\n<a href=\"https:\/\/esvetovanje.ess.gov.si\/\" target=\"_blank\" rel=\"noopener noreferrer\">eSvetovanje ZRSZ<\/a>[\/vc_column_text][\/vc_column][\/vc_row]<\/p>\n","protected":false},"excerpt":{"rendered":"<p>[vc_row][vc_column][vc_column_text]Pomembni datumi Kdaj? Kaj? do 16. 1. 2026 Objava Razpisa za vpis v srednje \u0161ole in dija\u0161ke domove 13. in&nbsp;<a href=\"https:\/\/www.oslivade.si\/?page_id=35\">&hellip;<\/a><\/p>\n","protected":false},"author":1,"featured_media":0,"parent":0,"menu_order":0,"comment_status":"closed","ping_status":"closed","template":"","meta":{"ngg_post_thumbnail":0,"footnotes":""},"class_list":["post-35","page","type-page","status-publish","hentry","odd"],"_links":{"self":[{"href":"https:\/\/www.oslivade.si\/index.php?rest_route=\/wp\/v2\/pages\/35"}],"collection":[{"href":"https:\/\/www.oslivade.si\/index.php?rest_route=\/wp\/v2\/pages"}],"about":[{"href":"https:\/\/www.oslivade.si\/index.php?rest_route=\/wp\/v2\/types\/page"}],"author":[{"embeddable":true,"href":"https:\/\/www.oslivade.si\/index.php?rest_route=\/wp\/v2\/users\/1"}],"replies":[{"embeddable":true,"href":"https:\/\/www.oslivade.si\/index.php?rest_route=%2Fwp%2Fv2%2Fcomments&post=35"}],"version-history":[{"count":42,"href":"https:\/\/www.oslivade.si\/index.php?rest_route=\/wp\/v2\/pages\/35\/revisions"}],"predecessor-version":[{"id":17913,"href":"https:\/\/www.oslivade.si\/index.php?rest_route=\/wp\/v2\/pages\/35\/revisions\/17913"}],"wp:attachment":[{"href":"https:\/\/www.oslivade.si\/index.php?rest_route=%2Fwp%2Fv2%2Fmedia&parent=35"}],"curies":[{"name":"wp","href":"https:\/\/api.w.org\/{rel}","templated":true}]}}