{"id":37,"date":"2018-10-16T11:52:07","date_gmt":"2018-10-16T11:52:07","guid":{"rendered":"http:\/\/91.220.156.17\/?page_id=37"},"modified":"2026-04-14T10:16:33","modified_gmt":"2026-04-14T09:16:33","slug":"solski-casopis","status":"publish","type":"page","link":"https:\/\/www.oslivade.si\/?page_id=37","title":{"rendered":"\u0160OLSKI \u010cASOPIS"},"content":{"rendered":"<p>Na \u0161oli dvakrat na leto izzide \u0161olski \u010dasopis Livadski prebranec. \u010casopis soustvarjajo u\u010denci in u\u010ditelji \u0161ole. V njem zagotovo najdete kaj zanimivega.<\/p>\n<div class=\"_df_thumb \" id=\"df_18317\"  _slug=\"18317\" data-title=\"\" wpoptions=\"true\" thumb=\"https:\/\/www.oslivade.si\/wp-content\/uploads\/2026\/04\/Livadski-prebranec-april-2026.png\" thumbtype=\"\" >Open Book<\/div><script class=\"df-shortcode-script\" type=\"application\/javascript\">window.option_df_18317 = {\"outline\":[],\"autoEnableOutline\":\"false\",\"autoEnableThumbnail\":\"false\",\"overwritePDFOutline\":\"false\",\"direction\":\"1\",\"pageSize\":\"0\",\"source\":\"https:\\\/\\\/www.oslivade.si\\\/wp-content\\\/uploads\\\/2026\\\/04\\\/Livadski-prebranec-april-2026.pdf\",\"wpOptions\":\"true\"}; if(window.DFLIP && window.DFLIP.parseBooks){window.DFLIP.parseBooks();}<\/script>\n<p>april 2026<\/p>\n<p><strong>Arhiv preteklih \u0161tevilk:<\/strong><\/p>\n<div class=\"_df_thumb \" id=\"df_18079\"  _slug=\"livadski-prebranec-december-2025\" data-title=\"livadski-prebranec-december-2025\" wpoptions=\"true\" thumb=\"https:\/\/www.oslivade.si\/wp-content\/uploads\/2025\/12\/Livadski-prebranec-december-2025.png\" thumbtype=\"\" >Livadski prebranec, december 2025<\/div><script class=\"df-shortcode-script\" type=\"application\/javascript\">window.option_df_18079 = {\"outline\":[],\"autoEnableOutline\":\"false\",\"autoEnableThumbnail\":\"false\",\"overwritePDFOutline\":\"false\",\"direction\":\"1\",\"pageSize\":\"0\",\"source\":\"https:\\\/\\\/www.oslivade.si\\\/wp-content\\\/uploads\\\/2025\\\/12\\\/Livadski-prebranec-december-2025.pdf\",\"wpOptions\":\"true\"}; if(window.DFLIP && window.DFLIP.parseBooks){window.DFLIP.parseBooks();}<\/script>\n<p>december 2025<\/p>\n<div class=\"_df_thumb \" id=\"df_17487\"  _slug=\"livadski-prebranec-april-2025\" data-title=\"livadski-prebranec-april-2025\" wpoptions=\"true\" thumb=\"https:\/\/www.oslivade.si\/wp-content\/uploads\/2025\/04\/Livadski-prebranec-april-2025.png\" thumbtype=\"\" >Livadski prebranec, april 2025<\/div><script class=\"df-shortcode-script\" type=\"application\/javascript\">window.option_df_17487 = {\"outline\":[],\"autoEnableOutline\":\"false\",\"autoEnableThumbnail\":\"false\",\"overwritePDFOutline\":\"false\",\"direction\":\"1\",\"pageSize\":\"0\",\"source\":\"https:\\\/\\\/www.oslivade.si\\\/wp-content\\\/uploads\\\/2025\\\/04\\\/Livadski-prebranec-april-2025.pdf\",\"wpOptions\":\"true\"}; if(window.DFLIP && window.DFLIP.parseBooks){window.DFLIP.parseBooks();}<\/script>\n<p>april 2025<\/p>\n<div class=\"_df_thumb \" id=\"df_17421\"  _slug=\"17421\" data-title=\"livadski-prebranec-marec-2025\" wpoptions=\"true\" thumb=\"https:\/\/www.oslivade.si\/wp-content\/uploads\/2025\/03\/Livadski-prebranec-marec-2025.png\" thumbtype=\"\" >Livadski prebranec, marec 2025<\/div><script class=\"df-shortcode-script\" type=\"application\/javascript\">window.option_df_17421 = {\"outline\":[],\"autoEnableOutline\":\"false\",\"autoEnableThumbnail\":\"false\",\"overwritePDFOutline\":\"false\",\"direction\":\"1\",\"pageSize\":\"0\",\"source\":\"https:\\\/\\\/www.oslivade.si\\\/wp-content\\\/uploads\\\/2025\\\/03\\\/Livadski-prebranec-marec-2025.pdf\",\"wpOptions\":\"true\"}; if(window.DFLIP && window.DFLIP.parseBooks){window.DFLIP.parseBooks();}<\/script>\n<p>marec 2025<\/p>\n<p><code><div class=\"_df_thumb \" id=\"df_16614\"  _slug=\"livadski-prebranec-1\" data-title=\"livadski-prebranec-1\" wpoptions=\"true\" thumb=\"https:\/\/www.oslivade.si\/wp-content\/uploads\/2024\/04\/Livadski-prebranec.png\" thumbtype=\"\" >Livadski prebranec 1<\/div><script class=\"df-shortcode-script\" type=\"application\/javascript\">window.option_df_16614 = {\"outline\":[],\"autoEnableOutline\":\"false\",\"autoEnableThumbnail\":\"false\",\"overwritePDFOutline\":\"false\",\"direction\":\"1\",\"pageSize\":\"0\",\"source\":\"https:\\\/\\\/www.oslivade.si\\\/wp-content\\\/uploads\\\/2024\\\/04\\\/Livadski-prebranec-1.pdf\",\"wpOptions\":\"true\"}; if(window.DFLIP && window.DFLIP.parseBooks){window.DFLIP.parseBooks();}<\/script><\/code><\/p>\n<p>Livadski prebranec, pomlad 2024<\/p>\n<ul>\n<li><a href=\"https:\/\/www.oslivade.si\/wp-content\/uploads\/2018\/11\/PREBRANEC-2017_18.pdf\" target=\"_blank\" rel=\"noopener\">Livadski prebranec, april 2018<\/a><\/li>\n<li><a href=\"https:\/\/www.oslivade.si\/wp-content\/uploads\/2018\/11\/Prebranec_april2015.pdf\" target=\"_blank\" rel=\"noopener\">Livadski prebranec, april 2015<\/a><\/li>\n<li><a href=\"https:\/\/www.oslivade.si\/wp-content\/uploads\/2018\/11\/Livadski-prebranec-maj-2013.pdf\" target=\"_blank\" rel=\"noopener\">Livadski prebranec, maj 2013<\/a><\/li>\n<li><a href=\"https:\/\/www.oslivade.si\/wp-content\/uploads\/2018\/11\/Livadski-prebranec-2012.pdf\" target=\"_blank\" rel=\"noopener\">Livadski prebranec \u0161t. 2, \u0161olsko leto 2011\/12<\/a><\/li>\n<\/ul>\n","protected":false},"excerpt":{"rendered":"<p>Na \u0161oli dvakrat na leto izzide \u0161olski \u010dasopis Livadski prebranec. \u010casopis soustvarjajo u\u010denci in u\u010ditelji \u0161ole. V njem zagotovo najdete&nbsp;<a href=\"https:\/\/www.oslivade.si\/?page_id=37\">&hellip;<\/a><\/p>\n","protected":false},"author":1,"featured_media":0,"parent":0,"menu_order":0,"comment_status":"closed","ping_status":"closed","template":"","meta":{"ngg_post_thumbnail":0,"footnotes":""},"class_list":["post-37","page","type-page","status-publish","hentry","odd"],"_links":{"self":[{"href":"https:\/\/www.oslivade.si\/index.php?rest_route=\/wp\/v2\/pages\/37"}],"collection":[{"href":"https:\/\/www.oslivade.si\/index.php?rest_route=\/wp\/v2\/pages"}],"about":[{"href":"https:\/\/www.oslivade.si\/index.php?rest_route=\/wp\/v2\/types\/page"}],"author":[{"embeddable":true,"href":"https:\/\/www.oslivade.si\/index.php?rest_route=\/wp\/v2\/users\/1"}],"replies":[{"embeddable":true,"href":"https:\/\/www.oslivade.si\/index.php?rest_route=%2Fwp%2Fv2%2Fcomments&post=37"}],"version-history":[{"count":11,"href":"https:\/\/www.oslivade.si\/index.php?rest_route=\/wp\/v2\/pages\/37\/revisions"}],"predecessor-version":[{"id":18321,"href":"https:\/\/www.oslivade.si\/index.php?rest_route=\/wp\/v2\/pages\/37\/revisions\/18321"}],"wp:attachment":[{"href":"https:\/\/www.oslivade.si\/index.php?rest_route=%2Fwp%2Fv2%2Fmedia&parent=37"}],"curies":[{"name":"wp","href":"https:\/\/api.w.org\/{rel}","templated":true}]}}