{"id":3965,"date":"2016-05-28T13:15:54","date_gmt":"2016-05-28T11:15:54","guid":{"rendered":"http:\/\/91.220.156.17\/?page_id=3965"},"modified":"2018-12-05T16:25:29","modified_gmt":"2018-12-05T14:25:29","slug":"urjenje-vescin-s-pomocjo-terapevtskega-psa","status":"publish","type":"page","link":"https:\/\/www.oslivade.si\/?page_id=3965","title":{"rendered":"URJENJE VE\u0160\u010cIN S POMO\u010cJO TERAPEVTSKEGA PSA"},"content":{"rendered":"<p><a href=\"http:\/\/www.tackepomagacke.si\/\" target=\"_blank\" rel=\"noopener\"><img loading=\"lazy\" decoding=\"async\" class=\"aligncenter wp-image-3944 size-thumbnail\" src=\"http:\/\/91.220.156.17\/wp-content\/uploads\/2018\/11\/tacke_pomagacke-150x150.png\" alt=\"\" width=\"150\" height=\"150\" srcset=\"https:\/\/www.oslivade.si\/wp-content\/uploads\/2018\/11\/tacke_pomagacke-150x150.png 150w, https:\/\/www.oslivade.si\/wp-content\/uploads\/2018\/11\/tacke_pomagacke.png 225w\" sizes=\"(max-width: 150px) 100vw, 150px\" \/><\/a><\/p>\n<p>\nV \u0161olskem letu 2015\/16 je na O\u0160 Livade potekal projekt \u00bbUrjenje ve\u0161\u010din s pomo\u010djo terapevtskega psa\u00ab v sodelovanju z dru\u0161tvom Ta\u010dke pomaga\u010dke. Namen projekta je bil vklju\u010devanje terapevtskega psa v vzgojno \u2013 izobra\u017eevalni proces. Terapevtska psi\u010dka Chispa  in njena vodnica Tamara sta na \u0161olo prihajali enkrat do dvakrat mese\u010dno in spodbujali skupino u\u010dencev k razvijanju in izbolj\u0161anju razli\u010dnih ve\u0161\u010din. Chispa je triletna bela labradorka, njeno ime izhaja iz \u0160panije in pomeni iskra. Je \u017eivahna psi\u010dka s \u010dudovitim zna\u010dajem, ki ima zelo rada otroke in je vedno pripravljena za igro. V \u0161olski prostor je vna\u0161ala prijetno in spro\u0161\u010deno vzdu\u0161je, v\u010dasih pa je pripeljala s seboj tudi svoje pasje prijateljice. U\u010denci so bili v njeni prisotnosti aktivnej\u0161i, motivirani in se ob njej nau\u010dili veliko novega, re\u0161evali u\u010dne liste, brali, izvajali z njo \u00bbtrikce\u00ab, ji dajali pribolj\u0161ke ter imeli z njo \u0161portne igre. Ob aktivnostih je bilo vidno navdu\u0161enje u\u010dencev, zaupen odnos in veselje do dela in u\u010denja v pasji dru\u017ebi. Ob Chispi u\u010denci niso pridobivali le novih znanj, temve\u010d tudi socialne \u2013 komunikacijske ve\u0161\u010dine in vrednote, ki jim jih je posredovala: veselje do \u017eivljenja, spodbujanje empatije in ustreznega odnosa do psa, skrb za drugo \u017eivo bitje, ob\u010dutenje ugodja ob prakti\u010dnih dejavnostih, upo\u0161tevanje navodil  in natan\u010dna izvedba naloge, osvajanje vrednot ob zgledu in pripovedovanju (strpnost, potrpe\u017eljivost, spo\u0161tljivost, prijaznost, zvestoba, pogum, u\u010dljivost, hvale\u017enost, urejenost, radovednost, po\u017ertvovalnost), u\u010denje spo\u0161tovanja \u010dustev in ob\u010dutkov ostalih, urjenje pozornosti in koncentracije (razvijanje slu\u0161ne pozornosti in usmerjene pozornosti), pove\u010devanje motivacije otrok za delo, krepitev pripravljenosti za sodelovanje v skupinskih aktivnostih, izbolj\u0161evanje lastne samopodobe in samozavesti.  Podpora vodstva \u0161ole in tima sodelavcev sta zagotovila na \u0161oli, da je imela tudi Chispa dobre pogoje za delo (primerni prostori in delovni pripomo\u010dki, urnik ter mo\u017enost po\u010ditka in umika). \u017de v naprej se veselimo novega \u0161olskega leta ter novih sre\u010danj s Chispo in Tamaro.\n<\/p>\nngg_shortcode_0_placeholder\n","protected":false},"excerpt":{"rendered":"<p>V \u0161olskem letu 2015\/16 je na O\u0160 Livade potekal projekt \u00bbUrjenje ve\u0161\u010din s pomo\u010djo terapevtskega psa\u00ab v sodelovanju z dru\u0161tvom&nbsp;<a href=\"https:\/\/www.oslivade.si\/?page_id=3965\">&hellip;<\/a><\/p>\n","protected":false},"author":1,"featured_media":3974,"parent":0,"menu_order":0,"comment_status":"closed","ping_status":"closed","template":"","meta":{"ngg_post_thumbnail":0,"footnotes":""},"class_list":["post-3965","page","type-page","status-publish","has-post-thumbnail","hentry","odd"],"_links":{"self":[{"href":"https:\/\/www.oslivade.si\/index.php?rest_route=\/wp\/v2\/pages\/3965"}],"collection":[{"href":"https:\/\/www.oslivade.si\/index.php?rest_route=\/wp\/v2\/pages"}],"about":[{"href":"https:\/\/www.oslivade.si\/index.php?rest_route=\/wp\/v2\/types\/page"}],"author":[{"embeddable":true,"href":"https:\/\/www.oslivade.si\/index.php?rest_route=\/wp\/v2\/users\/1"}],"replies":[{"embeddable":true,"href":"https:\/\/www.oslivade.si\/index.php?rest_route=%2Fwp%2Fv2%2Fcomments&post=3965"}],"version-history":[{"count":7,"href":"https:\/\/www.oslivade.si\/index.php?rest_route=\/wp\/v2\/pages\/3965\/revisions"}],"predecessor-version":[{"id":4148,"href":"https:\/\/www.oslivade.si\/index.php?rest_route=\/wp\/v2\/pages\/3965\/revisions\/4148"}],"wp:featuredmedia":[{"embeddable":true,"href":"https:\/\/www.oslivade.si\/index.php?rest_route=\/wp\/v2\/media\/3974"}],"wp:attachment":[{"href":"https:\/\/www.oslivade.si\/index.php?rest_route=%2Fwp%2Fv2%2Fmedia&parent=3965"}],"curies":[{"name":"wp","href":"https:\/\/api.w.org\/{rel}","templated":true}]}}