{"id":3981,"date":"2018-10-28T13:31:54","date_gmt":"2018-10-28T11:31:54","guid":{"rendered":"http:\/\/91.220.156.17\/?page_id=3981"},"modified":"2018-11-28T13:45:37","modified_gmt":"2018-11-28T11:45:37","slug":"zdrava-sola","status":"publish","type":"page","link":"https:\/\/www.oslivade.si\/?page_id=3981","title":{"rendered":"ZDRAVA \u0160OLA"},"content":{"rendered":"<p><a href=\"http:\/\/www.nijz.si\/sl\/slovenska-mreza-zdravih-sol\" target=\"_blank\" rel=\"noopener\"><img loading=\"lazy\" decoding=\"async\" class=\"size-thumbnail wp-image-3876 aligncenter\" src=\"http:\/\/91.220.156.17\/wp-content\/uploads\/2018\/11\/zdrava_sola-150x150.png\" alt=\"\" width=\"150\" height=\"150\"><\/a><\/p>\n<p>Na na\u0161i \u0161oli \u017ee vrsto let uspe\u0161no izvajamo dejavnosti v sklopu projekta Zdrava \u0161ola. V tem projektu smo del slovenske mre\u017ee Zdravih \u0161ol, ki se po celi Sloveniji posredno in neposredno odzivajo na probleme v zvezi z zdravjem otrok in mladostnikov ter se z njimi na razli\u010dne na\u010dine tudi ukvarjajo. Rde\u010da nit v \u0161olskem letu 2017\/18 je gibanje, prehrana ter du\u0161evno zdravje. V povezavi z navedenimi vsebinami bodo izvedene razli\u010dne akcije.<\/p>\n<p>Izhodi\u0161\u010de Zdrave \u0161ole je predvsem vplivati na zdrav na\u010din \u017eivljenja vseh, ki hodijo v \u0161olo. Pomembno je ne le telesno, ampak tudi du\u0161evno, socialno in okoljsko zdravje.<\/p>\n<p>Sodelovalni in akcijsko usmerjeni pristop k zdravju se zagotavlja:<\/p>\n<ul>\n<li>z obveznim u\u010dnim na\u010drtom:&nbsp;vsebine zdravja v u\u010dnem na\u010drtu;<\/li>\n<li>s skritim u\u010dnim na\u010drtom: pomembni so organizacija, ustrezna pravila, medsebojni odnosi, interesne dejavnosti, preventivni in promocijski projekti s podro\u010dja krepitve zdravja;<\/li>\n<li>z dobrimi povezavami z domom in skupnostjo: poglobljeno sodelovanje med \u0161olo, dru\u017eino in skupinami, organizacijami in posamezniki v lokalni skupnosti, ki lahko podprejo dejavnosti za zdrav \u017eivljenjski slog na \u0161oli.<\/li>\n<\/ul>\n<p><strong>Cilji zdravih \u0161ol:<\/strong><\/p>\n<ul>\n<li>Aktivno bomo podpirali pozitivno samopodobo vseh u\u010dencev s tem, da bomo pokazali, da lahko prav vsak prispeva k zdravemu \u017eivljenju v \u0161oli.<\/li>\n<li>Skrbeli bomo za vsestranski razvoj dobrih medsebojnih odnosov med u\u010ditelji in u\u010denci, u\u010ditelji med seboj ter med u\u010denci.<\/li>\n<li>Potrudili se bomo, da bodo socialni cilji \u0161ole postali jasni u\u010diteljem, u\u010dencem in star\u0161em.<\/li>\n<li>Vse u\u010dence bomo spodbujali k razli\u010dnim dejavnostim tako, da bomo oblikovali raznovrstne pobude.<\/li>\n<li>Izkoristili bomo vsako mo\u017enost za izbolj\u0161anje \u0161olskega okolja.<\/li>\n<li>Skrbeli bomo za razvoj dobrih povezav med \u0161olo, domom in skupnostjo.<\/li>\n<li>Skrbeli bomo za razvoj povezav med osnovno in srednjo \u0161olo.<\/li>\n<li>Aktivno bomo podprli zdravje in blaginjo svojih u\u010diteljev.<\/li>\n<li>Upo\u0161tevali bomo dejstvo, da so u\u010ditelji in \u0161olsko osebje zgled za zdravo obna\u0161anje.<\/li>\n<li>Upo\u0161tevali bomo komplementarno vlogo, ki jo ima \u0161olska prehrana pri u\u010dnem na\u010drtu.<\/li>\n<li>Sodelovali bomo s specializiranimi slu\u017ebami v skupnosti, ki nam lahko svetujejo in pomagajo na podro\u010dju zdravja otrok in mladostnikov.<\/li>\n<li>Vzpostavili bomo poglobljen odnos s \u0161olsko zdravstveno in zobozdravstveno slu\u017ebo.<\/li>\n<\/ul>\n<h4>Skupaj za bolj\u0161e zdravje otrok in odraslih<\/h4>\n<ul>\n<li><a href=\"http:\/\/91.220.156.17\/wp-content\/uploads\/2018\/11\/Nevarne-internetne-igre.pdf\" target=\"_blank\" rel=\"noopener\">Tvegano vedenje otrok in mladostnikov \u2013 nevarne internetne igre, ki spodbujajo samopo\u0161kodovalno vedenje<\/a><\/li>\n<li><a href=\"http:\/\/91.220.156.17\/wp-content\/uploads\/2018\/11\/smernice_za_obravnavo_dusevnega_zdravja-1.ppsx\" target=\"_blank\" rel=\"noopener\">Zdravje skozi umetnost \u2013 smernice za obravnavo du\u0161evnega zdravja<\/a><\/li>\n<li><a href=\"http:\/\/91.220.156.17\/wp-content\/uploads\/2018\/11\/Prirocnik_Izbolj\u0161evanje_dusevnega_zdravja.pdf\" target=\"_blank\" rel=\"noopener\">Priro\u010dnik Izbolj\u0161evanje du\u0161evnega zdravja<\/a><\/li>\n<li><a href=\"http:\/\/www.svetovnidanledvic.org\/\" target=\"_blank\" rel=\"noopener\">10. marec \u2013 svetovni dan ledvic<\/a><\/li>\n<li><a href=\"http:\/\/www.viva.si\/Bolezni-dihal-Respiratorne-bolezni\/12478\/Kako-razlikovati-prehlad-plju%C4%8Dnico-in-gripo\" target=\"_blank\" rel=\"noopener\">Prehlad, gripa in plju\u010dnica \u2013 kako jih razlikovati?<\/a><\/li>\n<li><a href=\"http:\/\/91.220.156.17\/wp-content\/uploads\/2018\/11\/5-Hrano-pripravljajmo-na-zdrav-na\u010din-pasivni-ali-aktivni-po\u010ditek.pdf\" target=\"_blank\" rel=\"noopener\">Hrano pripravljajmo na zdrav na\u010din, pasivni ali aktivni po\u010ditek<\/a><\/li>\n<li><a href=\"http:\/\/91.220.156.17\/wp-content\/uploads\/2018\/11\/Zacnimo_dan_z_zajtrkom.pdf\" target=\"_blank\" rel=\"noopener\">Za\u010dnimo dan z zajtrkom<\/a><\/li>\n<li><a href=\"http:\/\/91.220.156.17\/wp-content\/uploads\/2018\/11\/Vaje_za_krepitev_misic.pdf\" target=\"_blank\" rel=\"noopener\">Vaje za krepitev mi\u0161ic<\/a><\/li>\n<li><a href=\"http:\/\/91.220.156.17\/wp-content\/uploads\/2018\/11\/Uspeh_je_v_spremembi_zivljenjskega_sloga_in_fitnes.pdf\" target=\"_blank\" rel=\"noopener\">Uspeh je v spremembi \u017eivljenjskega sloga in fitnes<\/a><\/li>\n<li><a href=\"http:\/\/91.220.156.17\/wp-content\/uploads\/2018\/11\/Krepimo_svoje_kosti_Plavanje.pdf\" target=\"_blank\" rel=\"noopener\">Krepimo svoje kosti in plavanje<\/a><\/li>\n<li><a href=\"http:\/\/91.220.156.17\/wp-content\/uploads\/2018\/11\/Meso_v_prehrani.pdf\" target=\"_blank\" rel=\"noopener\">Meso v prehrani<\/a><\/li>\n<li><a href=\"http:\/\/91.220.156.17\/wp-content\/uploads\/2018\/11\/stop_kajenju.pdf\" target=\"_blank\" rel=\"noopener\">Stop kajenju<\/a><\/li>\n<li><a href=\"http:\/\/91.220.156.17\/wp-content\/uploads\/2018\/11\/Ko_ucenca_strese_stres_knjiga.pdf\" target=\"_blank\" rel=\"noopener\">Ko u\u010denca strese stres<\/a>&nbsp;+&nbsp;<a href=\"http:\/\/91.220.156.17\/wp-content\/uploads\/2018\/11\/nove_vaje.pdf\" target=\"_blank\" rel=\"noopener\">vaje<\/a><\/li>\n<\/ul>\n<p>Vodja projekta: Ana Lon\u010dar<\/p>\n","protected":false},"excerpt":{"rendered":"<p>Na na\u0161i \u0161oli \u017ee vrsto let uspe\u0161no izvajamo dejavnosti v sklopu projekta Zdrava \u0161ola. V tem projektu smo del slovenske&nbsp;<a href=\"https:\/\/www.oslivade.si\/?page_id=3981\">&hellip;<\/a><\/p>\n","protected":false},"author":1,"featured_media":0,"parent":0,"menu_order":0,"comment_status":"closed","ping_status":"closed","template":"","meta":{"ngg_post_thumbnail":0,"footnotes":""},"class_list":["post-3981","page","type-page","status-publish","hentry","odd"],"_links":{"self":[{"href":"https:\/\/www.oslivade.si\/index.php?rest_route=\/wp\/v2\/pages\/3981"}],"collection":[{"href":"https:\/\/www.oslivade.si\/index.php?rest_route=\/wp\/v2\/pages"}],"about":[{"href":"https:\/\/www.oslivade.si\/index.php?rest_route=\/wp\/v2\/types\/page"}],"author":[{"embeddable":true,"href":"https:\/\/www.oslivade.si\/index.php?rest_route=\/wp\/v2\/users\/1"}],"replies":[{"embeddable":true,"href":"https:\/\/www.oslivade.si\/index.php?rest_route=%2Fwp%2Fv2%2Fcomments&post=3981"}],"version-history":[{"count":4,"href":"https:\/\/www.oslivade.si\/index.php?rest_route=\/wp\/v2\/pages\/3981\/revisions"}],"predecessor-version":[{"id":4001,"href":"https:\/\/www.oslivade.si\/index.php?rest_route=\/wp\/v2\/pages\/3981\/revisions\/4001"}],"wp:attachment":[{"href":"https:\/\/www.oslivade.si\/index.php?rest_route=%2Fwp%2Fv2%2Fmedia&parent=3981"}],"curies":[{"name":"wp","href":"https:\/\/api.w.org\/{rel}","templated":true}]}}