{"id":4088,"date":"2018-12-04T14:50:35","date_gmt":"2018-12-04T12:50:35","guid":{"rendered":"http:\/\/91.220.156.17\/?page_id=4088"},"modified":"2024-04-15T13:55:11","modified_gmt":"2024-04-15T12:55:11","slug":"bralna-znacka-4-6-razred-anglescina","status":"publish","type":"page","link":"https:\/\/www.oslivade.si\/?page_id=4088","title":{"rendered":"Bralna zna\u010dka 4. &#8211; 6. razred (Tuji jezik Angle\u0161\u010dina)"},"content":{"rendered":"<p>[vc_row][vc_column][vc_tta_tabs][vc_tta_section title=&#8221;4. razred&#8221; tab_id=&#8221;1543401234099-56302ce7-c6f7&#8243;][vc_column_text]<\/p>\n<table id=\"table1\">\n<tbody>\n<tr>\n<th width=\"25%\">Avtor<\/th>\n<th width=\"50%\">Naslov knjige<\/th>\n<th width=\"25%\">Razpolo\u017eljivost gradiva<\/th>\n<\/tr>\n<tr>\n<td>Pitts, Sorrel<\/td>\n<td>The Enormous Turnip<\/td>\n<td><a href=\"https:\/\/plus.cobiss.net\/cobiss\/si\/sl\/bib\/search?q=the+enormous+turnip+arengo+sue&amp;db=osliv&amp;db=sikizo&amp;mat=books&amp;tyf=0_knj\" target=\"_blank\" rel=\"noopener\">Preveri razpolo\u017eljivost<\/a><\/td>\n<\/tr>\n<tr>\n<td>Pitts, Sorrel<\/td>\n<td>We can help!<\/td>\n<td><a href=\"https:\/\/plus.cobiss.net\/cobiss\/si\/sl\/bib\/search?q=We+can+help%21+pitts+sorrel&amp;db=osliv&amp;db=sikizo&amp;mat=books&amp;tyf=0_knj\" target=\"_blank\" rel=\"noopener\">Preveri razpolo\u017eljivost<\/a><\/td>\n<\/tr>\n<tr>\n<td>Godfrey, Rachel<\/td>\n<td>Deserts<\/td>\n<td><a href=\"https:\/\/plus.cobiss.net\/cobiss\/si\/sl\/bib\/search?q=deserts+godfrey+rachel&amp;db=osliv&amp;db=sikizo&amp;mat=books&amp;tyf=0_knj\" target=\"_blank\" rel=\"noopener\">Preveri razpolo\u017eljivost<\/a><\/td>\n<\/tr>\n<\/tbody>\n<\/table>\n<p>[\/vc_column_text][\/vc_tta_section][vc_tta_section title=&#8221;5. razred&#8221; tab_id=&#8221;1543401234116-045c0f40-0ef8&#8243;][vc_column_text]<\/p>\n<table id=\"table1\">\n<tbody>\n<tr>\n<th width=\"25%\">Avtor<\/th>\n<th width=\"50%\">Naslov knjige<\/th>\n<th width=\"25%\">Razpolo\u017eljivost gradiva<\/th>\n<\/tr>\n<tr>\n<td>Godfrey, Rachel<\/td>\n<td>Mountains<\/td>\n<td><a href=\"https:\/\/plus.cobiss.net\/cobiss\/si\/sl\/bib\/search?q=Mountains+godfrey+rachel&amp;db=osliv&amp;db=sikizo&amp;mat=books&amp;tyf=0_knj\" target=\"_blank\" rel=\"noopener\">Preveri razpolo\u017eljivost<\/a><\/td>\n<\/tr>\n<tr>\n<td>Geatches, Hazel<\/td>\n<td>Grimlock stops the decepticons<\/td>\n<td><a href=\"https:\/\/plus.cobiss.net\/cobiss\/si\/sl\/bib\/search?q=grimlock+stops+the+decepticons+geatches+hazel&amp;db=osliv&amp;db=sikizo&amp;mat=books&amp;tyf=0_knj\" target=\"_blank\" rel=\"noopener\">Preveri razpolo\u017eljivost<\/a><\/td>\n<\/tr>\n<tr>\n<td>Moore, Maggie<\/td>\n<td>Little red riding hood<\/td>\n<td><a href=\"https:\/\/plus.cobiss.net\/cobiss\/si\/sl\/bib\/search?q=little+red+riding+hood+moore+maggie&amp;db=osliv&amp;db=sikizo&amp;mat=books&amp;tyf=0_knj\" target=\"_blank\" rel=\"noopener\">Preveri razpolo\u017eljivost<\/a><\/td>\n<\/tr>\n<tr>\n<td>Dooley, Jenny<\/td>\n<td>Beauty and the beast<\/td>\n<td><a href=\"https:\/\/plus.cobiss.net\/cobiss\/si\/sl\/bib\/search?q=beauty+and+the+beast+dooley+jenny&amp;db=osliv&amp;db=sikizo&amp;mat=books&amp;tyf=0_knj\" target=\"_blank\" rel=\"noopener\">Preveri razpolo\u017eljivost<\/a><\/td>\n<\/tr>\n<\/tbody>\n<\/table>\n<p>[\/vc_column_text][\/vc_tta_section][vc_tta_section title=&#8221;6. razred&#8221; tab_id=&#8221;1543401235646-99963a56-ddbb&#8221;][vc_column_text]<\/p>\n<table id=\"table1\">\n<tbody>\n<tr>\n<th width=\"25%\">Avtor<\/th>\n<th width=\"50%\">Naslov knjige<\/th>\n<th width=\"25%\">Razpolo\u017eljivost gradiva<\/th>\n<\/tr>\n<tr>\n<td>Pitts, Sorrel<\/td>\n<td>Great Buildings<\/td>\n<td><a href=\"https:\/\/plus.cobiss.net\/cobiss\/si\/sl\/bib\/search?q=great+buildings+pitts+sorrel&amp;db=osliv&amp;db=sikizo&amp;mat=books&amp;tyf=0_knj\" target=\"_blank\" rel=\"noopener\">Preveri razpolo\u017eljivost<\/a><\/td>\n<\/tr>\n<tr>\n<td>Godfrey, Rachel<\/td>\n<td>Ice worlds<\/td>\n<td><a href=\"https:\/\/plus.cobiss.net\/cobiss\/si\/sl\/bib\/search?q=ice+worlds+godfrey+rachel&amp;db=osliv&amp;db=sikizo&amp;mat=books&amp;tyf=0_knj\" target=\"_blank\" rel=\"noopener\">Preveri razpolo\u017eljivost<\/a><\/td>\n<\/tr>\n<tr>\n<td>Degnan-Veness, Coleen<\/td>\n<td>The talent show<\/td>\n<td><a href=\"https:\/\/plus.cobiss.net\/cobiss\/si\/sl\/bib\/search?q=the+talent+show+degnan-veness+coleen&amp;db=osliv&amp;db=sikizo&amp;mat=books&amp;tyf=0_knj\" target=\"_blank\" rel=\"noopener\">Preveri razpolo\u017eljivost<\/a><\/td>\n<\/tr>\n<tr>\n<td>Escott, John<\/td>\n<td>The missing coin<\/td>\n<td>Preveri razpolo\u017eljivost<\/td>\n<\/tr>\n<tr>\n<td>Taylor, Nancy<\/td>\n<td>Michael Jordan<\/td>\n<td><a href=\"https:\/\/plus.cobiss.net\/cobiss\/si\/sl\/bib\/search?q=michael+jordan+taylor+nancy&amp;db=osliv&amp;db=sikizo&amp;mat=books&amp;tyf=0_knj\" target=\"_blank\" rel=\"noopener\">Preveri razpolo\u017eljivost<\/a><\/td>\n<\/tr>\n<\/tbody>\n<\/table>\n<p>[\/vc_column_text][\/vc_tta_section][\/vc_tta_tabs][\/vc_column][\/vc_row]<\/p>\n","protected":false},"excerpt":{"rendered":"<p>[vc_row][vc_column][vc_tta_tabs][vc_tta_section title=&#8221;4. razred&#8221; tab_id=&#8221;1543401234099-56302ce7-c6f7&#8243;][vc_column_text] Avtor Naslov knjige Razpolo\u017eljivost gradiva Pitts, Sorrel The Enormous Turnip Preveri razpolo\u017eljivost Pitts, Sorrel We can&nbsp;<a href=\"https:\/\/www.oslivade.si\/?page_id=4088\">&hellip;<\/a><\/p>\n","protected":false},"author":1,"featured_media":0,"parent":0,"menu_order":0,"comment_status":"closed","ping_status":"closed","template":"","meta":{"ngg_post_thumbnail":0,"footnotes":""},"class_list":["post-4088","page","type-page","status-publish","hentry","odd"],"_links":{"self":[{"href":"https:\/\/www.oslivade.si\/index.php?rest_route=\/wp\/v2\/pages\/4088"}],"collection":[{"href":"https:\/\/www.oslivade.si\/index.php?rest_route=\/wp\/v2\/pages"}],"about":[{"href":"https:\/\/www.oslivade.si\/index.php?rest_route=\/wp\/v2\/types\/page"}],"author":[{"embeddable":true,"href":"https:\/\/www.oslivade.si\/index.php?rest_route=\/wp\/v2\/users\/1"}],"replies":[{"embeddable":true,"href":"https:\/\/www.oslivade.si\/index.php?rest_route=%2Fwp%2Fv2%2Fcomments&post=4088"}],"version-history":[{"count":10,"href":"https:\/\/www.oslivade.si\/index.php?rest_route=\/wp\/v2\/pages\/4088\/revisions"}],"predecessor-version":[{"id":16512,"href":"https:\/\/www.oslivade.si\/index.php?rest_route=\/wp\/v2\/pages\/4088\/revisions\/16512"}],"wp:attachment":[{"href":"https:\/\/www.oslivade.si\/index.php?rest_route=%2Fwp%2Fv2%2Fmedia&parent=4088"}],"curies":[{"name":"wp","href":"https:\/\/api.w.org\/{rel}","templated":true}]}}