{"id":4095,"date":"2018-12-04T15:03:23","date_gmt":"2018-12-04T13:03:23","guid":{"rendered":"http:\/\/91.220.156.17\/?page_id=4095"},"modified":"2024-04-15T13:57:36","modified_gmt":"2024-04-15T12:57:36","slug":"bralna-znacka-7-9-razred-anglescina","status":"publish","type":"page","link":"https:\/\/www.oslivade.si\/?page_id=4095","title":{"rendered":"Bralna zna\u010dka 7. &#8211; 9. razred (Tuji jezik Angle\u0161\u010dina)"},"content":{"rendered":"<p>[vc_row][vc_column][vc_tta_tabs][vc_tta_section title=&#8221;7. razred&#8221; tab_id=&#8221;1543401234099-56302ce7-c6f7&#8243;][vc_column_text]<\/p>\n<table id=\"table1\">\n<tbody>\n<tr>\n<th width=\"25%\">Avtor<\/th>\n<th width=\"50%\">Naslov knjige<\/th>\n<th width=\"25%\">Razpolo\u017eljivost gradiva<\/th>\n<\/tr>\n<tr>\n<td>Wyss, Johann David<\/td>\n<td>The Swiss Family Robinson<\/td>\n<td><a href=\"https:\/\/plus.cobiss.net\/cobiss\/si\/sl\/bib\/search?q=the+swiss+family+robinson+wyss+johann+david&amp;db=osliv&amp;db=sikizo&amp;mat=books&amp;tyf=0_knj\" target=\"_blank\" rel=\"noopener\">Preveri razpolo\u017eljivost<\/a><\/td>\n<\/tr>\n<tr>\n<td>McIlvain, Audrey<\/td>\n<td>The Snow queen<\/td>\n<td><a href=\"https:\/\/plus.cobiss.net\/cobiss\/si\/sl\/bib\/search?q=the+snow+queen+mcilvain+audrey&amp;db=osliv&amp;db=sikizo&amp;mat=books&amp;tyf=0_knj\" target=\"_blank\" rel=\"noopener\">Preveri razpolo\u017eljivost<\/a><\/td>\n<\/tr>\n<tr>\n<td>Crook, Marie<\/td>\n<td>The Emperor and the Nightingale<\/td>\n<td><a href=\"https:\/\/plus.cobiss.net\/cobiss\/si\/sl\/bib\/search?q=the+emperor+and+the+nightingale+crook+marie&amp;db=osliv&amp;db=sikizo&amp;mat=books&amp;tyf=0_knj\" target=\"_blank\" rel=\"noopener\">Preveri razpolo\u017eljivost<\/a><\/td>\n<\/tr>\n<tr>\n<td>Marshall, James Vance<\/td>\n<td>Rainbow serpent<\/td>\n<td><a href=\"https:\/\/plus.cobiss.net\/cobiss\/si\/sl\/bib\/search?q=Rainbow+serpent+marshall+James+Vance&amp;db=osliv&amp;db=sikizo&amp;mat=books&amp;tyf=0_knj\" target=\"_blank\" rel=\"noopener\">Preveri razpolo\u017eljivost<\/a><\/td>\n<\/tr>\n<tr>\n<td>Prentis, Nicola<\/td>\n<td>The tomorrow mirror<\/td>\n<td><a href=\"https:\/\/plus.cobiss.net\/cobiss\/si\/sl\/bib\/search?q=the+tomorrow+mirror+prentis+nicola&amp;db=osliv&amp;db=sikizo&amp;mat=books&amp;tyf=0_knj\" target=\"_blank\" rel=\"noopener\">Preveri razpolo\u017eljivost<\/a><\/td>\n<\/tr>\n<\/tbody>\n<\/table>\n<p>[\/vc_column_text][\/vc_tta_section][vc_tta_section title=&#8221;8. razred&#8221; tab_id=&#8221;1543401234116-045c0f40-0ef8&#8243;][vc_column_text]<\/p>\n<table id=\"table1\">\n<tbody>\n<tr>\n<th width=\"25%\">Avtor<\/th>\n<th width=\"50%\">Naslov knjige<\/th>\n<th width=\"25%\">Razpolo\u017eljivost gradiva<\/th>\n<\/tr>\n<\/tbody>\n<\/table>\n<p>[\/vc_column_text][\/vc_tta_section][vc_tta_section title=&#8221;9. razred&#8221; tab_id=&#8221;1543401235646-99963a56-ddbb&#8221;][vc_column_text]<\/p>\n<table id=\"table1\">\n<tbody>\n<tr>\n<th width=\"25%\">Avtor<\/th>\n<th width=\"50%\">Naslov knjige<\/th>\n<th width=\"25%\">Razpolo\u017eljivost gradiva<\/th>\n<\/tr>\n<\/tbody>\n<\/table>\n<p>[\/vc_column_text][\/vc_tta_section][\/vc_tta_tabs][\/vc_column][\/vc_row]<\/p>\n","protected":false},"excerpt":{"rendered":"<p>[vc_row][vc_column][vc_tta_tabs][vc_tta_section title=&#8221;7. razred&#8221; tab_id=&#8221;1543401234099-56302ce7-c6f7&#8243;][vc_column_text] Avtor Naslov knjige Razpolo\u017eljivost gradiva Wyss, Johann David The Swiss Family Robinson Preveri razpolo\u017eljivost McIlvain, Audrey&nbsp;<a href=\"https:\/\/www.oslivade.si\/?page_id=4095\">&hellip;<\/a><\/p>\n","protected":false},"author":1,"featured_media":0,"parent":0,"menu_order":0,"comment_status":"closed","ping_status":"closed","template":"","meta":{"ngg_post_thumbnail":0,"footnotes":""},"class_list":["post-4095","page","type-page","status-publish","hentry","odd"],"_links":{"self":[{"href":"https:\/\/www.oslivade.si\/index.php?rest_route=\/wp\/v2\/pages\/4095"}],"collection":[{"href":"https:\/\/www.oslivade.si\/index.php?rest_route=\/wp\/v2\/pages"}],"about":[{"href":"https:\/\/www.oslivade.si\/index.php?rest_route=\/wp\/v2\/types\/page"}],"author":[{"embeddable":true,"href":"https:\/\/www.oslivade.si\/index.php?rest_route=\/wp\/v2\/users\/1"}],"replies":[{"embeddable":true,"href":"https:\/\/www.oslivade.si\/index.php?rest_route=%2Fwp%2Fv2%2Fcomments&post=4095"}],"version-history":[{"count":6,"href":"https:\/\/www.oslivade.si\/index.php?rest_route=\/wp\/v2\/pages\/4095\/revisions"}],"predecessor-version":[{"id":16513,"href":"https:\/\/www.oslivade.si\/index.php?rest_route=\/wp\/v2\/pages\/4095\/revisions\/16513"}],"wp:attachment":[{"href":"https:\/\/www.oslivade.si\/index.php?rest_route=%2Fwp%2Fv2%2Fmedia&parent=4095"}],"curies":[{"name":"wp","href":"https:\/\/api.w.org\/{rel}","templated":true}]}}