{"id":5559,"date":"2019-07-08T08:30:37","date_gmt":"2019-07-08T06:30:37","guid":{"rendered":"https:\/\/www.oslivade.si\/?page_id=5559"},"modified":"2025-08-22T10:52:37","modified_gmt":"2025-08-22T09:52:37","slug":"ucbeniski-sklad","status":"publish","type":"page","link":"https:\/\/www.oslivade.si\/?page_id=5559","title":{"rendered":"U\u010cBENI\u0160KI SKLAD"},"content":{"rendered":"\r\n<h3><strong><span style=\"color: #ff0000;\">NOVO<\/span> &#8211; U\u010cBENIKI, DELOVNI ZVEZKI IN OSTALE POTREB\u0160\u010cINE 2025\/26<\/strong><\/h3>\r\n<p>Seznami gradiv, ki jih bodo u\u010denci potrebovali v \u0161olskem letu 2025\/26, se nahajajo na slede\u010dih povezavah:<\/p>\r\n<ul>\r\n<li><a href=\"https:\/\/www.oslivade.si\/wp-content\/uploads\/2025\/06\/1-razred.pdf\">1. razred<\/a><\/li>\r\n<li><a href=\"https:\/\/www.oslivade.si\/wp-content\/uploads\/2025\/08\/2-razred.pdf\">2. razred<\/a><\/li>\r\n<li><a href=\"https:\/\/www.oslivade.si\/wp-content\/uploads\/2025\/06\/3-razred.pdf\">3. razred<\/a><\/li>\r\n<li><a href=\"https:\/\/www.oslivade.si\/wp-content\/uploads\/2025\/06\/4-razred.pdf\">4. razred<\/a><\/li>\r\n<li><a href=\"https:\/\/www.oslivade.si\/wp-content\/uploads\/2025\/06\/5-razred.pdf\">5. razred<\/a><\/li>\r\n<li><a href=\"https:\/\/www.oslivade.si\/wp-content\/uploads\/2025\/06\/6-razred.pdf\">6. razred<\/a><\/li>\r\n<li><a href=\"https:\/\/www.oslivade.si\/wp-content\/uploads\/2025\/06\/7-razred.pdf\">7. razred<\/a><\/li>\r\n<li><a href=\"https:\/\/www.oslivade.si\/wp-content\/uploads\/2025\/06\/8-razred.pdf\">8. razred<\/a><\/li>\r\n<li><a href=\"https:\/\/www.oslivade.si\/wp-content\/uploads\/2025\/06\/9-razred.pdf\">9. razred<\/a><br><br><\/li>\r\n<li><a href=\"https:\/\/www.oslivade.si\/wp-content\/uploads\/2024\/06\/PONUDBE-ZALOZB-24_25.pdf\">PONUDBE ZALO\u017dB<\/a><\/li>\r\n<\/ul>\r\n<p><strong>Vsi u\u010denci O\u0160 Livade Izola so uporabniki u\u010dbeni\u0161kega sklada. Vsi u\u010denci dobijo vse potrebne u\u010dbenike v \u0161oli brezpla\u010dno. Stro\u0161ke izposoje u\u010dbenikov krije MIZ\u0160.<\/strong><\/p>\r\n<p><strong><u>U\u010denci 1., 2. in 3. razreda prejmejo brezpla\u010dno tudi delovne zvezke, zato jih ne kupujte sami.<\/u><\/strong><\/p>\r\n<h4><strong><u><br><br><\/u><\/strong>IZBOR U\u010cBENIKOV, U\u010cNIH GRADIV IN DELOVNIH ZVEZKOV 2025\/26<\/h4>\r\n<p>Skupna seznama izbora za \u0161olsko leto 2025\/2026 se nahajata na slede\u010dih povezavah:<\/p>\r\n<ul>\r\n<li><a href=\"https:\/\/www.oslivade.si\/wp-content\/uploads\/2025\/06\/DELOVNI-ZVEZKI-OS-LIVADE-IZOLA-o.pdf\">Izbor delovnih zvezkov O\u0160 Livade Izola<\/a><\/li>\r\n<li><a href=\"https:\/\/www.oslivade.si\/wp-content\/uploads\/2025\/06\/UCBENIKI-OS-LIVADE-IZOLA-2025_26-o.pdf\">Izbor u\u010dbenikov O\u0160 Livade Izola<\/a><\/li>\r\n<\/ul>\r\n<p>&nbsp;<\/p>\r\n<h4>U\u010cBENI\u0160KI SKLAD &#8211; PRAVILA<\/h4>\r\n<p>U\u010dbeni\u0161ki sklad na \u0161oli je oblikovan na osnovi Pravilnika o upravljanju u\u010dbeni\u0161kih skladov (Uradni list RS, \u0161t.&nbsp;12\/20).<br>U\u010dbeni\u0161ki sklad je zakonska obveza vsake osnovne \u0161ole. V sklad so vklju\u010deni u\u010dbeniki, objavljeni v katalogu u\u010dbenikov.<br>\u2013 U\u010denke in u\u010denci si tako lahko izposodijo u\u010dbenike iz u\u010dbeni\u0161kega sklada.<br>\u2013 Izposodijo si lahko le komplet, ne pa posameznih u\u010dbenikov.<br>\u2013 Vsi u\u010denci so uporabniki u\u010dbeni\u0161kega sklada. Le tisti, ki tega ne \u017eelijo, v \u0161olo prinesejo odjavnico.<br>\u2013 Ob izteku \u0161olskega leta u\u010denci u\u010dbenike vrnejo. \u010ce je u\u010dbenik po\u0161kodovan, izgubljen ali uni\u010den, se zanj pla\u010da od\u0161kodnina v skladu z 10. \u010dlenom Pravilnika o upravljanju u\u010dbeni\u0161kih skladov (Uradni list RS, \u0161t. 12\/20). U\u010dbenik se smatra za izgubljen, \u010de ga u\u010denec ne vrne do zadnjega dne pouka.<br>\u2013 V u\u010dbeni\u0161kem kompletu ni delovnih zvezkov in drugih gradiv (razen v 1. razredu), zato jih star\u0161i kupijo sami.<br>\u2013 Ob koncu \u0161olskega leta dobijo vsi u\u010denci seznam u\u010dbenikov in delovnih zvezkov za naslednje \u0161olsko leto.<br>\u2013 U\u010denci u\u010dbenike v izposojo dobijo v prvem tednu novega \u0161olskega leta.<br><br><\/p>\r\n<p style=\"text-align: right;\">Upravljavka u\u010dbeni\u0161kega sklada Maja Murovec<br><br><br><\/p>\r\n<h4 style=\"text-align: left;\">NAVODILA OB PREJEMU U\u010cBENIKOV<\/h4>\r\n<p style=\"text-align: left;\">U\u010denci prejmejo u\u010dbenike v uporabo za teko\u010de \u0161olsko leto in jih vrnejo ob izteku pouka. V primeru, da so u\u010dbeniki po\u0161kodovani, izgubljeni ali uni\u010deni, je zanje potrebno poravnati od\u0161kodnino v skladu z 10. \u010dlenom Pravilnika o upravljanju u\u010dbeni\u0161kih skladov (Uradni list RS, \u0161t.&nbsp;12\/20).<br>U\u010denci u\u010dbenike ob prejemu pregledajo. Morebitne po\u0161kodbe v u\u010dbenikih poka\u017eejo knji\u017eni\u010darki do konca septembra, ki \u017ee po\u0161kodovane dele u\u010dbenika ozna\u010di. V primeru, da so po\u0161kodbe tako velike (manjkajo\u010de strani ipd.), da u\u010dbenika ni mogo\u010de uporabljati, bomo po presoji skrbnice u\u010dbeni\u0161kega sklada u\u010dbenik zamenjali.<br>U\u010denci se v u\u010dbenike na ozna\u010den prostor podpi\u0161ejo. U\u010dbenike morajo zaviti, priporo\u010damo zavijanje v odstranljive ovitke ali v prozorno samolepilno folijo tako, da se u\u010dbeniki ne po\u0161kodujejo. \u010ce u\u010dbenike zavijemo v samolepilno folijo, nanje ne lepimo nalepk z u\u010den\u010devim imenom, saj samolepilna folija postane del u\u010dbenika in jo na ta na\u010din po\u0161kodujemo. Preden u\u010denci u\u010dbenike vrnejo, je potrebno u\u010dbenike, ki so oviti v odstranljive ovitke, odviti.<\/p>\r\n<p>&nbsp;<\/p>\r\n<p><\/p>\r\n<p>&nbsp;<\/p>","protected":false},"excerpt":{"rendered":"<p>NOVO &#8211; U\u010cBENIKI, DELOVNI ZVEZKI IN OSTALE POTREB\u0160\u010cINE 2025\/26 Seznami gradiv, ki jih bodo u\u010denci potrebovali v \u0161olskem letu 2025\/26,&nbsp;<a href=\"https:\/\/www.oslivade.si\/?page_id=5559\">&hellip;<\/a><\/p>\n","protected":false},"author":1,"featured_media":0,"parent":0,"menu_order":0,"comment_status":"closed","ping_status":"closed","template":"","meta":{"ngg_post_thumbnail":0,"footnotes":""},"class_list":["post-5559","page","type-page","status-publish","hentry","odd"],"_links":{"self":[{"href":"https:\/\/www.oslivade.si\/index.php?rest_route=\/wp\/v2\/pages\/5559"}],"collection":[{"href":"https:\/\/www.oslivade.si\/index.php?rest_route=\/wp\/v2\/pages"}],"about":[{"href":"https:\/\/www.oslivade.si\/index.php?rest_route=\/wp\/v2\/types\/page"}],"author":[{"embeddable":true,"href":"https:\/\/www.oslivade.si\/index.php?rest_route=\/wp\/v2\/users\/1"}],"replies":[{"embeddable":true,"href":"https:\/\/www.oslivade.si\/index.php?rest_route=%2Fwp%2Fv2%2Fcomments&post=5559"}],"version-history":[{"count":28,"href":"https:\/\/www.oslivade.si\/index.php?rest_route=\/wp\/v2\/pages\/5559\/revisions"}],"predecessor-version":[{"id":17778,"href":"https:\/\/www.oslivade.si\/index.php?rest_route=\/wp\/v2\/pages\/5559\/revisions\/17778"}],"wp:attachment":[{"href":"https:\/\/www.oslivade.si\/index.php?rest_route=%2Fwp%2Fv2%2Fmedia&parent=5559"}],"curies":[{"name":"wp","href":"https:\/\/api.w.org\/{rel}","templated":true}]}}