{"id":5767,"date":"2019-10-11T13:42:55","date_gmt":"2019-10-11T11:42:55","guid":{"rendered":"https:\/\/www.oslivade.si\/?page_id=5767"},"modified":"2019-10-11T13:43:13","modified_gmt":"2019-10-11T11:43:13","slug":"eduroam","status":"publish","type":"page","link":"https:\/\/www.oslivade.si\/?page_id=5767","title":{"rendered":"Eduroam"},"content":{"rendered":"<p>Osnovna \u0161ola Livade nudi zaposlenim in u\u010dencem mo\u017enost brezpla\u010dnega dostopa do brez\u017ei\u010dnega ra\u010dunalni\u0161kega omre\u017eja EDUROAM. Ta je del \u0161olskega omre\u017eja, ki je povezano v omre\u017eje Arnes in evropski sistem, zato zanj veljajo enaka pravila kot za dostop do omre\u017eja <a href=\"http:\/\/www.arnes.si\/pomoc-uporabnikom\/pravila-uporabe-omrezja-arnes.html\" target=\"_blank\" rel=\"noopener noreferrer\">Arnes<\/a><\/p>\n<p><strong>Kaj je Eduroam?<\/strong><\/p>\n<p><a href=\"https:\/\/www.arnes.si\/pomoc-uporabnikom\/eduroam\/\" target=\"_blank\" rel=\"noopener noreferrer\">Eduroam<\/a> (education roaming) je mednarodna federacija brez\u017ei\u010dnih omre\u017eij za uporabnike iz izobra\u017eevalne in raziskovalne sfere. \u0160tudenti, u\u010denci, pedagogi, raziskovalci in drugi lahko uporabljajo vsako brez\u017ei\u010dno omre\u017eje eduroam, v Sloveniji ali tujini. Za uporabo je potrebno le odpreti prenosnik in to ne glede na to kje: na doma\u010di ustanovi ali na primer na Univerzi v Edinburgu.<\/p>\n<p>Storitev Eduroam omogo\u010da u\u010dencem in zaposlenim varen in preprost dostop do za\u0161\u010ditenega brez\u017ei\u010dnega (WLAN) omre\u017eja na na\u0161i \u0161oli in gostovanje v omre\u017ejih drugih institucij (fakultete, knji\u017enice, srednje \u0161ole), vklju\u010denih v sistem <a href=\"http:\/\/www.eduroam.si\" target=\"_blank\" rel=\"noopener noreferrer\">Eduroam<\/a> v Sloveniji in <a href=\"http:\/\/www.eduroam.org\" target=\"_blank\" rel=\"noopener noreferrer\">tujini<\/a>. Omre\u017eje je zasnovano tako, da lahko zaposleni ali u\u010denci dostopajo transparentno in brezpla\u010dno v katerikoli zgoraj navedeni ustanovi (doma in v tujini) z istim uporabni\u0161kim imenom in geslom kot v \u201cdoma\u010dem\u201d omre\u017eju Eduroam. Pri tem je tako sami ustanovi kot gostujo\u010dem uporabniku zagotovljena kar najve\u010dja varnost, saj je onemogo\u010deno prislu\u0161kovanje in la\u017eno predstavljanje.<\/p>\n<p>Uporabni\u0161ki ra\u010dun za dostop do varnega omre\u017eja eduroam upravi\u010dencu dodeli njegova mati\u010dna organizacija. Za povezavo potrebujete mobilno napravo in ustrezno programsko opremo, ki morata biti za vzpostavitev povezave ustrezno nastavljeni. Re\u0161evanje zapletov pri povezljivosti in ostalo tehni\u010dno pomo\u010d uporabnikom nudijo njihove mati\u010dne organizacije.<\/p>\n<p>V primeru dodatnih informacij ali te\u017eav se obrnete na g. <a href=\"mailto:aljosa.marko@oslivade.si\" target=\"_blank\" rel=\"noopener noreferrer\">Aljo\u0161a Marko.<\/a><\/p>\n<p>&nbsp;<\/p>\n","protected":false},"excerpt":{"rendered":"<p>Osnovna \u0161ola Livade nudi zaposlenim in u\u010dencem mo\u017enost brezpla\u010dnega dostopa do brez\u017ei\u010dnega ra\u010dunalni\u0161kega omre\u017eja EDUROAM. Ta je del \u0161olskega omre\u017eja,&nbsp;<a href=\"https:\/\/www.oslivade.si\/?page_id=5767\">&hellip;<\/a><\/p>\n","protected":false},"author":1,"featured_media":0,"parent":0,"menu_order":0,"comment_status":"closed","ping_status":"closed","template":"","meta":{"ngg_post_thumbnail":0,"footnotes":""},"class_list":["post-5767","page","type-page","status-publish","hentry","odd"],"_links":{"self":[{"href":"https:\/\/www.oslivade.si\/index.php?rest_route=\/wp\/v2\/pages\/5767"}],"collection":[{"href":"https:\/\/www.oslivade.si\/index.php?rest_route=\/wp\/v2\/pages"}],"about":[{"href":"https:\/\/www.oslivade.si\/index.php?rest_route=\/wp\/v2\/types\/page"}],"author":[{"embeddable":true,"href":"https:\/\/www.oslivade.si\/index.php?rest_route=\/wp\/v2\/users\/1"}],"replies":[{"embeddable":true,"href":"https:\/\/www.oslivade.si\/index.php?rest_route=%2Fwp%2Fv2%2Fcomments&post=5767"}],"version-history":[{"count":1,"href":"https:\/\/www.oslivade.si\/index.php?rest_route=\/wp\/v2\/pages\/5767\/revisions"}],"predecessor-version":[{"id":5768,"href":"https:\/\/www.oslivade.si\/index.php?rest_route=\/wp\/v2\/pages\/5767\/revisions\/5768"}],"wp:attachment":[{"href":"https:\/\/www.oslivade.si\/index.php?rest_route=%2Fwp%2Fv2%2Fmedia&parent=5767"}],"curies":[{"name":"wp","href":"https:\/\/api.w.org\/{rel}","templated":true}]}}