{"id":68,"date":"2018-10-16T12:15:43","date_gmt":"2018-10-16T12:15:43","guid":{"rendered":"http:\/\/91.220.156.17\/?page_id=68"},"modified":"2019-09-19T14:34:48","modified_gmt":"2019-09-19T12:34:48","slug":"roditeljski-sestanki","status":"publish","type":"page","link":"https:\/\/www.oslivade.si\/?page_id=68","title":{"rendered":"RODITELJSKI SESTANKI"},"content":{"rendered":"<p>[vc_row][vc_column][vc_column_text]<\/p>\n<table id=\"table1\">\n<tbody>\n<tr>\n<th width=\"33%\">Mesec<\/th>\n<th width=\"33%\">Razred<\/th>\n<th width=\"33%\">termin<\/th>\n<\/tr>\n<tr>\n<td>AVGUST<\/td>\n<td>1.<\/td>\n<td>&nbsp;<\/td>\n<\/tr>\n<tr>\n<td>SEPTEMBER<\/td>\n<td>2. &#8211; 9.<\/td>\n<td>po dogovoru<\/td>\n<\/tr>\n<tr>\n<td>OKTOBER<\/td>\n<td>1. &#8211; 3.<\/td>\n<td>po dogovoru<\/td>\n<\/tr>\n<tr>\n<td>NOVEMBER<\/td>\n<td>2.<\/td>\n<td>po dogovoru<\/td>\n<\/tr>\n<tr>\n<td>DECEMBER<\/td>\n<td>\/<\/td>\n<td>\/<\/td>\n<\/tr>\n<tr>\n<td>JANUAR<\/td>\n<td>\/<\/td>\n<td>\/<\/td>\n<\/tr>\n<tr>\n<td>FEBRUAR<\/td>\n<td>1. &#8211; 9.<\/td>\n<td>predavanje za star\u0161e<\/td>\n<\/tr>\n<tr>\n<td>MAREC<\/td>\n<td>\/<\/td>\n<td>\/<\/td>\n<\/tr>\n<tr>\n<td>APRIL<\/td>\n<td>\/<\/td>\n<td>\/<\/td>\n<\/tr>\n<tr>\n<td>MAJ<\/td>\n<td>1.<\/td>\n<td>po dogovoru<\/td>\n<\/tr>\n<tr>\n<td>JUNIJ<\/td>\n<td>1. &#8211; 9.<\/td>\n<td>po dogovoru<\/td>\n<\/tr>\n<\/tbody>\n<\/table>\n<p>V vsakem razredu bomo organizirali najmanj 3 redne roditeljske sestanke in glede na vsebino letnega programa oddelka in na drugo teko\u010do problematiko \u0161e dodatne izredne roditeljske sestanke.&nbsp;<\/p>\n<p>Izredni roditeljski sestanki bodo organizirani po dogovoru z razredniki in ravnateljico na posebne teme in vsebine, dolo\u010dene z Letnim delovnim na\u010drtom (npr. \u0161ola v naravi, posebnosti 9-letke, plavalni te\u010daj, letovanje \u2026)[\/vc_column_text][\/vc_column][\/vc_row]<\/p>\n","protected":false},"excerpt":{"rendered":"<p>[vc_row][vc_column][vc_column_text] Mesec Razred termin AVGUST 1. &nbsp; SEPTEMBER 2. &#8211; 9. po dogovoru OKTOBER 1. &#8211; 3. po dogovoru NOVEMBER&nbsp;<a href=\"https:\/\/www.oslivade.si\/?page_id=68\">&hellip;<\/a><\/p>\n","protected":false},"author":1,"featured_media":0,"parent":64,"menu_order":0,"comment_status":"closed","ping_status":"closed","template":"","meta":{"ngg_post_thumbnail":0,"footnotes":""},"class_list":["post-68","page","type-page","status-publish","hentry","odd"],"_links":{"self":[{"href":"https:\/\/www.oslivade.si\/index.php?rest_route=\/wp\/v2\/pages\/68"}],"collection":[{"href":"https:\/\/www.oslivade.si\/index.php?rest_route=\/wp\/v2\/pages"}],"about":[{"href":"https:\/\/www.oslivade.si\/index.php?rest_route=\/wp\/v2\/types\/page"}],"author":[{"embeddable":true,"href":"https:\/\/www.oslivade.si\/index.php?rest_route=\/wp\/v2\/users\/1"}],"replies":[{"embeddable":true,"href":"https:\/\/www.oslivade.si\/index.php?rest_route=%2Fwp%2Fv2%2Fcomments&post=68"}],"version-history":[{"count":6,"href":"https:\/\/www.oslivade.si\/index.php?rest_route=\/wp\/v2\/pages\/68\/revisions"}],"predecessor-version":[{"id":5654,"href":"https:\/\/www.oslivade.si\/index.php?rest_route=\/wp\/v2\/pages\/68\/revisions\/5654"}],"up":[{"embeddable":true,"href":"https:\/\/www.oslivade.si\/index.php?rest_route=\/wp\/v2\/pages\/64"}],"wp:attachment":[{"href":"https:\/\/www.oslivade.si\/index.php?rest_route=%2Fwp%2Fv2%2Fmedia&parent=68"}],"curies":[{"name":"wp","href":"https:\/\/api.w.org\/{rel}","templated":true}]}}