{"id":70,"date":"2018-10-16T12:16:00","date_gmt":"2018-10-16T12:16:00","guid":{"rendered":"http:\/\/91.220.156.17\/?page_id=70"},"modified":"2024-09-11T08:26:16","modified_gmt":"2024-09-11T07:26:16","slug":"podaljsano-bivanje","status":"publish","type":"page","link":"https:\/\/www.oslivade.si\/?page_id=70","title":{"rendered":"JUTRANJE VARSTVO \/ PODALJ\u0160ANO BIVANJE"},"content":{"rendered":"<p>[vc_row][vc_column][vc_column_text]<strong>JUTRANJ\u010cEK &#8211; Jutranje varstvo<\/strong><\/p>\n<p>Jutranj\u010dek za u\u010dence 1. razreda 9-letke bo organizirano od 6.15 do 8.15 (za\u010detek pouka). Stro\u0161ke varstva prvo\u0161olcev financira MVI, za vse ostale pa star\u0161i.[\/vc_column_text][vc_column_text]<\/p>\n<table id=\"table1\">\n<tbody>\n<tr>\n<th width=\"50%\">U\u010ditelji<\/th>\n<th width=\"25%\">Razred<\/th>\n<th width=\"25%\">U\u010dilnica<\/th>\n<\/tr>\n<tr>\n<td>\u0160imonovi\u0107, Bonaca, \u0160i\u0161ko, \u017digante, Gabrijel<\/td>\n<td>1. &#8211; 4. razred<\/td>\n<td>22-23<\/td>\n<\/tr>\n<\/tbody>\n<\/table>\n<p>[\/vc_column_text][vc_column_text]<strong>RAPKO &#8211; Podalj\u0161ano bivanje<\/strong><\/p>\n<p>RAPKO (podalj\u0161ano bivanje) nudimo u\u010dencem od 1. do vklju\u010dno 5. razreda. Pri\u010dne se po 4. \u0161olski uri (ob 11.55) in traja do 16.30, s fleksibilnim \u010dasom.<\/p>\n<p>U\u010dno delo u\u010dencev, razporejenih v skupine: &nbsp;&nbsp;&nbsp;&nbsp;&nbsp;&nbsp;&nbsp;&nbsp;&nbsp;&nbsp;&nbsp;&nbsp;&nbsp;&nbsp;&nbsp;&nbsp;&nbsp;&nbsp;&nbsp;&nbsp;&nbsp;&nbsp;&nbsp;&nbsp;&nbsp; od 11.55\/12.45 do 14. 45.<br \/>\nZdru\u017eevanje u\u010dencev zaradi odhoda domov:&nbsp; &nbsp; &nbsp; &nbsp; &nbsp; &nbsp; &nbsp; &nbsp; &nbsp; &nbsp; &nbsp; &nbsp; &nbsp; od 14.45 do 16.30 ure.[\/vc_column_text][vc_column_text]<\/p>\n<table id=\"table1\">\n<tbody>\n<tr>\n<th style=\"text-align: left;\" width=\"20%\">Ime in priimek u\u010ditelja<\/th>\n<th style=\"text-align: center;\" width=\"20%\">Oddelki<\/th>\n<th style=\"text-align: center;\" width=\"20%\">Razredi<\/th>\n<\/tr>\n<tr>\n<td>Marija \u017duni\u0107 Negro<\/td>\n<td style=\"text-align: center;\">1. oddelek<\/td>\n<td style=\"text-align: center;\">1. a<\/td>\n<\/tr>\n<tr>\n<td>Sne\u017eana Lazi\u0107<\/td>\n<td style=\"text-align: center;\">2. oddelek<\/td>\n<td style=\"text-align: center;\">1. b<\/td>\n<\/tr>\n<tr>\n<td>Maja Ceglar<\/td>\n<td style=\"text-align: center;\">3. oddelek<\/td>\n<td style=\"text-align: center;\">2. a<\/td>\n<\/tr>\n<tr>\n<td>Vesna Demirovi\u0107<\/td>\n<td style=\"text-align: center;\">4. oddelek<\/td>\n<td style=\"text-align: center;\">2. b<\/td>\n<\/tr>\n<tr>\n<td>Ivana Mitrovi\u0107<\/td>\n<td style=\"text-align: center;\">5. oddelek<\/td>\n<td style=\"text-align: center;\">3. a<\/td>\n<\/tr>\n<tr>\n<td>Mirjam Glavina<\/td>\n<td style=\"text-align: center;\">6. oddelek<\/td>\n<td style=\"text-align: center;\">3. b<\/td>\n<\/tr>\n<tr>\n<td>Suzana Pu\u0161nik<br \/>\nAna \u0160krbina<\/td>\n<td style=\"text-align: center;\">7. oddelek<\/td>\n<td style=\"text-align: center;\">4. a<\/td>\n<\/tr>\n<tr>\n<td>Ana Peklaj<\/td>\n<td style=\"text-align: center;\">8. oddelek<\/td>\n<td style=\"text-align: center;\">4. b<\/td>\n<\/tr>\n<tr>\n<td>Maja \u017dupani\u0107<br \/>\nVesna Baji\u0107 Stojiljkovi\u0107<\/td>\n<td style=\"text-align: center;\">9. oddelek<\/td>\n<td style=\"text-align: center;\">5. r<\/td>\n<\/tr>\n<\/tbody>\n<\/table>\n<p>[\/vc_column_text][\/vc_column][\/vc_row]<\/p>\n","protected":false},"excerpt":{"rendered":"<p>[vc_row][vc_column][vc_column_text]JUTRANJ\u010cEK &#8211; Jutranje varstvo Jutranj\u010dek za u\u010dence 1. razreda 9-letke bo organizirano od 6.15 do 8.15 (za\u010detek pouka). Stro\u0161ke varstva&nbsp;<a href=\"https:\/\/www.oslivade.si\/?page_id=70\">&hellip;<\/a><\/p>\n","protected":false},"author":1,"featured_media":0,"parent":64,"menu_order":0,"comment_status":"closed","ping_status":"closed","template":"","meta":{"ngg_post_thumbnail":0,"footnotes":""},"class_list":["post-70","page","type-page","status-publish","hentry","odd"],"_links":{"self":[{"href":"https:\/\/www.oslivade.si\/index.php?rest_route=\/wp\/v2\/pages\/70"}],"collection":[{"href":"https:\/\/www.oslivade.si\/index.php?rest_route=\/wp\/v2\/pages"}],"about":[{"href":"https:\/\/www.oslivade.si\/index.php?rest_route=\/wp\/v2\/types\/page"}],"author":[{"embeddable":true,"href":"https:\/\/www.oslivade.si\/index.php?rest_route=\/wp\/v2\/users\/1"}],"replies":[{"embeddable":true,"href":"https:\/\/www.oslivade.si\/index.php?rest_route=%2Fwp%2Fv2%2Fcomments&post=70"}],"version-history":[{"count":18,"href":"https:\/\/www.oslivade.si\/index.php?rest_route=\/wp\/v2\/pages\/70\/revisions"}],"predecessor-version":[{"id":16904,"href":"https:\/\/www.oslivade.si\/index.php?rest_route=\/wp\/v2\/pages\/70\/revisions\/16904"}],"up":[{"embeddable":true,"href":"https:\/\/www.oslivade.si\/index.php?rest_route=\/wp\/v2\/pages\/64"}],"wp:attachment":[{"href":"https:\/\/www.oslivade.si\/index.php?rest_route=%2Fwp%2Fv2%2Fmedia&parent=70"}],"curies":[{"name":"wp","href":"https:\/\/api.w.org\/{rel}","templated":true}]}}